{"id":71481,"date":"2023-03-14T12:12:23","date_gmt":"2023-03-14T11:12:23","guid":{"rendered":"https:\/\/www.tendenzeshabbychic.it\/prodotto\/bouquet-7-roses-ivoires-edg-h-55-cm\/"},"modified":"2024-02-14T01:22:56","modified_gmt":"2024-02-14T00:22:56","slug":"bouquet-7-roses-ivoires-edg-h-55-cm","status":"publish","type":"product","link":"https:\/\/www.tendenzeshabbychic.it\/fr\/produit\/bouquet-7-roses-ivoires-edg-h-55-cm\/","title":{"rendered":"Bouquet de 7 roses ivoire EDG H 55 cm"},"content":{"rendered":"<p>Bouquet compos\u00e9 de 7 roses artificielles de couleur ivoire avec feuilles, un produit de haute qualit\u00e9 et de grand r\u00e9alisme. Le noyau m\u00e9tallique permet de placer les fleurs dans la position souhait\u00e9e.<\/p>\n","protected":false},"excerpt":{"rendered":"<p>Bouquet compos\u00e9 de 7 roses artificielles de couleur ivoire avec feuilles, un produit de haute qualit\u00e9 et de grand r\u00e9alisme. Le noyau m\u00e9tallique permet de placer les fleurs dans la position souhait\u00e9e.<\/p>\n","protected":false},"featured_media":71220,"comment_status":"open","ping_status":"closed","template":"","meta":{"_joinchat":[]},"pwb-brand":[1564],"product_brand":[],"product_cat":[2772],"product_tag":[3285],"class_list":{"0":"post-71481","1":"product","2":"type-product","3":"status-publish","4":"has-post-thumbnail","6":"pwb-brand-edg-fr","7":"product_cat-fleurs-en-pot","8":"product_tag-ventes","9":"pa_colore-ivoire","11":"first","12":"instock","13":"sale","14":"taxable","15":"shipping-taxable","16":"purchasable","17":"product-type-simple"},"brands":[{"id":1564,"name":"EDG \u2013 Enzo De Gasperi","slug":"edg-fr"}],"_links":{"self":[{"href":"https:\/\/www.tendenzeshabbychic.it\/fr\/wp-json\/wp\/v2\/product\/71481","targetHints":{"allow":["GET"]}}],"collection":[{"href":"https:\/\/www.tendenzeshabbychic.it\/fr\/wp-json\/wp\/v2\/product"}],"about":[{"href":"https:\/\/www.tendenzeshabbychic.it\/fr\/wp-json\/wp\/v2\/types\/product"}],"replies":[{"embeddable":true,"href":"https:\/\/www.tendenzeshabbychic.it\/fr\/wp-json\/wp\/v2\/comments?post=71481"}],"wp:featuredmedia":[{"embeddable":true,"href":"https:\/\/www.tendenzeshabbychic.it\/fr\/wp-json\/wp\/v2\/media\/71220"}],"wp:attachment":[{"href":"https:\/\/www.tendenzeshabbychic.it\/fr\/wp-json\/wp\/v2\/media?parent=71481"}],"wp:term":[{"taxonomy":"pwb-brand","embeddable":true,"href":"https:\/\/www.tendenzeshabbychic.it\/fr\/wp-json\/wp\/v2\/pwb-brand?post=71481"},{"taxonomy":"product_brand","embeddable":true,"href":"https:\/\/www.tendenzeshabbychic.it\/fr\/wp-json\/wp\/v2\/product_brand?post=71481"},{"taxonomy":"product_cat","embeddable":true,"href":"https:\/\/www.tendenzeshabbychic.it\/fr\/wp-json\/wp\/v2\/product_cat?post=71481"},{"taxonomy":"product_tag","embeddable":true,"href":"https:\/\/www.tendenzeshabbychic.it\/fr\/wp-json\/wp\/v2\/product_tag?post=71481"}],"curies":[{"name":"wp","href":"https:\/\/api.w.org\/{rel}","templated":true}]}}