{"id":71468,"date":"2023-03-14T12:25:25","date_gmt":"2023-03-14T11:25:25","guid":{"rendered":"https:\/\/www.tendenzeshabbychic.it\/prodotto\/plante-artificielle-ficus-lyrata-h-122-cm-edg\/"},"modified":"2023-04-15T18:13:23","modified_gmt":"2023-04-15T16:13:23","slug":"plante-artificielle-ficus-lyrata-h-122-cm-edg","status":"publish","type":"product","link":"https:\/\/www.tendenzeshabbychic.it\/fr\/produit\/plante-artificielle-ficus-lyrata-h-122-cm-edg\/","title":{"rendered":"Plante artificielle Ficus Lyrata H 122 cm EDG"},"content":{"rendered":"<p>Plante artificielle en pot Ficus Lyrata, d&rsquo;une hauteur de 122 cm et compos\u00e9e de 96 feuilles, une plante d&rsquo;int\u00e9rieur populaire en raison de sa taille g\u00e9n\u00e9reuse et de ses tr\u00e8s grandes feuilles aux nervures prononc\u00e9es, en forme de violon et poussant \u00e0 la verticale. Taille du pot: H 11,5 x Diam\u00e8tre 12 cm.<\/p>\n","protected":false},"excerpt":{"rendered":"<p>Plante artificielle en pot Ficus Lyrata, d&rsquo;une hauteur de 122 cm et compos\u00e9e de 96 feuilles, une plante d&rsquo;int\u00e9rieur populaire en raison de sa taille g\u00e9n\u00e9reuse et de ses tr\u00e8s grandes feuilles aux nervures prononc\u00e9es, en forme de violon et poussant \u00e0 la verticale. Taille du pot: H 11,5 x Diam\u00e8tre 12 cm.<\/p>\n<p><em>Toutes les fleurs et plantes d&rsquo;Enzo de Gasperi sont des produits hyperr\u00e9alistes. Gr\u00e2ce \u00e0 la haute qualit\u00e9, vous aurez du mal \u00e0 distinguer une vraie fleur d&rsquo;une fleur artificielle fabriqu\u00e9e par EDG.<\/em><\/p>\n","protected":false},"featured_media":71229,"comment_status":"open","ping_status":"closed","template":"","meta":{"_joinchat":[]},"pwb-brand":[1564],"product_brand":[],"product_cat":[2776],"product_tag":[],"class_list":{"0":"post-71468","1":"product","2":"type-product","3":"status-publish","4":"has-post-thumbnail","6":"pwb-brand-edg-fr","7":"product_cat-plantes-artificielles","8":"pa_colore-vert","10":"first","11":"outofstock","12":"taxable","13":"shipping-taxable","14":"purchasable","15":"product-type-simple"},"brands":[{"id":1564,"name":"EDG \u2013 Enzo De Gasperi","slug":"edg-fr"}],"_links":{"self":[{"href":"https:\/\/www.tendenzeshabbychic.it\/fr\/wp-json\/wp\/v2\/product\/71468","targetHints":{"allow":["GET"]}}],"collection":[{"href":"https:\/\/www.tendenzeshabbychic.it\/fr\/wp-json\/wp\/v2\/product"}],"about":[{"href":"https:\/\/www.tendenzeshabbychic.it\/fr\/wp-json\/wp\/v2\/types\/product"}],"replies":[{"embeddable":true,"href":"https:\/\/www.tendenzeshabbychic.it\/fr\/wp-json\/wp\/v2\/comments?post=71468"}],"wp:featuredmedia":[{"embeddable":true,"href":"https:\/\/www.tendenzeshabbychic.it\/fr\/wp-json\/wp\/v2\/media\/71229"}],"wp:attachment":[{"href":"https:\/\/www.tendenzeshabbychic.it\/fr\/wp-json\/wp\/v2\/media?parent=71468"}],"wp:term":[{"taxonomy":"pwb-brand","embeddable":true,"href":"https:\/\/www.tendenzeshabbychic.it\/fr\/wp-json\/wp\/v2\/pwb-brand?post=71468"},{"taxonomy":"product_brand","embeddable":true,"href":"https:\/\/www.tendenzeshabbychic.it\/fr\/wp-json\/wp\/v2\/product_brand?post=71468"},{"taxonomy":"product_cat","embeddable":true,"href":"https:\/\/www.tendenzeshabbychic.it\/fr\/wp-json\/wp\/v2\/product_cat?post=71468"},{"taxonomy":"product_tag","embeddable":true,"href":"https:\/\/www.tendenzeshabbychic.it\/fr\/wp-json\/wp\/v2\/product_tag?post=71468"}],"curies":[{"name":"wp","href":"https:\/\/api.w.org\/{rel}","templated":true}]}}