{"id":71423,"date":"2023-03-21T16:12:51","date_gmt":"2023-03-21T15:12:51","guid":{"rendered":"https:\/\/www.tendenzeshabbychic.it\/prodotto\/shopper-rigide-toile-de-jouy-blanc-mariclo-2\/"},"modified":"2025-08-13T13:01:10","modified_gmt":"2025-08-13T12:01:10","slug":"shopper-rigide-toile-de-jouy-blanc-mariclo-2","status":"publish","type":"product","link":"https:\/\/www.tendenzeshabbychic.it\/fr\/produit\/shopper-rigide-toile-de-jouy-blanc-mariclo-2\/","title":{"rendered":"Shopper rigide Toile de Jouy Blanc MariCl\u00f2"},"content":{"rendered":"","protected":false},"excerpt":{"rendered":"<p><strong>DIMENSIONS:<\/strong> L 37 x P 12 x H 41 cm<\/p>\n<p>Panier en papier rigide avec poign\u00e9e en tissu \u00e0 motif Toile de Jouy de Blanc MariCl\u00f2.<\/p>\n","protected":false},"featured_media":71401,"comment_status":"open","ping_status":"closed","template":"","meta":{"_joinchat":[]},"pwb-brand":[1561],"product_brand":[],"product_cat":[1505],"product_tag":[1296,2798,3285],"class_list":{"0":"post-71423","1":"product","2":"type-product","3":"status-publish","4":"has-post-thumbnail","6":"pwb-brand-blanc-mariclo-fr","7":"product_cat-objets","8":"product_tag-idee-de-cadeau","9":"product_tag-noad-fr","10":"product_tag-ventes","12":"first","13":"outofstock","14":"sale","15":"featured","16":"taxable","17":"shipping-taxable","18":"purchasable","19":"product-type-simple"},"brands":[{"id":1561,"name":"Blanc Mariclo","slug":"blanc-mariclo-fr"}],"_links":{"self":[{"href":"https:\/\/www.tendenzeshabbychic.it\/fr\/wp-json\/wp\/v2\/product\/71423","targetHints":{"allow":["GET"]}}],"collection":[{"href":"https:\/\/www.tendenzeshabbychic.it\/fr\/wp-json\/wp\/v2\/product"}],"about":[{"href":"https:\/\/www.tendenzeshabbychic.it\/fr\/wp-json\/wp\/v2\/types\/product"}],"replies":[{"embeddable":true,"href":"https:\/\/www.tendenzeshabbychic.it\/fr\/wp-json\/wp\/v2\/comments?post=71423"}],"wp:featuredmedia":[{"embeddable":true,"href":"https:\/\/www.tendenzeshabbychic.it\/fr\/wp-json\/wp\/v2\/media\/71401"}],"wp:attachment":[{"href":"https:\/\/www.tendenzeshabbychic.it\/fr\/wp-json\/wp\/v2\/media?parent=71423"}],"wp:term":[{"taxonomy":"pwb-brand","embeddable":true,"href":"https:\/\/www.tendenzeshabbychic.it\/fr\/wp-json\/wp\/v2\/pwb-brand?post=71423"},{"taxonomy":"product_brand","embeddable":true,"href":"https:\/\/www.tendenzeshabbychic.it\/fr\/wp-json\/wp\/v2\/product_brand?post=71423"},{"taxonomy":"product_cat","embeddable":true,"href":"https:\/\/www.tendenzeshabbychic.it\/fr\/wp-json\/wp\/v2\/product_cat?post=71423"},{"taxonomy":"product_tag","embeddable":true,"href":"https:\/\/www.tendenzeshabbychic.it\/fr\/wp-json\/wp\/v2\/product_tag?post=71423"}],"curies":[{"name":"wp","href":"https:\/\/api.w.org\/{rel}","templated":true}]}}