{"id":242117,"date":"2026-05-07T14:48:40","date_gmt":"2026-05-07T12:48:40","guid":{"rendered":"https:\/\/www.tendenzeshabbychic.it\/prodotto\/latelier-17-drap-une-piece-et-demie-en-forme-de-coeur-de-magnolia-rose\/"},"modified":"2026-05-07T14:48:40","modified_gmt":"2026-05-07T12:48:40","slug":"latelier-17-drap-une-piece-et-demie-en-forme-de-coeur-de-magnolia-rose","status":"publish","type":"product","link":"https:\/\/www.tendenzeshabbychic.it\/fr\/produit\/latelier-17-drap-une-piece-et-demie-en-forme-de-coeur-de-magnolia-rose\/","title":{"rendered":"L&rsquo;Atelier 17 Drap une pi\u00e8ce et demie en forme de c\u0153ur de magnolia rose"},"content":{"rendered":"<p>R\u00e9alis\u00e9e en doux 100% coton, cette parure de lit de L&rsquo;Atelier 17 allie confort et style dans une proposition \u00e9l\u00e9gante et intemporelle. Le fond rose poudr\u00e9 est agr\u00e9ment\u00e9 de petits bouquets floraux harmonieusement r\u00e9partis sur les taies d&rsquo;oreiller et la bande de drap sup\u00e9rieure, cr\u00e9ant un effet d\u00e9licat et raffin\u00e9. <\/p>\n<p>Le motif floral rappelle le style Shabby Chic le plus authentique, parfait pour les chambres \u00e0 coucher romantiques, f\u00e9minines et d\u00e9taill\u00e9es. Les teintes douces et claires se combinent facilement avec des meubles en bois clair, des accessoires vintage ou des textiles naturels, cr\u00e9ant ainsi une atmosph\u00e8re relaxante et sophistiqu\u00e9e. <\/p>\n<p>Les deux taies d&rsquo;oreiller assorties compl\u00e8tent l&rsquo;ensemble avec une continuit\u00e9 esth\u00e9tique, tandis que le drap-housse situ\u00e9 en dessous garantit un aspect pratique et un ajustement optimal.<\/p>\n<ul>\n<li>100% coton doux et respirant<\/li>\n<li>\u00c9l\u00e9gant motif Magnolia dans des tons d\u00e9licats<\/li>\n<li>Bandeau d\u00e9coratif floral coordonn\u00e9<\/li>\n<li>Romantique et lumineux style Shabby Chic<\/li>\n<li>L&rsquo;\u00e9quipement id\u00e9al pour les pi\u00e8ces raffin\u00e9es et accueillantes<\/li>\n<\/ul>\n","protected":false},"excerpt":{"rendered":"<p>Ensemble de lit une place et demie en 100 % coton avec un d\u00e9licat motif floral dans les tons de rose poudr\u00e9 et des d\u00e9tails floraux assortis. Un ensemble raffin\u00e9 et charmant, parfait pour cr\u00e9er une atmosph\u00e8re romantique et lumineuse dans la chambre \u00e0 coucher. La bande florale d\u00e9corative apporte une \u00e9l\u00e9gante touche Shabby Chic, id\u00e9ale pour les ambiances classiques et proven\u00e7ales.  <\/p>\n<p>\ud83d\udccf Drap de dessus : 190&#215;300 cm<br \/>\n\ud83d\udccf Drap de dessous : 130&#215;200+30 cm<br \/>\n\ud83d\udccf 2 Taies d&rsquo;oreiller : 52&#215;82 cm<\/p>\n","protected":false},"featured_media":242108,"comment_status":"open","ping_status":"closed","template":"","meta":{"_joinchat":[]},"pwb-brand":[1560],"product_brand":[],"product_cat":[1480,1477,1475],"product_tag":[],"class_list":{"0":"post-242117","1":"product","2":"type-product","3":"status-publish","4":"has-post-thumbnail","6":"pwb-brand-atelier-17-fr","7":"product_cat-un-drap-et-demi","8":"product_cat-feuilles","9":"product_cat-le-lit","10":"pa_colore-rose","12":"first","13":"instock","14":"taxable","15":"shipping-taxable","16":"purchasable","17":"product-type-simple"},"brands":[{"id":1560,"name":"L\u2019Atelier 17","slug":"atelier-17-fr"}],"_links":{"self":[{"href":"https:\/\/www.tendenzeshabbychic.it\/fr\/wp-json\/wp\/v2\/product\/242117","targetHints":{"allow":["GET"]}}],"collection":[{"href":"https:\/\/www.tendenzeshabbychic.it\/fr\/wp-json\/wp\/v2\/product"}],"about":[{"href":"https:\/\/www.tendenzeshabbychic.it\/fr\/wp-json\/wp\/v2\/types\/product"}],"replies":[{"embeddable":true,"href":"https:\/\/www.tendenzeshabbychic.it\/fr\/wp-json\/wp\/v2\/comments?post=242117"}],"wp:featuredmedia":[{"embeddable":true,"href":"https:\/\/www.tendenzeshabbychic.it\/fr\/wp-json\/wp\/v2\/media\/242108"}],"wp:attachment":[{"href":"https:\/\/www.tendenzeshabbychic.it\/fr\/wp-json\/wp\/v2\/media?parent=242117"}],"wp:term":[{"taxonomy":"pwb-brand","embeddable":true,"href":"https:\/\/www.tendenzeshabbychic.it\/fr\/wp-json\/wp\/v2\/pwb-brand?post=242117"},{"taxonomy":"product_brand","embeddable":true,"href":"https:\/\/www.tendenzeshabbychic.it\/fr\/wp-json\/wp\/v2\/product_brand?post=242117"},{"taxonomy":"product_cat","embeddable":true,"href":"https:\/\/www.tendenzeshabbychic.it\/fr\/wp-json\/wp\/v2\/product_cat?post=242117"},{"taxonomy":"product_tag","embeddable":true,"href":"https:\/\/www.tendenzeshabbychic.it\/fr\/wp-json\/wp\/v2\/product_tag?post=242117"}],"curies":[{"name":"wp","href":"https:\/\/api.w.org\/{rel}","templated":true}]}}