{"id":240050,"date":"2026-03-30T18:03:55","date_gmt":"2026-03-30T16:03:55","guid":{"rendered":"https:\/\/www.tendenzeshabbychic.it\/prodotto\/fiori-di-lena-chandelier-a-3-flammes-avec-2-pivoines-blanches-et-decoration-florale-65-cm\/"},"modified":"2026-03-30T18:03:55","modified_gmt":"2026-03-30T16:03:55","slug":"fiori-di-lena-chandelier-a-3-flammes-avec-2-pivoines-blanches-et-decoration-florale-65-cm","status":"publish","type":"product","link":"https:\/\/www.tendenzeshabbychic.it\/fr\/produit\/fiori-di-lena-chandelier-a-3-flammes-avec-2-pivoines-blanches-et-decoration-florale-65-cm\/","title":{"rendered":"Fiori di Lena Chandelier \u00e0 3 flammes avec 2 pivoines blanches et d\u00e9coration florale 65 cm"},"content":{"rendered":"<p>\u00c9lanc\u00e9 comme un petit totem de lumi\u00e8re, ce bougeoir \u00e0 3 flammes Fiori di Lena (L 30 x P 18 x H 65 cm) apporte \u00e0 la maison une \u00e9l\u00e9gance tranquille faite de blanc, de tons cr\u00e9meux et de verts d\u00e9licats. La composition, parfum\u00e9e et fabriqu\u00e9e \u00e0 la main en Italie, embrasse la structure avec deux pivoines blanches au c\u0153ur tendre, entour\u00e9es de fleurs l\u00e9g\u00e8res et de minuscules bourgeons qui rappellent un jardin qui vient de s&rsquo;\u00e9veiller. Le n\u0153ud vert sauge ajoute un accent raffin\u00e9 et naturel, parfait dans le style Shabby Chic.  <\/p>\n<p>Elle est id\u00e9ale pour donner de la hauteur et de la po\u00e9sie \u00e0 une table importante, \u00e0 une console d&rsquo;entr\u00e9e ou \u00e0 la chemin\u00e9e : il suffit d&rsquo;allumer trois bougies ivoires pour cr\u00e9er une atmosph\u00e8re chaleureuse et romantique, pr\u00eate \u00e0 accueillir.<\/p>\n<p>Pour un \u00e9v\u00e9nement sp\u00e9cial &#8211; mariage, communion ou anniversaire &#8211; utilisez-le comme point de lumi\u00e8re sur la table des confettis ou la table des sucreries, en l&rsquo;associant \u00e0 du lin naturel, du verre transparent, des d\u00e9tails de sauge et de petites touches d&rsquo;or : l&rsquo;ensemble sera lumineux, harmonieux, inoubliable.<\/p>\n","protected":false},"excerpt":{"rendered":"<p>Bougeoir \u00e0 3 flammes L30 x L18 x H65 cm, avec deux pivoines blanches et des fleurs blanches sur fond de verdure. Parfum\u00e9 et fabriqu\u00e9 \u00e0 la main en Italie par Fiori di Lena : une \u00e9l\u00e9gante touche Shabby Chic, parfaite pour les tables et les consoles. <\/p>\n","protected":false},"featured_media":240030,"comment_status":"open","ping_status":"closed","template":"","meta":{"_joinchat":[]},"pwb-brand":[3263],"product_brand":[],"product_cat":[2950,1459,1467],"product_tag":[353,788],"class_list":{"0":"post-240050","1":"product","2":"type-product","3":"status-publish","4":"has-post-thumbnail","6":"pwb-brand-fiori-di-lena","7":"product_cat-candelabre","8":"product_cat-chandeliers-et-bougeoirs","9":"product_cat-fleurs-et-plantes-artificielles","10":"product_tag-fatto-a-mano","11":"product_tag-made-in-italy","13":"first","14":"instock","15":"taxable","16":"shipping-taxable","17":"purchasable","18":"product-type-simple"},"brands":[{"id":3264,"name":"Fiori di Lena","slug":"fiori-di-lena-fr"}],"_links":{"self":[{"href":"https:\/\/www.tendenzeshabbychic.it\/fr\/wp-json\/wp\/v2\/product\/240050","targetHints":{"allow":["GET"]}}],"collection":[{"href":"https:\/\/www.tendenzeshabbychic.it\/fr\/wp-json\/wp\/v2\/product"}],"about":[{"href":"https:\/\/www.tendenzeshabbychic.it\/fr\/wp-json\/wp\/v2\/types\/product"}],"replies":[{"embeddable":true,"href":"https:\/\/www.tendenzeshabbychic.it\/fr\/wp-json\/wp\/v2\/comments?post=240050"}],"wp:featuredmedia":[{"embeddable":true,"href":"https:\/\/www.tendenzeshabbychic.it\/fr\/wp-json\/wp\/v2\/media\/240030"}],"wp:attachment":[{"href":"https:\/\/www.tendenzeshabbychic.it\/fr\/wp-json\/wp\/v2\/media?parent=240050"}],"wp:term":[{"taxonomy":"pwb-brand","embeddable":true,"href":"https:\/\/www.tendenzeshabbychic.it\/fr\/wp-json\/wp\/v2\/pwb-brand?post=240050"},{"taxonomy":"product_brand","embeddable":true,"href":"https:\/\/www.tendenzeshabbychic.it\/fr\/wp-json\/wp\/v2\/product_brand?post=240050"},{"taxonomy":"product_cat","embeddable":true,"href":"https:\/\/www.tendenzeshabbychic.it\/fr\/wp-json\/wp\/v2\/product_cat?post=240050"},{"taxonomy":"product_tag","embeddable":true,"href":"https:\/\/www.tendenzeshabbychic.it\/fr\/wp-json\/wp\/v2\/product_tag?post=240050"}],"curies":[{"name":"wp","href":"https:\/\/api.w.org\/{rel}","templated":true}]}}