{"id":240014,"date":"2026-03-30T17:47:13","date_gmt":"2026-03-30T15:47:13","guid":{"rendered":"https:\/\/www.tendenzeshabbychic.it\/prodotto\/fiori-di-lena-candelabre-a-4-flammes-avec-decoration-florale-rose-et-mauve-50-cm\/"},"modified":"2026-04-03T14:12:46","modified_gmt":"2026-04-03T12:12:46","slug":"fiori-di-lena-candelabre-a-4-flammes-avec-decoration-florale-rose-et-mauve-50-cm","status":"publish","type":"product","link":"https:\/\/www.tendenzeshabbychic.it\/fr\/produit\/fiori-di-lena-candelabre-a-4-flammes-avec-decoration-florale-rose-et-mauve-50-cm\/","title":{"rendered":"Fiori di Lena cand\u00e9labre \u00e0 4 flammes avec d\u00e9coration florale rose et mauve 50 cm"},"content":{"rendered":"<p>Svelte, romantique, sc\u00e9nique : le cand\u00e9labre \u00e0 4 flammes Fiori di Lena (L 45 x P 18 x H 50 cm) a \u00e9t\u00e9 cr\u00e9\u00e9 pour devenir le centre de la table. La structure blanche s&rsquo;\u00e9l\u00e8ve l\u00e9g\u00e8rement et, \u00e0 la base des quatre flammes, s&rsquo;\u00e9panouit une composition parfum\u00e9e fabriqu\u00e9e \u00e0 la main en Italie : des roses poudr\u00e9es au charme antique, des fleurs mauves aux nuances velout\u00e9es et une minuscule brume qui donne cet effet \u00a0\u00bb nuage \u00a0\u00bb typique du Shabby Chic. <\/p>\n<p>Le n\u0153ud ivoire compl\u00e8te l&rsquo;ensemble avec une note d\u00e9licate, comme un ruban sur un cadeau pr\u00e9cieux.<\/p>\n<p>Parfait comme pi\u00e8ce ma\u00eetresse sur une table en bois, une table console ou une chemin\u00e9e, il cr\u00e9e imm\u00e9diatement une atmosph\u00e8re : il suffit d&rsquo;ajouter des bougies ivoire ou rose poudr\u00e9 pour obtenir une lueur douce et chaleureuse.<\/p>\n<p>Pour un \u00e9v\u00e9nement sp\u00e9cial &#8211; mariage romantique ou anniversaire &#8211; associez-le \u00e0 des chemins de table en lin naturel, des verres transparents, des couverts en argent et de petites cartes de table en papier ivoire : l&rsquo;ensemble sera \u00e9l\u00e9gant, chaleureux, inoubliable.<\/p>\n","protected":false},"excerpt":{"rendered":"<p>Cand\u00e9labre \u00e0 4 flammes L45 x L18 x H50 cm, avec des roses poudr\u00e9es et des fleurs mauves sur fond de brume et de vert tendre. Parfum\u00e9 et fabriqu\u00e9 \u00e0 la main en Italie par Fiori di Lena : un centre de table Shabby Chic qui illumine avec po\u00e9sie. <\/p>\n","protected":false},"featured_media":239992,"comment_status":"open","ping_status":"closed","template":"","meta":{"_joinchat":[]},"pwb-brand":[3263],"product_brand":[],"product_cat":[2950,1459,1467],"product_tag":[353,788],"class_list":{"0":"post-240014","1":"product","2":"type-product","3":"status-publish","4":"has-post-thumbnail","6":"pwb-brand-fiori-di-lena","7":"product_cat-candelabre","8":"product_cat-chandeliers-et-bougeoirs","9":"product_cat-fleurs-et-plantes-artificielles","10":"product_tag-fatto-a-mano","11":"product_tag-made-in-italy","13":"first","14":"outofstock","15":"taxable","16":"shipping-taxable","17":"purchasable","18":"product-type-simple"},"brands":[{"id":3264,"name":"Fiori di Lena","slug":"fiori-di-lena-fr"}],"_links":{"self":[{"href":"https:\/\/www.tendenzeshabbychic.it\/fr\/wp-json\/wp\/v2\/product\/240014","targetHints":{"allow":["GET"]}}],"collection":[{"href":"https:\/\/www.tendenzeshabbychic.it\/fr\/wp-json\/wp\/v2\/product"}],"about":[{"href":"https:\/\/www.tendenzeshabbychic.it\/fr\/wp-json\/wp\/v2\/types\/product"}],"replies":[{"embeddable":true,"href":"https:\/\/www.tendenzeshabbychic.it\/fr\/wp-json\/wp\/v2\/comments?post=240014"}],"wp:featuredmedia":[{"embeddable":true,"href":"https:\/\/www.tendenzeshabbychic.it\/fr\/wp-json\/wp\/v2\/media\/239992"}],"wp:attachment":[{"href":"https:\/\/www.tendenzeshabbychic.it\/fr\/wp-json\/wp\/v2\/media?parent=240014"}],"wp:term":[{"taxonomy":"pwb-brand","embeddable":true,"href":"https:\/\/www.tendenzeshabbychic.it\/fr\/wp-json\/wp\/v2\/pwb-brand?post=240014"},{"taxonomy":"product_brand","embeddable":true,"href":"https:\/\/www.tendenzeshabbychic.it\/fr\/wp-json\/wp\/v2\/product_brand?post=240014"},{"taxonomy":"product_cat","embeddable":true,"href":"https:\/\/www.tendenzeshabbychic.it\/fr\/wp-json\/wp\/v2\/product_cat?post=240014"},{"taxonomy":"product_tag","embeddable":true,"href":"https:\/\/www.tendenzeshabbychic.it\/fr\/wp-json\/wp\/v2\/product_tag?post=240014"}],"curies":[{"name":"wp","href":"https:\/\/api.w.org\/{rel}","templated":true}]}}