{"id":231908,"date":"2026-02-24T15:32:37","date_gmt":"2026-02-24T14:32:37","guid":{"rendered":"https:\/\/www.tendenzeshabbychic.it\/prodotto\/nuvole-di-stoffa-panier-en-osier-avec-poignee\/"},"modified":"2026-04-04T21:50:17","modified_gmt":"2026-04-04T19:50:17","slug":"nuvole-di-stoffa-panier-en-osier-avec-poignee","status":"publish","type":"product","link":"https:\/\/www.tendenzeshabbychic.it\/fr\/produit\/nuvole-di-stoffa-panier-en-osier-avec-poignee\/","title":{"rendered":"Nuvole di Stoffa Panier en osier avec poign\u00e9e"},"content":{"rendered":"<p>Le panier PePen de Nuvole di Stoffa est r\u00e9alis\u00e9 en osier tress\u00e9 de couleur naturelle, avec un profil rectangulaire, des bords finis et une poign\u00e9e centrale tress\u00e9e. Id\u00e9al pour le bois, le Plaid, les magazines ou les jeux, il met de l&rsquo;ordre avec style dans le salon, l&rsquo;entr\u00e9e ou la salle de bain. <\/p>\n<ul>\n<li>Tissage dense et d\u00e9coratif<\/li>\n<li>Poign\u00e9e confortable et durable<\/li>\n<li>Bord renforc\u00e9<\/li>\n<li>Deux tailles pour chaque espace<\/li>\n<li>Un look naturel, chaleureux et chic<\/li>\n<\/ul>\n","protected":false},"excerpt":{"rendered":"<p>Panier en osier naturel tress\u00e9, au tissage dense et \u00e0 la finition miel chaude. La ligne carr\u00e9e avec des bords renforc\u00e9s et une poign\u00e9e sup\u00e9rieure tress\u00e9e, robuste et confortable \u00e0 d\u00e9placer. Parfait pour donner instantan\u00e9ment une touche Shabby Chic soign\u00e9e et chaleureuse.  <\/p>\n<p>Dimensions : Petit <strong>34 x 8,5 x 32 cm<\/strong> &#8211; Grand <strong>39 x 11 x 38 cm<\/strong><\/p>\n","protected":false},"featured_media":231893,"comment_status":"open","ping_status":"closed","template":"","meta":{"_joinchat":[]},"pwb-brand":[1563],"product_brand":[],"product_cat":[1505],"product_tag":[2940,2817,2808],"class_list":{"0":"post-231908","1":"product","2":"type-product","3":"status-publish","4":"has-post-thumbnail","6":"pwb-brand-nuvole-di-stoffa-fr","7":"product_cat-objets","8":"product_tag-jardin","9":"product_tag-osier-et-rotin","10":"product_tag-panier","12":"first","13":"instock","14":"taxable","15":"shipping-taxable","16":"purchasable","17":"product-type-variable"},"brands":[{"id":1563,"name":"Nuvole di Stoffa","slug":"nuvole-di-stoffa-fr"}],"_links":{"self":[{"href":"https:\/\/www.tendenzeshabbychic.it\/fr\/wp-json\/wp\/v2\/product\/231908","targetHints":{"allow":["GET"]}}],"collection":[{"href":"https:\/\/www.tendenzeshabbychic.it\/fr\/wp-json\/wp\/v2\/product"}],"about":[{"href":"https:\/\/www.tendenzeshabbychic.it\/fr\/wp-json\/wp\/v2\/types\/product"}],"replies":[{"embeddable":true,"href":"https:\/\/www.tendenzeshabbychic.it\/fr\/wp-json\/wp\/v2\/comments?post=231908"}],"wp:featuredmedia":[{"embeddable":true,"href":"https:\/\/www.tendenzeshabbychic.it\/fr\/wp-json\/wp\/v2\/media\/231893"}],"wp:attachment":[{"href":"https:\/\/www.tendenzeshabbychic.it\/fr\/wp-json\/wp\/v2\/media?parent=231908"}],"wp:term":[{"taxonomy":"pwb-brand","embeddable":true,"href":"https:\/\/www.tendenzeshabbychic.it\/fr\/wp-json\/wp\/v2\/pwb-brand?post=231908"},{"taxonomy":"product_brand","embeddable":true,"href":"https:\/\/www.tendenzeshabbychic.it\/fr\/wp-json\/wp\/v2\/product_brand?post=231908"},{"taxonomy":"product_cat","embeddable":true,"href":"https:\/\/www.tendenzeshabbychic.it\/fr\/wp-json\/wp\/v2\/product_cat?post=231908"},{"taxonomy":"product_tag","embeddable":true,"href":"https:\/\/www.tendenzeshabbychic.it\/fr\/wp-json\/wp\/v2\/product_tag?post=231908"}],"curies":[{"name":"wp","href":"https:\/\/api.w.org\/{rel}","templated":true}]}}