{"id":231896,"date":"2026-02-24T15:25:01","date_gmt":"2026-02-24T14:25:01","guid":{"rendered":"https:\/\/www.tendenzeshabbychic.it\/prodotto\/nuvole-di-stoffa-panier-ovale-en-osier-avec-poignees\/"},"modified":"2026-02-19T12:47:01","modified_gmt":"2026-02-19T11:47:01","slug":"nuvole-di-stoffa-panier-ovale-en-osier-avec-poignees","status":"publish","type":"product","link":"https:\/\/www.tendenzeshabbychic.it\/fr\/produit\/nuvole-di-stoffa-panier-ovale-en-osier-avec-poignees\/","title":{"rendered":"Nuvole di Stoffa Panier ovale en osier avec poign\u00e9es"},"content":{"rendered":"<p>Le panier ovale Nuvole di Stoffa de PePen est en osier tress\u00e9 de couleur naturelle, avec des nuances d\u00e9licates, un bord \u00e9pais fini et deux poign\u00e9es lat\u00e9rales robustes. Utilisez-le comme centre de table avec des fleurs et des bougies, pour le pain et les serviettes, ou dans la salle de bains pour les serviettes et les articles de toilette. <\/p>\n<ul>\n<li>Forme ovale \u00e9l\u00e9gante<\/li>\n<li>Poign\u00e9es tress\u00e9es confortables<\/li>\n<li>Bord renforc\u00e9<\/li>\n<li>Trois mesures de coordination<\/li>\n<li>Aspect naturel et raffin\u00e9<\/li>\n<\/ul>\n","protected":false},"excerpt":{"rendered":"<p>Panier ovale en osier naturel tress\u00e9 avec une finition chaude et l\u00e9g\u00e8rement vieillie. Bord roul\u00e9 et renforc\u00e9, tissage \u00e9pais et poign\u00e9es lat\u00e9rales tress\u00e9es pour faciliter le d\u00e9placement. Un panier polyvalent et super chic, parfait pour cr\u00e9er des compositions de style Shabby Chic. Collection PePen.   <\/p>\n<p>Dimensions : Petit <strong>15 x 39 x 15 cm<\/strong> &#8211; Moyen <strong>25 x 45 x 17 cm<\/strong> &#8211; Grand <strong>34 x 52 x 20 cm<\/strong><\/p>\n","protected":false},"featured_media":231889,"comment_status":"open","ping_status":"closed","template":"","meta":{"_joinchat":[]},"pwb-brand":[1563],"product_brand":[],"product_cat":[1505],"product_tag":[2940,2817,2808],"class_list":{"0":"post-231896","1":"product","2":"type-product","3":"status-publish","4":"has-post-thumbnail","6":"pwb-brand-nuvole-di-stoffa-fr","7":"product_cat-objets","8":"product_tag-jardin","9":"product_tag-osier-et-rotin","10":"product_tag-panier","12":"first","13":"instock","14":"taxable","15":"shipping-taxable","16":"purchasable","17":"product-type-variable"},"brands":[{"id":1563,"name":"Nuvole di Stoffa","slug":"nuvole-di-stoffa-fr"}],"_links":{"self":[{"href":"https:\/\/www.tendenzeshabbychic.it\/fr\/wp-json\/wp\/v2\/product\/231896","targetHints":{"allow":["GET"]}}],"collection":[{"href":"https:\/\/www.tendenzeshabbychic.it\/fr\/wp-json\/wp\/v2\/product"}],"about":[{"href":"https:\/\/www.tendenzeshabbychic.it\/fr\/wp-json\/wp\/v2\/types\/product"}],"replies":[{"embeddable":true,"href":"https:\/\/www.tendenzeshabbychic.it\/fr\/wp-json\/wp\/v2\/comments?post=231896"}],"wp:featuredmedia":[{"embeddable":true,"href":"https:\/\/www.tendenzeshabbychic.it\/fr\/wp-json\/wp\/v2\/media\/231889"}],"wp:attachment":[{"href":"https:\/\/www.tendenzeshabbychic.it\/fr\/wp-json\/wp\/v2\/media?parent=231896"}],"wp:term":[{"taxonomy":"pwb-brand","embeddable":true,"href":"https:\/\/www.tendenzeshabbychic.it\/fr\/wp-json\/wp\/v2\/pwb-brand?post=231896"},{"taxonomy":"product_brand","embeddable":true,"href":"https:\/\/www.tendenzeshabbychic.it\/fr\/wp-json\/wp\/v2\/product_brand?post=231896"},{"taxonomy":"product_cat","embeddable":true,"href":"https:\/\/www.tendenzeshabbychic.it\/fr\/wp-json\/wp\/v2\/product_cat?post=231896"},{"taxonomy":"product_tag","embeddable":true,"href":"https:\/\/www.tendenzeshabbychic.it\/fr\/wp-json\/wp\/v2\/product_tag?post=231896"}],"curies":[{"name":"wp","href":"https:\/\/api.w.org\/{rel}","templated":true}]}}