{"id":231876,"date":"2026-02-24T15:28:19","date_gmt":"2026-02-24T14:28:19","guid":{"rendered":"https:\/\/www.tendenzeshabbychic.it\/prodotto\/amphore-en-verre-avec-couverture-en-osier-13x13x36-cm\/"},"modified":"2026-02-19T13:26:19","modified_gmt":"2026-02-19T12:26:19","slug":"amphore-en-verre-avec-couverture-en-osier-13x13x36-cm","status":"publish","type":"product","link":"https:\/\/www.tendenzeshabbychic.it\/fr\/produit\/amphore-en-verre-avec-couverture-en-osier-13x13x36-cm\/","title":{"rendered":"Amphore en verre avec couverture en osier 13x13x36 cm"},"content":{"rendered":"<p>Une amphore en verre avec un couvercle en osier et une poign\u00e9e en corde : un accessoire d&rsquo;ameublement au go\u00fbt naturel, parfait pour \u00eatre accroch\u00e9 au mur ou utilis\u00e9 comme petit vase d\u00e9coratif.<\/p>\n<p>Met en valeur les fleurs et les branches s\u00e9ch\u00e9es, cr\u00e9ant un effet chaleureux et Country Chic dans la maison ou sur la v\u00e9randa. Dimensions 13x13x36 cm <\/p>\n","protected":false},"excerpt":{"rendered":"<p>Amphore d\u00e9corative en <strong>verre<\/strong> avec <strong>rev\u00eatement en osier tress\u00e9<\/strong> et <strong>poign\u00e9e en corde<\/strong> pour la suspendre ou la d\u00e9placer facilement. Id\u00e9ale comme vase pour les fleurs s\u00e9ch\u00e9es, les branches ou les petites compositions.<br \/>\n<strong>Dimensions :<\/strong> 13 x 13 x 36 cm<\/p>\n","protected":false},"featured_media":231836,"comment_status":"open","ping_status":"closed","template":"","meta":{"_joinchat":[]},"pwb-brand":[1563],"product_brand":[],"product_cat":[1526],"product_tag":[3438,2817],"class_list":{"0":"post-231876","1":"product","2":"type-product","3":"status-publish","4":"has-post-thumbnail","6":"pwb-brand-nuvole-di-stoffa-fr","7":"product_cat-vases","8":"product_tag-decorations-suspendues","9":"product_tag-osier-et-rotin","11":"first","12":"instock","13":"taxable","14":"shipping-taxable","15":"purchasable","16":"product-type-simple"},"brands":[{"id":1563,"name":"Nuvole di Stoffa","slug":"nuvole-di-stoffa-fr"}],"_links":{"self":[{"href":"https:\/\/www.tendenzeshabbychic.it\/fr\/wp-json\/wp\/v2\/product\/231876","targetHints":{"allow":["GET"]}}],"collection":[{"href":"https:\/\/www.tendenzeshabbychic.it\/fr\/wp-json\/wp\/v2\/product"}],"about":[{"href":"https:\/\/www.tendenzeshabbychic.it\/fr\/wp-json\/wp\/v2\/types\/product"}],"replies":[{"embeddable":true,"href":"https:\/\/www.tendenzeshabbychic.it\/fr\/wp-json\/wp\/v2\/comments?post=231876"}],"wp:featuredmedia":[{"embeddable":true,"href":"https:\/\/www.tendenzeshabbychic.it\/fr\/wp-json\/wp\/v2\/media\/231836"}],"wp:attachment":[{"href":"https:\/\/www.tendenzeshabbychic.it\/fr\/wp-json\/wp\/v2\/media?parent=231876"}],"wp:term":[{"taxonomy":"pwb-brand","embeddable":true,"href":"https:\/\/www.tendenzeshabbychic.it\/fr\/wp-json\/wp\/v2\/pwb-brand?post=231876"},{"taxonomy":"product_brand","embeddable":true,"href":"https:\/\/www.tendenzeshabbychic.it\/fr\/wp-json\/wp\/v2\/product_brand?post=231876"},{"taxonomy":"product_cat","embeddable":true,"href":"https:\/\/www.tendenzeshabbychic.it\/fr\/wp-json\/wp\/v2\/product_cat?post=231876"},{"taxonomy":"product_tag","embeddable":true,"href":"https:\/\/www.tendenzeshabbychic.it\/fr\/wp-json\/wp\/v2\/product_tag?post=231876"}],"curies":[{"name":"wp","href":"https:\/\/api.w.org\/{rel}","templated":true}]}}