{"id":231830,"date":"2026-02-24T17:26:19","date_gmt":"2026-02-24T16:26:19","guid":{"rendered":"https:\/\/www.tendenzeshabbychic.it\/prodotto\/nuvole-di-stoffa-guirlande-pepen-doeufs-33x33-cm\/"},"modified":"2026-02-19T13:26:19","modified_gmt":"2026-02-19T12:26:19","slug":"nuvole-di-stoffa-guirlande-pepen-doeufs-33x33-cm","status":"publish","type":"product","link":"https:\/\/www.tendenzeshabbychic.it\/fr\/produit\/nuvole-di-stoffa-guirlande-pepen-doeufs-33x33-cm\/","title":{"rendered":"Nuvole di Stoffa Guirlande PePen d&rsquo;oeufs 33&#215;33 cm"},"content":{"rendered":"<p>Apportez P\u00e2ques sur le pas de votre porte avec une guirlande \u00e9l\u00e9gante et pleine de d\u00e9tails : \u0153ufs tachet\u00e9s couleur sauge, fleurs blanches et accents lilas, feuilles douces ton sur ton et tissages naturels qui donnent une touche Country Chic. Parfaite \u00e0 l&rsquo;entr\u00e9e, sur la chemin\u00e9e ou sur un mur : elle remplit l&rsquo;espace sans l&rsquo;alourdir et cr\u00e9e imm\u00e9diatement une atmosph\u00e8re. <\/p>\n<ul>\n<li>\u0152ufs d\u00e9coratifs tachet\u00e9s (d\u00e9tail visible)<\/li>\n<li>Palette tr\u00e8s raffin\u00e9e de sauge, de beige et de lilas<\/li>\n<li>Volume riche et \u00e9quilibr\u00e9<\/li>\n<li>Longe en corde pr\u00eate \u00e0 suspendre<\/li>\n<li>Id\u00e9al pour les entr\u00e9es et les salons<\/li>\n<\/ul>\n","protected":false},"excerpt":{"rendered":"<p>Guirlande de P\u00e2ques <strong>PePen<\/strong> riche et pittoresque : base avec feuillage vert sauge et beige, fleurs blanches \u00e0 effet de rose et d\u00e9tails floraux lilas. Les <strong>\u0153ufs tachet\u00e9s vert sauge<\/strong> et le cordon en fibres naturelles tress\u00e9es se d\u00e9tachent des branches. \u00c0 suspendre avec une ficelle pour accueillir instantan\u00e9ment le printemps.<br \/>\n<strong>Dimensions :<\/strong> 33 x 33 x 7 cm<\/p>\n","protected":false},"featured_media":231812,"comment_status":"open","ping_status":"closed","template":"","meta":{"_joinchat":[]},"pwb-brand":[1563],"product_brand":[],"product_cat":[1609,1505],"product_tag":[3393,3438,3137,3160],"class_list":{"0":"post-231830","1":"product","2":"type-product","3":"status-publish","4":"has-post-thumbnail","6":"pwb-brand-nuvole-di-stoffa-fr","7":"product_cat-paques","8":"product_cat-objets","9":"product_tag-collection-pepen","10":"product_tag-decorations-suspendues","11":"product_tag-festons-et-guirlandes","12":"product_tag-oeufs-de-paques","14":"first","15":"outofstock","16":"taxable","17":"shipping-taxable","18":"purchasable","19":"product-type-simple"},"brands":[{"id":1563,"name":"Nuvole di Stoffa","slug":"nuvole-di-stoffa-fr"}],"_links":{"self":[{"href":"https:\/\/www.tendenzeshabbychic.it\/fr\/wp-json\/wp\/v2\/product\/231830","targetHints":{"allow":["GET"]}}],"collection":[{"href":"https:\/\/www.tendenzeshabbychic.it\/fr\/wp-json\/wp\/v2\/product"}],"about":[{"href":"https:\/\/www.tendenzeshabbychic.it\/fr\/wp-json\/wp\/v2\/types\/product"}],"replies":[{"embeddable":true,"href":"https:\/\/www.tendenzeshabbychic.it\/fr\/wp-json\/wp\/v2\/comments?post=231830"}],"wp:featuredmedia":[{"embeddable":true,"href":"https:\/\/www.tendenzeshabbychic.it\/fr\/wp-json\/wp\/v2\/media\/231812"}],"wp:attachment":[{"href":"https:\/\/www.tendenzeshabbychic.it\/fr\/wp-json\/wp\/v2\/media?parent=231830"}],"wp:term":[{"taxonomy":"pwb-brand","embeddable":true,"href":"https:\/\/www.tendenzeshabbychic.it\/fr\/wp-json\/wp\/v2\/pwb-brand?post=231830"},{"taxonomy":"product_brand","embeddable":true,"href":"https:\/\/www.tendenzeshabbychic.it\/fr\/wp-json\/wp\/v2\/product_brand?post=231830"},{"taxonomy":"product_cat","embeddable":true,"href":"https:\/\/www.tendenzeshabbychic.it\/fr\/wp-json\/wp\/v2\/product_cat?post=231830"},{"taxonomy":"product_tag","embeddable":true,"href":"https:\/\/www.tendenzeshabbychic.it\/fr\/wp-json\/wp\/v2\/product_tag?post=231830"}],"curies":[{"name":"wp","href":"https:\/\/api.w.org\/{rel}","templated":true}]}}