{"id":231773,"date":"2026-02-24T15:27:19","date_gmt":"2026-02-24T14:27:19","guid":{"rendered":"https:\/\/www.tendenzeshabbychic.it\/prodotto\/amphore-en-verre-avec-couverture-en-osier-20x20x40-cm\/"},"modified":"2026-02-19T13:26:19","modified_gmt":"2026-02-19T12:26:19","slug":"amphore-en-verre-avec-couverture-en-osier-20x20x40-cm","status":"publish","type":"product","link":"https:\/\/www.tendenzeshabbychic.it\/fr\/produit\/amphore-en-verre-avec-couverture-en-osier-20x20x40-cm\/","title":{"rendered":"Amphore en verre avec couverture en osier 20x20x40 cm"},"content":{"rendered":"<p>Amphore en verre avec couvercle en osier tress\u00e9 et poign\u00e9e en corde : un accessoire d&rsquo;ameublement naturel et rustique, id\u00e9al \u00e0 placer ou \u00e0 suspendre pour cr\u00e9er des coins d\u00e9coratifs lumineux.<\/p>\n<p>Parfait avec des fleurs s\u00e9ch\u00e9es, des branches ou comme simple objet sc\u00e9nique.<\/p>\n<p>Dimensions 20x20x40 cm.<\/p>\n","protected":false},"excerpt":{"rendered":"<p>Amphore d\u00e9corative en <strong>verre<\/strong>, <strong>recouverte d&rsquo;osier tress\u00e9<\/strong> et munie d&rsquo;une <strong>poign\u00e9e en corde<\/strong> pour la suspendre ou la d\u00e9placer facilement. Parfaite comme vase pour des fleurs s\u00e9ch\u00e9es ou des branches d\u00e9coratives, ou comme meuble naturel.<br \/>\n<strong>Dimensions :<\/strong> 20 x 20 x 40 cm<\/p>\n","protected":false},"featured_media":231762,"comment_status":"open","ping_status":"closed","template":"","meta":{"_joinchat":[]},"pwb-brand":[1563],"product_brand":[],"product_cat":[1526],"product_tag":[3438,2817],"class_list":{"0":"post-231773","1":"product","2":"type-product","3":"status-publish","4":"has-post-thumbnail","6":"pwb-brand-nuvole-di-stoffa-fr","7":"product_cat-vases","8":"product_tag-decorations-suspendues","9":"product_tag-osier-et-rotin","11":"first","12":"instock","13":"taxable","14":"shipping-taxable","15":"purchasable","16":"product-type-simple"},"brands":[{"id":1563,"name":"Nuvole di Stoffa","slug":"nuvole-di-stoffa-fr"}],"_links":{"self":[{"href":"https:\/\/www.tendenzeshabbychic.it\/fr\/wp-json\/wp\/v2\/product\/231773","targetHints":{"allow":["GET"]}}],"collection":[{"href":"https:\/\/www.tendenzeshabbychic.it\/fr\/wp-json\/wp\/v2\/product"}],"about":[{"href":"https:\/\/www.tendenzeshabbychic.it\/fr\/wp-json\/wp\/v2\/types\/product"}],"replies":[{"embeddable":true,"href":"https:\/\/www.tendenzeshabbychic.it\/fr\/wp-json\/wp\/v2\/comments?post=231773"}],"wp:featuredmedia":[{"embeddable":true,"href":"https:\/\/www.tendenzeshabbychic.it\/fr\/wp-json\/wp\/v2\/media\/231762"}],"wp:attachment":[{"href":"https:\/\/www.tendenzeshabbychic.it\/fr\/wp-json\/wp\/v2\/media?parent=231773"}],"wp:term":[{"taxonomy":"pwb-brand","embeddable":true,"href":"https:\/\/www.tendenzeshabbychic.it\/fr\/wp-json\/wp\/v2\/pwb-brand?post=231773"},{"taxonomy":"product_brand","embeddable":true,"href":"https:\/\/www.tendenzeshabbychic.it\/fr\/wp-json\/wp\/v2\/product_brand?post=231773"},{"taxonomy":"product_cat","embeddable":true,"href":"https:\/\/www.tendenzeshabbychic.it\/fr\/wp-json\/wp\/v2\/product_cat?post=231773"},{"taxonomy":"product_tag","embeddable":true,"href":"https:\/\/www.tendenzeshabbychic.it\/fr\/wp-json\/wp\/v2\/product_tag?post=231773"}],"curies":[{"name":"wp","href":"https:\/\/api.w.org\/{rel}","templated":true}]}}