{"id":231550,"date":"2026-02-24T17:26:36","date_gmt":"2026-02-24T16:26:36","guid":{"rendered":"https:\/\/www.tendenzeshabbychic.it\/prodotto\/nuvole-di-di-stoffa-guirlande-fiorira-33x33-cm\/"},"modified":"2026-04-08T13:09:37","modified_gmt":"2026-04-08T11:09:37","slug":"nuvole-di-di-stoffa-guirlande-fiorira-33x33-cm","status":"publish","type":"product","link":"https:\/\/www.tendenzeshabbychic.it\/fr\/produit\/nuvole-di-di-stoffa-guirlande-fiorira-33x33-cm\/","title":{"rendered":"Nuvole di di Stoffa Guirlande Fiorir\u00e0 33&#215;33 cm"},"content":{"rendered":"<p>Une guirlande de fleurs qui ressemble \u00e0 un bouquet : une base en bois et un tissage rempli de feuilles vertes, de roses poudr\u00e9es, de fleurs blanches \u00e0 p\u00e9tales doux et d&rsquo;accents p\u00eache, avec des brins l\u00e9gers et des perles d\u00e9coratives. Parfaite sur la porte d&rsquo;entr\u00e9e, au-dessus d&rsquo;une table console ou dans la chambre \u00e0 coucher : il suffit de l&rsquo;accrocher pour que la maison change de ton. <\/p>\n<ul>\n<li>Base en bois, stable<\/li>\n<li>M\u00e9lange de couleurs tr\u00e8s harmonieux vert\/rose\/blanc<\/li>\n<li>Volume riche (7 cm d&rsquo;\u00e9paisseur)<\/li>\n<li>Lanyard pr\u00eat \u00e0 \u00eatre accroch\u00e9<\/li>\n<li>Effet \u00ab\u00a0floraison\u00a0\u00bb \u00e9l\u00e9gant tout au long de l&rsquo;ann\u00e9e<\/li>\n<\/ul>\n","protected":false},"excerpt":{"rendered":"<p>Guirlande d\u00e9corative de la collection Fiorir\u00e0 avec une base en bois et une riche composition florale : feuilles vertes mates, roses poudr\u00e9es, fleurs blanches et d\u00e9tails p\u00eache, enrichie de micro-branches et de petites perles lumineuses. Munie d&rsquo;une cordelette pour la suspendre, elle conf\u00e8re imm\u00e9diatement une atmosph\u00e8re romantique \u00e0 une porte ou \u00e0 un mur.<br \/>\n<strong>Dimensions :<\/strong> 33 x 33 x 7 cm<\/p>\n","protected":false},"featured_media":231542,"comment_status":"open","ping_status":"closed","template":"","meta":{"_joinchat":[]},"pwb-brand":[713],"product_brand":[],"product_cat":[157],"product_tag":[3395,3437,3136],"class_list":{"0":"post-231550","1":"product","2":"type-product","3":"status-publish","4":"has-post-thumbnail","6":"pwb-brand-nuvole-di-stoffa","7":"product_cat-oggettistica","8":"product_tag-collezione-fiorira","9":"product_tag-decorazioni-da-appendere","10":"product_tag-festoni-e-ghirlande","12":"first","13":"instock","14":"taxable","15":"shipping-taxable","16":"purchasable","17":"product-type-simple"},"brands":[{"id":1563,"name":"Nuvole di Stoffa","slug":"nuvole-di-stoffa-fr"}],"_links":{"self":[{"href":"https:\/\/www.tendenzeshabbychic.it\/fr\/wp-json\/wp\/v2\/product\/231550","targetHints":{"allow":["GET"]}}],"collection":[{"href":"https:\/\/www.tendenzeshabbychic.it\/fr\/wp-json\/wp\/v2\/product"}],"about":[{"href":"https:\/\/www.tendenzeshabbychic.it\/fr\/wp-json\/wp\/v2\/types\/product"}],"replies":[{"embeddable":true,"href":"https:\/\/www.tendenzeshabbychic.it\/fr\/wp-json\/wp\/v2\/comments?post=231550"}],"wp:featuredmedia":[{"embeddable":true,"href":"https:\/\/www.tendenzeshabbychic.it\/fr\/wp-json\/wp\/v2\/media\/231542"}],"wp:attachment":[{"href":"https:\/\/www.tendenzeshabbychic.it\/fr\/wp-json\/wp\/v2\/media?parent=231550"}],"wp:term":[{"taxonomy":"pwb-brand","embeddable":true,"href":"https:\/\/www.tendenzeshabbychic.it\/fr\/wp-json\/wp\/v2\/pwb-brand?post=231550"},{"taxonomy":"product_brand","embeddable":true,"href":"https:\/\/www.tendenzeshabbychic.it\/fr\/wp-json\/wp\/v2\/product_brand?post=231550"},{"taxonomy":"product_cat","embeddable":true,"href":"https:\/\/www.tendenzeshabbychic.it\/fr\/wp-json\/wp\/v2\/product_cat?post=231550"},{"taxonomy":"product_tag","embeddable":true,"href":"https:\/\/www.tendenzeshabbychic.it\/fr\/wp-json\/wp\/v2\/product_tag?post=231550"}],"curies":[{"name":"wp","href":"https:\/\/api.w.org\/{rel}","templated":true}]}}