{"id":231422,"date":"2026-02-24T08:12:57","date_gmt":"2026-02-24T07:12:57","guid":{"rendered":"https:\/\/www.tendenzeshabbychic.it\/?post_type=product&#038;p=231422"},"modified":"2026-02-22T18:38:50","modified_gmt":"2026-02-22T17:38:50","slug":"madame-fiocco-fior-di-seta-verde-avec-tambourin-h-80-cm-copia-copia","status":"publish","type":"product","link":"https:\/\/www.tendenzeshabbychic.it\/fr\/produit\/madame-fiocco-fior-di-seta-verde-avec-tambourin-h-80-cm-copia-copia\/","title":{"rendered":"Madame Fiocc\u00f2 Fl\u00e8che double jaune avec tambourin h 80 cm"},"content":{"rendered":"<p>Ce double Madame Fiocco jaune de 80 cm de haut interpr\u00e8te la collection Spring in Bloom avec une pr\u00e9sence lumineuse et d\u00e9licate. Le n\u0153ud sup\u00e9rieur est enrichi par une composition florale aux accents verts et roses, tandis que les longs rubans aux tons assortis cr\u00e9ent du mouvement et de la verticalit\u00e9, parfaits pour mettre en valeur les portes et les murs dans un style Shabby Chic. <\/p>\n<p>Le tambourin assorti devient le point central : un imprim\u00e9 floral printanier dans les tons jaune, rose et lilas, compl\u00e9t\u00e9 par un n\u0153ud et des applications vertes. Chaque pi\u00e8ce est fabriqu\u00e9e \u00e0 la main en Italie et est livr\u00e9e dans sa propre bo\u00eete cadeau sign\u00e9e Madame Fiocc\u00f2, id\u00e9ale \u00e9galement comme cadeau personnalis\u00e9. <\/p>\n<ul>\n<li>Hauteur de 80 cm pour un effet spectaculaire sur la porte et le mur<\/li>\n<li>Double n\u0153ud jaune avec applications d\u00e9coratives<\/li>\n<li>De longs rubans dans des tons coordonn\u00e9s pour affiner la composition<\/li>\n<li>Tambourin avec imprim\u00e9 floral printanier et d\u00e9tails appliqu\u00e9s<\/li>\n<li>Bo\u00eete cadeau avec logo Madame Fiocc\u00f2 incluse<\/li>\n<\/ul>\n<p><em>Chaque cr\u00e9ation de Madame Fiocc\u00f2 est fabriqu\u00e9e \u00e0 la main en Italie. Pour cette raison, de petites variations par rapport aux photos sont possibles et doivent \u00eatre consid\u00e9r\u00e9es comme faisant partie de la valeur artisanale du produit, et non comme un d\u00e9faut. <\/em><\/p>\n","protected":false},"excerpt":{"rendered":"<p>Madame Fiocc\u00f2 double ruban jaune h 80 cm, collection Spring in Bloom, avec appliques, rubans et tambourin assorti.<\/p>\n<p>Une porte sc\u00e9nique dans des tons chauds et romantiques, faite \u00e0 la main en Italie.<\/p>\n<p>Livr\u00e9 dans une bo\u00eete cadeau avec logo Madame Fiocc\u00f2.<\/p>\n","protected":false},"featured_media":231428,"comment_status":"open","ping_status":"closed","template":"","meta":{"_joinchat":[]},"pwb-brand":[3435],"product_brand":[],"product_cat":[1505],"product_tag":[3438,1394,1298],"class_list":{"0":"post-231422","1":"product","2":"type-product","3":"status-publish","4":"has-post-thumbnail","6":"pwb-brand-madame-fiocco","7":"product_cat-objets","8":"product_tag-decorations-suspendues","9":"product_tag-fleche","10":"product_tag-made-in-italy-fr","11":"product_shipping_class-no-contrassegno-fr","13":"first","14":"instock","15":"taxable","16":"shipping-taxable","17":"purchasable","18":"product-type-simple"},"brands":[{"id":3435,"name":"Madame Fiocc\u00f2","slug":"madame-fiocco"}],"_links":{"self":[{"href":"https:\/\/www.tendenzeshabbychic.it\/fr\/wp-json\/wp\/v2\/product\/231422","targetHints":{"allow":["GET"]}}],"collection":[{"href":"https:\/\/www.tendenzeshabbychic.it\/fr\/wp-json\/wp\/v2\/product"}],"about":[{"href":"https:\/\/www.tendenzeshabbychic.it\/fr\/wp-json\/wp\/v2\/types\/product"}],"replies":[{"embeddable":true,"href":"https:\/\/www.tendenzeshabbychic.it\/fr\/wp-json\/wp\/v2\/comments?post=231422"}],"wp:featuredmedia":[{"embeddable":true,"href":"https:\/\/www.tendenzeshabbychic.it\/fr\/wp-json\/wp\/v2\/media\/231428"}],"wp:attachment":[{"href":"https:\/\/www.tendenzeshabbychic.it\/fr\/wp-json\/wp\/v2\/media?parent=231422"}],"wp:term":[{"taxonomy":"pwb-brand","embeddable":true,"href":"https:\/\/www.tendenzeshabbychic.it\/fr\/wp-json\/wp\/v2\/pwb-brand?post=231422"},{"taxonomy":"product_brand","embeddable":true,"href":"https:\/\/www.tendenzeshabbychic.it\/fr\/wp-json\/wp\/v2\/product_brand?post=231422"},{"taxonomy":"product_cat","embeddable":true,"href":"https:\/\/www.tendenzeshabbychic.it\/fr\/wp-json\/wp\/v2\/product_cat?post=231422"},{"taxonomy":"product_tag","embeddable":true,"href":"https:\/\/www.tendenzeshabbychic.it\/fr\/wp-json\/wp\/v2\/product_tag?post=231422"}],"curies":[{"name":"wp","href":"https:\/\/api.w.org\/{rel}","templated":true}]}}