{"id":231338,"date":"2026-02-24T08:04:16","date_gmt":"2026-02-24T07:04:16","guid":{"rendered":"https:\/\/www.tendenzeshabbychic.it\/prodotto\/madame-fiocco-lavande-de-printemps-h-50-cm\/"},"modified":"2026-02-18T13:04:16","modified_gmt":"2026-02-18T12:04:16","slug":"madame-fiocco-lavande-de-printemps-h-50-cm","status":"publish","type":"product","link":"https:\/\/www.tendenzeshabbychic.it\/fr\/produit\/madame-fiocco-lavande-de-printemps-h-50-cm\/","title":{"rendered":"Madame Fiocco Lavande de printemps h 50 cm"},"content":{"rendered":"<p>Ce n\u0153ud printanier sur le th\u00e8me de la lavande associe des rubans dans les tons lilas et vert sauge \u00e0 un arrangement floral d\u00e9coratif pour un effet romantique et harmonieux. Au centre se trouve un \u00e9l\u00e9ment rond d\u00e9cor\u00e9 d&rsquo;une illustration de lavande et d&rsquo;un n\u0153ud assorti, qui compl\u00e8te la sc\u00e8ne avec un attrait \u00e9l\u00e9gant et coh\u00e9rent. <\/p>\n<p>Id\u00e9ale pour ceux qui aiment les ambiances Shabby Chic et proven\u00e7ales, c&rsquo;est une d\u00e9coration de caract\u00e8re mais l\u00e9g\u00e8re \u00e0 l&rsquo;\u0153il, adapt\u00e9e pour valoriser des points sp\u00e9cifiques de la maison avec une note saisonni\u00e8re. Chaque pi\u00e8ce de Madame Fiocc\u00f2 est fabriqu\u00e9e \u00e0 la main en Italie, avec le souci du d\u00e9tail et de la finition. <\/p>\n<ul>\n<li>Hauteur indiqu\u00e9e : 50 cm<\/li>\n<li>Palette de couleurs lavande et vert sauge, d\u00e9licate et printani\u00e8re<\/li>\n<li>Composition d\u00e9corative avec \u00e9l\u00e9ment central illustr\u00e9 sur le th\u00e8me de la lavande<\/li>\n<li>Longs rubans pour un effet doux et sc\u00e9nique<\/li>\n<li>Fabriqu\u00e9 \u00e0 la main en Italie par Madame Fiocc\u00f2<\/li>\n<\/ul>\n<p>&nbsp;<\/p>\n<p>&nbsp;<\/p>\n","protected":false},"excerpt":{"rendered":"<p>N\u0153ud d\u00e9coratif en palette lavande et vert sauge, sign\u00e9 Madame Fiocc\u00f2. Un compl\u00e9ment Shabby Chic, con\u00e7u pour apporter une touche d\u00e9licate et printani\u00e8re aux pi\u00e8ces.  Fabriqu\u00e9 \u00e0 la main en Italie.<\/p>\n","protected":false},"featured_media":231336,"comment_status":"open","ping_status":"closed","template":"","meta":{"_joinchat":[]},"pwb-brand":[3435],"product_brand":[],"product_cat":[1505],"product_tag":[3438,1394,1298],"class_list":{"0":"post-231338","1":"product","2":"type-product","3":"status-publish","4":"has-post-thumbnail","6":"pwb-brand-madame-fiocco","7":"product_cat-objets","8":"product_tag-decorations-suspendues","9":"product_tag-fleche","10":"product_tag-made-in-italy-fr","12":"first","13":"instock","14":"taxable","15":"shipping-taxable","16":"purchasable","17":"product-type-simple"},"brands":[{"id":3435,"name":"Madame Fiocc\u00f2","slug":"madame-fiocco"}],"_links":{"self":[{"href":"https:\/\/www.tendenzeshabbychic.it\/fr\/wp-json\/wp\/v2\/product\/231338","targetHints":{"allow":["GET"]}}],"collection":[{"href":"https:\/\/www.tendenzeshabbychic.it\/fr\/wp-json\/wp\/v2\/product"}],"about":[{"href":"https:\/\/www.tendenzeshabbychic.it\/fr\/wp-json\/wp\/v2\/types\/product"}],"replies":[{"embeddable":true,"href":"https:\/\/www.tendenzeshabbychic.it\/fr\/wp-json\/wp\/v2\/comments?post=231338"}],"wp:featuredmedia":[{"embeddable":true,"href":"https:\/\/www.tendenzeshabbychic.it\/fr\/wp-json\/wp\/v2\/media\/231336"}],"wp:attachment":[{"href":"https:\/\/www.tendenzeshabbychic.it\/fr\/wp-json\/wp\/v2\/media?parent=231338"}],"wp:term":[{"taxonomy":"pwb-brand","embeddable":true,"href":"https:\/\/www.tendenzeshabbychic.it\/fr\/wp-json\/wp\/v2\/pwb-brand?post=231338"},{"taxonomy":"product_brand","embeddable":true,"href":"https:\/\/www.tendenzeshabbychic.it\/fr\/wp-json\/wp\/v2\/product_brand?post=231338"},{"taxonomy":"product_cat","embeddable":true,"href":"https:\/\/www.tendenzeshabbychic.it\/fr\/wp-json\/wp\/v2\/product_cat?post=231338"},{"taxonomy":"product_tag","embeddable":true,"href":"https:\/\/www.tendenzeshabbychic.it\/fr\/wp-json\/wp\/v2\/product_tag?post=231338"}],"curies":[{"name":"wp","href":"https:\/\/api.w.org\/{rel}","templated":true}]}}