{"id":230887,"date":"2026-03-12T12:20:48","date_gmt":"2026-03-12T11:20:48","guid":{"rendered":"https:\/\/www.tendenzeshabbychic.it\/prodotto\/skitso-lampe-a-poser-frixos-little-boy-h-85-cm\/"},"modified":"2026-02-18T11:35:48","modified_gmt":"2026-02-18T10:35:48","slug":"skitso-lampe-a-poser-frixos-little-boy-h-85-cm","status":"publish","type":"product","link":"https:\/\/www.tendenzeshabbychic.it\/fr\/produit\/skitso-lampe-a-poser-frixos-little-boy-h-85-cm\/","title":{"rendered":"Skitso Lampe \u00e0 poser Frixos Little Boy h 85 cm"},"content":{"rendered":"<p>Dimensions : H 85 cm \u00d7 L 35 cm \u00d7 P 20 cm<\/p>\n<p>Mat\u00e9riaux : Bois et tissu<\/p>\n<p>Emballage : Bo\u00eete cadeau incluse<\/p>\n<p>Fonctionne avec une ampoule <strong>E14<\/strong> (non incluse)<\/p>\n","protected":false},"excerpt":{"rendered":"<p>Frixos est une lampe design fabriqu\u00e9e \u00e0 la main qui capture l&rsquo;instant suspendu d&rsquo;un pas contre le vent. Fabriqu\u00e9e et peinte \u00e0 la main en Gr\u00e8ce par les artistes de SKITSO, cette cr\u00e9ation allie sculpture et \u00e9clairage artistique dans un \u00e9quilibre po\u00e9tique et contemporain. L&rsquo;abat-jour bleu clair, aussi l\u00e9ger qu&rsquo;un ciel de printemps, diffuse une lumi\u00e8re chaude et douce, tandis que la silhouette &#8211; dont les moindres d\u00e9tails sont soign\u00e9s, du manteau en velours c\u00f4tel\u00e9 au pantalon aux couleurs douces &#8211; raconte une histoire de mouvement et de caract\u00e8re.  <\/p>\n<p>D&rsquo;une hauteur de 85 cm (35&#215;20 cm), avec une douille E14 (40W max), c&rsquo;est plus qu&rsquo;une lampe de table en bois : c&rsquo;est un objet \u00e9motionnel, capable de donner de la personnalit\u00e9 et de l&rsquo;atmosph\u00e8re \u00e0 n&rsquo;importe quelle pi\u00e8ce.<\/p>\n","protected":false},"featured_media":230877,"comment_status":"open","ping_status":"closed","template":"","meta":{"_joinchat":[]},"pwb-brand":[3360],"product_brand":[],"product_cat":[1494],"product_tag":[353,523],"class_list":{"0":"post-230887","1":"product","2":"type-product","3":"status-publish","4":"has-post-thumbnail","6":"pwb-brand-skitso","7":"product_cat-lustres-et-lampes","8":"product_tag-fatto-a-mano","9":"product_tag-idea-regalo","11":"first","12":"instock","13":"sale","14":"taxable","15":"shipping-taxable","16":"purchasable","17":"product-type-simple"},"brands":[{"id":3362,"name":"Skitso","slug":"skitso"}],"_links":{"self":[{"href":"https:\/\/www.tendenzeshabbychic.it\/fr\/wp-json\/wp\/v2\/product\/230887","targetHints":{"allow":["GET"]}}],"collection":[{"href":"https:\/\/www.tendenzeshabbychic.it\/fr\/wp-json\/wp\/v2\/product"}],"about":[{"href":"https:\/\/www.tendenzeshabbychic.it\/fr\/wp-json\/wp\/v2\/types\/product"}],"replies":[{"embeddable":true,"href":"https:\/\/www.tendenzeshabbychic.it\/fr\/wp-json\/wp\/v2\/comments?post=230887"}],"wp:featuredmedia":[{"embeddable":true,"href":"https:\/\/www.tendenzeshabbychic.it\/fr\/wp-json\/wp\/v2\/media\/230877"}],"wp:attachment":[{"href":"https:\/\/www.tendenzeshabbychic.it\/fr\/wp-json\/wp\/v2\/media?parent=230887"}],"wp:term":[{"taxonomy":"pwb-brand","embeddable":true,"href":"https:\/\/www.tendenzeshabbychic.it\/fr\/wp-json\/wp\/v2\/pwb-brand?post=230887"},{"taxonomy":"product_brand","embeddable":true,"href":"https:\/\/www.tendenzeshabbychic.it\/fr\/wp-json\/wp\/v2\/product_brand?post=230887"},{"taxonomy":"product_cat","embeddable":true,"href":"https:\/\/www.tendenzeshabbychic.it\/fr\/wp-json\/wp\/v2\/product_cat?post=230887"},{"taxonomy":"product_tag","embeddable":true,"href":"https:\/\/www.tendenzeshabbychic.it\/fr\/wp-json\/wp\/v2\/product_tag?post=230887"}],"curies":[{"name":"wp","href":"https:\/\/api.w.org\/{rel}","templated":true}]}}