{"id":230482,"date":"2026-02-11T09:08:33","date_gmt":"2026-02-11T08:08:33","guid":{"rendered":"https:\/\/www.tendenzeshabbychic.it\/prodotto\/set-de-bougies-mathilde-m-macaron-framboise-100g\/"},"modified":"2026-02-11T09:08:33","modified_gmt":"2026-02-11T08:08:33","slug":"set-de-bougies-mathilde-m-macaron-framboise-100g","status":"publish","type":"product","link":"https:\/\/www.tendenzeshabbychic.it\/fr\/produit\/set-de-bougies-mathilde-m-macaron-framboise-100g\/","title":{"rendered":"Set de bougies Mathilde M Macaron Framboise 100g"},"content":{"rendered":"<p>Le coffret <em>Gourmandises d&rsquo;\u00c9t\u00e9<\/em> de Mathilde M allie parfum et d\u00e9coration dans une id\u00e9e cadeau raffin\u00e9e \u00e0 la fran\u00e7aise. La <strong>bougie de 100 g<\/strong> est enferm\u00e9e dans un \u00e9l\u00e9gant <strong>contenant en verre<\/strong> avec <strong>couvercle<\/strong> et bouton, agr\u00e9ment\u00e9 d&rsquo;une \u00e9tiquette rose \u00e0 motif Tartan et petites fleurs : un bel objet \u00e0 d\u00e9poser sur un plateau, une console ou une table basse. \u00c0 c\u00f4t\u00e9, vous trouverez <strong>6 meringues parfum\u00e9es en pl\u00e2tre<\/strong>, blanches et opaques, \u00e0 la forme \u00ab\u00a0sucr\u00e9e\u00a0\u00bb et l\u00e9g\u00e8rement ondul\u00e9e : elles sont emball\u00e9es dans un sachet transparent ferm\u00e9 par un <strong>n\u0153ud vichy<\/strong> qui rappelle le style de la collection. Une fois consomm\u00e9, le photophore peut \u00eatre r\u00e9utilis\u00e9 comme petit contenant d\u00e9coratif.   <\/p>\n<ul>\n<li>Bougie <strong>en verre avec couvercle<\/strong>: \u00e9l\u00e9gante et r\u00e9utilisable<\/li>\n<li><strong>6 meringues parfum\u00e9es en pl\u00e2tre<\/strong> (d\u00e9tail visible) pour les petits espaces<\/li>\n<li>Emballage de magasinage avec <strong>fen\u00eatre<\/strong> et poign\u00e9e, pr\u00eat \u00e0 \u00eatre offert en cadeau<\/li>\n<li>Environ <strong>30 heures de<\/strong> parfum (bougie de 100 g)<\/li>\n<li>Parfum gourmand chic, doux et sophistiqu\u00e9<\/li>\n<\/ul>\n","protected":false},"excerpt":{"rendered":"<p>Un d\u00e9licieux coffret de la collection <em>Gourmandises d&rsquo;\u00c9t\u00e9<\/em>: une bougie parfum\u00e9e dans un <strong>pot en verre<\/strong> avec <strong>couvercle<\/strong> et \u00e9tiquette \u00e0 carreaux roses avec petites fleurs, associ\u00e9e \u00e0 <strong>6 d\u00e9corations parfum\u00e9es<\/strong> en <strong>pl\u00e2tre<\/strong> en forme de meringue, rassembl\u00e9es dans un sachet transparent avec un <strong>n\u0153ud Vichy<\/strong> rose. Le shopper pack avec poign\u00e9e et fen\u00eatre frontale est parfait pour les cadeaux, pr\u00eats \u00e0 l&#8217;emploi et sc\u00e9niques. <\/p>\n<p><strong>\ud83d\udccf Bougie :<\/strong> \u00d8 6 x 6 x 11,5 cm (environ 30 h)<br \/>\n\ud83d\udccf <strong>Meringue (chaque) :<\/strong> 3,4 x 3,9 x 2,1 cm<br \/>\n\ud83d\udccf <strong>Paquet :<\/strong> 20 x 9,6 x 27,5 cm<\/p>\n<p><strong>Pyramide olfactive<\/strong><\/p>\n<ul>\n<li>Notes de t\u00eate : <strong>Bergamote, Pamplemousse<\/strong><\/li>\n<li>Notes de c\u0153ur : <strong>framboise, violette<\/strong><\/li>\n<li>Notes de fond : <strong>Vanille, Caramel, Musc<\/strong><\/li>\n<\/ul>\n","protected":false},"featured_media":230472,"comment_status":"open","ping_status":"closed","template":"","meta":{"_joinchat":[]},"pwb-brand":[1562],"product_brand":[],"product_cat":[1516,1521,1515],"product_tag":[1296],"class_list":{"0":"post-230482","1":"product","2":"type-product","3":"status-publish","4":"has-post-thumbnail","6":"pwb-brand-mathilde-m-fr","7":"product_cat-bougies-parfumees","8":"product_cat-craies-parfumees","9":"product_cat-parfumeurs","10":"product_tag-idee-de-cadeau","12":"first","13":"instock","14":"taxable","15":"shipping-taxable","16":"purchasable","17":"product-type-simple"},"brands":[{"id":1562,"name":"Mathilde M.","slug":"mathilde-m-fr"}],"_links":{"self":[{"href":"https:\/\/www.tendenzeshabbychic.it\/fr\/wp-json\/wp\/v2\/product\/230482","targetHints":{"allow":["GET"]}}],"collection":[{"href":"https:\/\/www.tendenzeshabbychic.it\/fr\/wp-json\/wp\/v2\/product"}],"about":[{"href":"https:\/\/www.tendenzeshabbychic.it\/fr\/wp-json\/wp\/v2\/types\/product"}],"replies":[{"embeddable":true,"href":"https:\/\/www.tendenzeshabbychic.it\/fr\/wp-json\/wp\/v2\/comments?post=230482"}],"wp:featuredmedia":[{"embeddable":true,"href":"https:\/\/www.tendenzeshabbychic.it\/fr\/wp-json\/wp\/v2\/media\/230472"}],"wp:attachment":[{"href":"https:\/\/www.tendenzeshabbychic.it\/fr\/wp-json\/wp\/v2\/media?parent=230482"}],"wp:term":[{"taxonomy":"pwb-brand","embeddable":true,"href":"https:\/\/www.tendenzeshabbychic.it\/fr\/wp-json\/wp\/v2\/pwb-brand?post=230482"},{"taxonomy":"product_brand","embeddable":true,"href":"https:\/\/www.tendenzeshabbychic.it\/fr\/wp-json\/wp\/v2\/product_brand?post=230482"},{"taxonomy":"product_cat","embeddable":true,"href":"https:\/\/www.tendenzeshabbychic.it\/fr\/wp-json\/wp\/v2\/product_cat?post=230482"},{"taxonomy":"product_tag","embeddable":true,"href":"https:\/\/www.tendenzeshabbychic.it\/fr\/wp-json\/wp\/v2\/product_tag?post=230482"}],"curies":[{"name":"wp","href":"https:\/\/api.w.org\/{rel}","templated":true}]}}