{"id":230063,"date":"2026-02-13T09:29:37","date_gmt":"2026-02-13T08:29:37","guid":{"rendered":"https:\/\/www.tendenzeshabbychic.it\/prodotto\/blanc-mariclo-silhouette-iron-dancers-19x17-secret-garden\/"},"modified":"2026-02-13T09:29:37","modified_gmt":"2026-02-13T08:29:37","slug":"blanc-mariclo-silhouette-iron-dancers-19x17-secret-garden","status":"publish","type":"product","link":"https:\/\/www.tendenzeshabbychic.it\/fr\/produit\/blanc-mariclo-silhouette-iron-dancers-19x17-secret-garden\/","title":{"rendered":"Blanc MariCl\u00f2 Silhouette Iron Dancers 19&#215;17 Secret Garden"},"content":{"rendered":"<p>Cette \u00e9l\u00e9gante d\u00e9coration en m\u00e9tal de Blanc MariCl\u00f2 repr\u00e9sente trois danseuses dans une d\u00e9licate chor\u00e9graphie, parfaite pour enrichir avec gr\u00e2ce les espaces couverts int\u00e9rieurs ou ext\u00e9rieurs. L&rsquo;ajourage et l&rsquo;effet antique donnent une touche po\u00e9tique et vintage \u00e0 la figure, dans un style shabby chic parfait. <\/p>\n<p>Id\u00e9ale pour \u00eatre plac\u00e9e sur des consoles, des \u00e9tag\u00e8res, des rebords de fen\u00eatre ou entre des plantes dans la v\u00e9randa, la silhouette cr\u00e9e du mouvement et de l&rsquo;harmonie dans n&rsquo;importe quel coin de la maison ou du jardin.<\/p>\n<ul>\n<li>Motif de danse avec trois danseurs<\/li>\n<li>Finition antique pour un effet vintage<\/li>\n<li>Fabriqu\u00e9 en m\u00e9tal robuste<\/li>\n<li>Blanc MariCl\u00f2 Collection Jardin Secret<\/li>\n<li>Parfait pour les ambiances romantiques et de pacotille<\/li>\n<\/ul>\n","protected":false},"excerpt":{"rendered":"<p>Trio de danseuses en m\u00e9tal vieilli sur un socle, parfait pour cr\u00e9er des coins romantiques et f\u00e9eriques.<\/p>\n<p>\ud83d\udccf 19 x 6 x 17 cm<\/p>\n","protected":false},"featured_media":230061,"comment_status":"open","ping_status":"closed","template":"","meta":{"_joinchat":[]},"pwb-brand":[1561],"product_brand":[],"product_cat":[1505],"product_tag":[2940,1310],"class_list":{"0":"post-230063","1":"product","2":"type-product","3":"status-publish","4":"has-post-thumbnail","6":"pwb-brand-blanc-mariclo-fr","7":"product_cat-objets","8":"product_tag-jardin","9":"product_tag-patine-vintage","11":"first","12":"instock","13":"taxable","14":"shipping-taxable","15":"purchasable","16":"product-type-simple"},"brands":[{"id":1561,"name":"Blanc Mariclo","slug":"blanc-mariclo-fr"}],"_links":{"self":[{"href":"https:\/\/www.tendenzeshabbychic.it\/fr\/wp-json\/wp\/v2\/product\/230063","targetHints":{"allow":["GET"]}}],"collection":[{"href":"https:\/\/www.tendenzeshabbychic.it\/fr\/wp-json\/wp\/v2\/product"}],"about":[{"href":"https:\/\/www.tendenzeshabbychic.it\/fr\/wp-json\/wp\/v2\/types\/product"}],"replies":[{"embeddable":true,"href":"https:\/\/www.tendenzeshabbychic.it\/fr\/wp-json\/wp\/v2\/comments?post=230063"}],"wp:featuredmedia":[{"embeddable":true,"href":"https:\/\/www.tendenzeshabbychic.it\/fr\/wp-json\/wp\/v2\/media\/230061"}],"wp:attachment":[{"href":"https:\/\/www.tendenzeshabbychic.it\/fr\/wp-json\/wp\/v2\/media?parent=230063"}],"wp:term":[{"taxonomy":"pwb-brand","embeddable":true,"href":"https:\/\/www.tendenzeshabbychic.it\/fr\/wp-json\/wp\/v2\/pwb-brand?post=230063"},{"taxonomy":"product_brand","embeddable":true,"href":"https:\/\/www.tendenzeshabbychic.it\/fr\/wp-json\/wp\/v2\/product_brand?post=230063"},{"taxonomy":"product_cat","embeddable":true,"href":"https:\/\/www.tendenzeshabbychic.it\/fr\/wp-json\/wp\/v2\/product_cat?post=230063"},{"taxonomy":"product_tag","embeddable":true,"href":"https:\/\/www.tendenzeshabbychic.it\/fr\/wp-json\/wp\/v2\/product_tag?post=230063"}],"curies":[{"name":"wp","href":"https:\/\/api.w.org\/{rel}","templated":true}]}}