{"id":230058,"date":"2026-02-13T09:10:41","date_gmt":"2026-02-13T08:10:41","guid":{"rendered":"https:\/\/www.tendenzeshabbychic.it\/prodotto\/blanc-mariclo-iron-dancers-18x17-secret-garden\/"},"modified":"2026-02-13T23:42:11","modified_gmt":"2026-02-13T22:42:11","slug":"blanc-mariclo-iron-dancers-18x17-secret-garden","status":"publish","type":"product","link":"https:\/\/www.tendenzeshabbychic.it\/fr\/produit\/blanc-mariclo-iron-dancers-18x17-secret-garden\/","title":{"rendered":"Blanc MariCl\u00f2 Iron Dancers 18&#215;17 Secret Garden"},"content":{"rendered":"<p>Cette ravissante sculpture en fer de la collection <em>Giardino Segreto<\/em> repr\u00e9sente deux danseurs dans une pose harmonieuse, taill\u00e9e avec un effet de silhouette et une finition antique. Le m\u00e9tal travaill\u00e9 cr\u00e9e une atmosph\u00e8re po\u00e9tique et intemporelle, id\u00e9ale pour d\u00e9corer des consoles, des biblioth\u00e8ques, des rebords de fen\u00eatres ou des espaces ext\u00e9rieurs tels que des terrasses ou des jardins. <\/p>\n<p>Petit mais visuellement frappant, il ajoute une touche Shabby Chic et r\u00eaveuse partout o\u00f9 il est plac\u00e9.<\/p>\n<ul>\n<li>Design romantique avec ballerines stylis\u00e9es<\/li>\n<li>Fer avec finition antique artisanale<\/li>\n<li>Collection de jardins secrets de Blanc MariCl\u00f2<\/li>\n<li>Parfait pour les environnements int\u00e9rieurs et int\u00e9rieurs-ext\u00e9rieurs<\/li>\n<li>Id\u00e9e de cadeau original et d\u00e9coratif<\/li>\n<\/ul>\n","protected":false},"excerpt":{"rendered":"<p>D\u00e9coration antique en m\u00e9tal avec des ballerines stylis\u00e9es. Id\u00e9al pour les int\u00e9rieurs romantiques et les jardins. <\/p>\n<p>\ud83d\udccf 18 x 6 x 17 cm<\/p>\n","protected":false},"featured_media":230054,"comment_status":"open","ping_status":"closed","template":"","meta":{"_joinchat":[]},"pwb-brand":[1561],"product_brand":[],"product_cat":[1505],"product_tag":[2940],"class_list":{"0":"post-230058","1":"product","2":"type-product","3":"status-publish","4":"has-post-thumbnail","6":"pwb-brand-blanc-mariclo-fr","7":"product_cat-objets","8":"product_tag-jardin","10":"first","11":"instock","12":"taxable","13":"shipping-taxable","14":"purchasable","15":"product-type-simple"},"brands":[{"id":1561,"name":"Blanc Mariclo","slug":"blanc-mariclo-fr"}],"_links":{"self":[{"href":"https:\/\/www.tendenzeshabbychic.it\/fr\/wp-json\/wp\/v2\/product\/230058","targetHints":{"allow":["GET"]}}],"collection":[{"href":"https:\/\/www.tendenzeshabbychic.it\/fr\/wp-json\/wp\/v2\/product"}],"about":[{"href":"https:\/\/www.tendenzeshabbychic.it\/fr\/wp-json\/wp\/v2\/types\/product"}],"replies":[{"embeddable":true,"href":"https:\/\/www.tendenzeshabbychic.it\/fr\/wp-json\/wp\/v2\/comments?post=230058"}],"wp:featuredmedia":[{"embeddable":true,"href":"https:\/\/www.tendenzeshabbychic.it\/fr\/wp-json\/wp\/v2\/media\/230054"}],"wp:attachment":[{"href":"https:\/\/www.tendenzeshabbychic.it\/fr\/wp-json\/wp\/v2\/media?parent=230058"}],"wp:term":[{"taxonomy":"pwb-brand","embeddable":true,"href":"https:\/\/www.tendenzeshabbychic.it\/fr\/wp-json\/wp\/v2\/pwb-brand?post=230058"},{"taxonomy":"product_brand","embeddable":true,"href":"https:\/\/www.tendenzeshabbychic.it\/fr\/wp-json\/wp\/v2\/product_brand?post=230058"},{"taxonomy":"product_cat","embeddable":true,"href":"https:\/\/www.tendenzeshabbychic.it\/fr\/wp-json\/wp\/v2\/product_cat?post=230058"},{"taxonomy":"product_tag","embeddable":true,"href":"https:\/\/www.tendenzeshabbychic.it\/fr\/wp-json\/wp\/v2\/product_tag?post=230058"}],"curies":[{"name":"wp","href":"https:\/\/api.w.org\/{rel}","templated":true}]}}