{"id":229820,"date":"2026-02-11T10:04:17","date_gmt":"2026-02-11T09:04:17","guid":{"rendered":"https:\/\/www.tendenzeshabbychic.it\/prodotto\/mathilde-m-diffusore-180ml-petite-madeleine\/"},"modified":"2026-02-11T10:04:17","modified_gmt":"2026-02-11T09:04:17","slug":"mathilde-m-diffusore-180ml-petite-madeleine","status":"publish","type":"product","link":"https:\/\/www.tendenzeshabbychic.it\/fr\/produit\/mathilde-m-diffusore-180ml-petite-madeleine\/","title":{"rendered":"Mathilde M Diffusore 180ml Petite Madeleine"},"content":{"rendered":"<p>Le diffuseur <em>Gourmandises d&rsquo;\u00c9t\u00e9<\/em> de Mathilde M est con\u00e7u pour celles et ceux qui aiment parfumer leur int\u00e9rieur avec une touche d\u00e9co vraiment sympa. Le flacon <strong>en verre<\/strong> a une ligne douce et raffin\u00e9e, embellie par le <strong>bouchon en bois<\/strong> et le petit <strong>pendentif marguerite<\/strong>, un d\u00e9tail bijou qui le rend parfait sur les consoles, les tables de chevet et les plateaux. <\/p>\n<p>Le parfum <strong>Petite Madeleine<\/strong> est enveloppant et nostalgique, comme un g\u00e2teau fra\u00eechement sorti du four : le <strong>zeste de citron<\/strong> illumine le d\u00e9part, puis vient la douceur de la <strong>madeleine<\/strong> avec la touche \u00e9l\u00e9gante de la <strong>fleur d&rsquo;oranger<\/strong>. En fond, la <strong>vanille<\/strong> et le <strong>caramel<\/strong> cr\u00e9ent un sillage chaud et gourmand qui se prolonge d\u00e9licatement dans l&rsquo;air.<br \/>\nId\u00e9al pour l&rsquo;entr\u00e9e, le salon et la chambre \u00e0 coucher, surtout si vous aimez le \u00ab\u00a0confort\u00a0\u00bb et les parfums lumineux. <\/p>\n<ul>\n<li>Format <strong>180 ml<\/strong> pour un parfum longue dur\u00e9e<\/li>\n<li>Bouteille en verre avec <strong>bouchon sph\u00e9rique en bois<\/strong> (d\u00e9tail chic)<\/li>\n<li><strong>Breloque<\/strong> d\u00e9corative en forme de <strong>marguerite<\/strong>, style romantique fran\u00e7ais<\/li>\n<li>Comprend <strong>7<\/strong> b\u00e2tonnets de rotin blanchis de <strong>25 cm<\/strong><\/li>\n<li>Bo\u00eete cadeau avec poign\u00e9e et fen\u00eatre, pr\u00eate \u00e0 donner<\/li>\n<\/ul>\n","protected":false},"excerpt":{"rendered":"<p>Diffuseur d&rsquo;ambiance de la collection <em>Gourmandises d&rsquo;\u00c9t\u00e9<\/em> en <strong>verre<\/strong> avec le parfum &lsquo;Petite Madeleine&rsquo;. Le flacon \u00e9l\u00e9gant et lumineux est compl\u00e9t\u00e9 par un <strong>bouchon sph\u00e9rique en bois naturel<\/strong> et une <strong>breloque<\/strong> romantique en forme <strong>de marguerite<\/strong>. Comprend <strong>7 b\u00e2tons de rotin blanchis<\/strong> de 25 cm. Bo\u00eete cadeau avec poign\u00e9e, motif \u00e0 carreaux pastel avec petits motifs floraux et fen\u00eatre frontale.   <\/p>\n<p>\ud83d\udccf <strong>Diffuseur :<\/strong> 8,7 x 8,7 x 10,5 cm<br \/>\n\ud83d\udccf <strong>Emballage :<\/strong> 18,7 x 13 x 30 cm<\/p>\n<p><strong>Pyramide olfactive<\/strong><\/p>\n<ul>\n<li>Notes de t\u00eate : <strong>zeste de citron<\/strong><\/li>\n<li>Notes de c\u0153ur : <strong>Madeleine, fleur d&rsquo;oranger<\/strong><\/li>\n<li>Notes de fond : <strong>Vanille, Caramel<\/strong><\/li>\n<\/ul>\n","protected":false},"featured_media":229803,"comment_status":"open","ping_status":"closed","template":"","meta":{"_joinchat":[]},"pwb-brand":[1562],"product_brand":[],"product_cat":[1517,1515],"product_tag":[],"class_list":{"0":"post-229820","1":"product","2":"type-product","3":"status-publish","4":"has-post-thumbnail","6":"pwb-brand-mathilde-m-fr","7":"product_cat-diffuseurs-en-baton","8":"product_cat-parfumeurs","10":"first","11":"instock","12":"taxable","13":"shipping-taxable","14":"purchasable","15":"product-type-simple"},"brands":[{"id":1562,"name":"Mathilde M.","slug":"mathilde-m-fr"}],"_links":{"self":[{"href":"https:\/\/www.tendenzeshabbychic.it\/fr\/wp-json\/wp\/v2\/product\/229820","targetHints":{"allow":["GET"]}}],"collection":[{"href":"https:\/\/www.tendenzeshabbychic.it\/fr\/wp-json\/wp\/v2\/product"}],"about":[{"href":"https:\/\/www.tendenzeshabbychic.it\/fr\/wp-json\/wp\/v2\/types\/product"}],"replies":[{"embeddable":true,"href":"https:\/\/www.tendenzeshabbychic.it\/fr\/wp-json\/wp\/v2\/comments?post=229820"}],"wp:featuredmedia":[{"embeddable":true,"href":"https:\/\/www.tendenzeshabbychic.it\/fr\/wp-json\/wp\/v2\/media\/229803"}],"wp:attachment":[{"href":"https:\/\/www.tendenzeshabbychic.it\/fr\/wp-json\/wp\/v2\/media?parent=229820"}],"wp:term":[{"taxonomy":"pwb-brand","embeddable":true,"href":"https:\/\/www.tendenzeshabbychic.it\/fr\/wp-json\/wp\/v2\/pwb-brand?post=229820"},{"taxonomy":"product_brand","embeddable":true,"href":"https:\/\/www.tendenzeshabbychic.it\/fr\/wp-json\/wp\/v2\/product_brand?post=229820"},{"taxonomy":"product_cat","embeddable":true,"href":"https:\/\/www.tendenzeshabbychic.it\/fr\/wp-json\/wp\/v2\/product_cat?post=229820"},{"taxonomy":"product_tag","embeddable":true,"href":"https:\/\/www.tendenzeshabbychic.it\/fr\/wp-json\/wp\/v2\/product_tag?post=229820"}],"curies":[{"name":"wp","href":"https:\/\/api.w.org\/{rel}","templated":true}]}}