{"id":229817,"date":"2026-02-11T10:09:24","date_gmt":"2026-02-11T09:09:24","guid":{"rendered":"https:\/\/www.tendenzeshabbychic.it\/prodotto\/mathilde-m-spray-dambiance-petite-madeleine-90-ml\/"},"modified":"2026-02-11T10:09:24","modified_gmt":"2026-02-11T09:09:24","slug":"mathilde-m-spray-dambiance-petite-madeleine-90-ml","status":"publish","type":"product","link":"https:\/\/www.tendenzeshabbychic.it\/fr\/produit\/mathilde-m-spray-dambiance-petite-madeleine-90-ml\/","title":{"rendered":"Mathilde M Spray d&rsquo;ambiance Petite Madeleine 90 ml"},"content":{"rendered":"<p>Un geste rapide pour changer imm\u00e9diatement d&rsquo;atmosph\u00e8re : le parfum d&rsquo;ambiance <em>Gourmandises d&rsquo;\u00c9t\u00e9<\/em> de Mathilde M parfume d\u00e9licatement et apporte une touche d&rsquo;\u00e9l\u00e9gance au quotidien. Le flacon <strong>en verre<\/strong> est essentiel et lumineux ; l&rsquo;\u00e9tiquette \u00e0 <strong>carreaux pastel<\/strong> et petits d\u00e9tails d\u00e9coratifs (style romantique) rappelle l&rsquo;univers \u00a0\u00bb sucr\u00e9 \u00a0\u00bb de la collection. Le bouchon\/n\u00e9buliseur <strong>en m\u00e9tal argent\u00e9<\/strong> donne une finition pr\u00e9cieuse et soign\u00e9e, \u00e9galement parfaite sur un plateau dans la salle de bain ou sur une \u00e9tag\u00e8re dans le hall d&rsquo;entr\u00e9e.  <\/p>\n<p>Le parfum <strong>Petite Madeleine<\/strong> est enveloppant et nostalgique, comme un souvenir heureux : le <strong>zeste de citron<\/strong> illumine le d\u00e9part, puis vient la douceur de la <strong>madeleine<\/strong> avec la touche \u00e9l\u00e9gante de la <strong>fleur d&rsquo;oranger<\/strong>. En fond, <strong>vanille<\/strong> et <strong>caramel<\/strong> s&rsquo;entrem\u00ealent dans un sillage chaud et gourmand qui se prolonge dans l&rsquo;air avec raffinement. Id\u00e9al apr\u00e8s l&rsquo;a\u00e9ration, avant de recevoir des invit\u00e9s ou pour \u00ab\u00a0habiller\u00a0\u00bb textiles et pi\u00e8ces d&rsquo;une note sucr\u00e9e mais non \u00e9touffante.  <\/p>\n<ul>\n<li>Bouteille <strong>en verre<\/strong> au design d\u00e9licat et f\u00e9minin<\/li>\n<li>Vaporisateur <strong>en m\u00e9tal argent\u00e9<\/strong> (d\u00e9tail chic)<\/li>\n<li>Format pratique de <strong>90 ml<\/strong>, id\u00e9al \u00e9galement comme id\u00e9e de cadeau<\/li>\n<li>Parfum \u00ab\u00a0confort\u00a0\u00bb : citron, madeleine, fleur d&rsquo;oranger, vanille et caramel<\/li>\n<li>Id\u00e9al en combinaison avec le <strong>diffuseur Petite Madeleine de 180 ml<\/strong> pour un parfum continu.<\/li>\n<\/ul>\n","protected":false},"excerpt":{"rendered":"<p>Un parfum d&rsquo;ambiance de la collection <em>Gourmandises d&rsquo;\u00c9t\u00e9<\/em> dans un flacon <strong>en verre<\/strong> transparent avec une \u00e9l\u00e9gante \u00e9tiquette aux carreaux pastel et aux petits motifs romantiques. Le vaporisateur <strong>en m\u00e9tal argent\u00e9<\/strong> compl\u00e8te le look avec une touche chic, \u00e0 garder sous la main et \u00e0 utiliser au pied lev\u00e9 pour rafra\u00eechir la maison avec la douceur de <strong>Petite Madeleine<\/strong>. <\/p>\n<p>\ud83d\udccf <strong>4 x 4 x 14,7 cm<\/strong><\/p>\n<p><strong>Pyramide olfactive<\/strong><\/p>\n<ul>\n<li>Notes de t\u00eate : <strong>zeste de citron<\/strong><\/li>\n<li>Notes de c\u0153ur : <strong>Madeleine, fleur d&rsquo;oranger<\/strong><\/li>\n<li>Notes de fond : <strong>Vanille, Caramel<\/strong><\/li>\n<\/ul>\n","protected":false},"featured_media":229799,"comment_status":"open","ping_status":"closed","template":"","meta":{"_joinchat":[]},"pwb-brand":[1562],"product_brand":[],"product_cat":[1518,1515],"product_tag":[],"class_list":{"0":"post-229817","1":"product","2":"type-product","3":"status-publish","4":"has-post-thumbnail","6":"pwb-brand-mathilde-m-fr","7":"product_cat-spray-fr","8":"product_cat-parfumeurs","10":"first","11":"instock","12":"taxable","13":"shipping-taxable","14":"purchasable","15":"product-type-simple"},"brands":[{"id":1562,"name":"Mathilde M.","slug":"mathilde-m-fr"}],"_links":{"self":[{"href":"https:\/\/www.tendenzeshabbychic.it\/fr\/wp-json\/wp\/v2\/product\/229817","targetHints":{"allow":["GET"]}}],"collection":[{"href":"https:\/\/www.tendenzeshabbychic.it\/fr\/wp-json\/wp\/v2\/product"}],"about":[{"href":"https:\/\/www.tendenzeshabbychic.it\/fr\/wp-json\/wp\/v2\/types\/product"}],"replies":[{"embeddable":true,"href":"https:\/\/www.tendenzeshabbychic.it\/fr\/wp-json\/wp\/v2\/comments?post=229817"}],"wp:featuredmedia":[{"embeddable":true,"href":"https:\/\/www.tendenzeshabbychic.it\/fr\/wp-json\/wp\/v2\/media\/229799"}],"wp:attachment":[{"href":"https:\/\/www.tendenzeshabbychic.it\/fr\/wp-json\/wp\/v2\/media?parent=229817"}],"wp:term":[{"taxonomy":"pwb-brand","embeddable":true,"href":"https:\/\/www.tendenzeshabbychic.it\/fr\/wp-json\/wp\/v2\/pwb-brand?post=229817"},{"taxonomy":"product_brand","embeddable":true,"href":"https:\/\/www.tendenzeshabbychic.it\/fr\/wp-json\/wp\/v2\/product_brand?post=229817"},{"taxonomy":"product_cat","embeddable":true,"href":"https:\/\/www.tendenzeshabbychic.it\/fr\/wp-json\/wp\/v2\/product_cat?post=229817"},{"taxonomy":"product_tag","embeddable":true,"href":"https:\/\/www.tendenzeshabbychic.it\/fr\/wp-json\/wp\/v2\/product_tag?post=229817"}],"curies":[{"name":"wp","href":"https:\/\/api.w.org\/{rel}","templated":true}]}}