{"id":229816,"date":"2026-02-11T10:21:17","date_gmt":"2026-02-11T09:21:17","guid":{"rendered":"https:\/\/www.tendenzeshabbychic.it\/prodotto\/mathilde-m-decor-parfume-petite-madeleine-2-pcs\/"},"modified":"2026-02-11T10:21:17","modified_gmt":"2026-02-11T09:21:17","slug":"mathilde-m-decor-parfume-petite-madeleine-2-pcs","status":"publish","type":"product","link":"https:\/\/www.tendenzeshabbychic.it\/fr\/produit\/mathilde-m-decor-parfume-petite-madeleine-2-pcs\/","title":{"rendered":"Mathilde M D\u00e9cor Parfum\u00e9 Petite Madeleine 2 pcs"},"content":{"rendered":"<p>Le coffret <em>Scented Surprises<\/em> Mathilde M est une id\u00e9e de cadeau raffin\u00e9e pour ceux qui aiment les d\u00e9tails romantiques et les parfums \u00ab\u00a0confort\u00a0\u00bb. Les deux d\u00e9corations sont r\u00e9alis\u00e9es en <strong>pl\u00e2tre parfum\u00e9 blanc opaque<\/strong>, avec des formes inspir\u00e9es de la p\u00e2tisserie fran\u00e7aise : un <strong>macaron<\/strong> et une <strong>mignardise<\/strong> aux bords et aux volumes bien d\u00e9finis, ce qui les rend d\u00e9coratifs m\u00eame s&rsquo;ils ne sont plac\u00e9s que sur un plateau ou dans un coin beaut\u00e9. <\/p>\n<p>Le parfum <strong>Petite Madeleine<\/strong> est irr\u00e9sistiblement enveloppant et nostalgique : le <strong>zeste de citron<\/strong> illumine le d\u00e9part, puis vient la douceur de la <strong>madeleine<\/strong> avec la note \u00e9l\u00e9gante de la <strong>fleur d&rsquo;oranger<\/strong>. En arri\u00e8re-plan, la <strong>vanille<\/strong> et le <strong>caramel<\/strong> laissent un sillage chaud et gourmand, d\u00e9licat mais persistant. Parfait pour parfumer les <strong>tiroirs, les armoires, les valises<\/strong> ou les petits espaces de la maison avec une touche chic.  <\/p>\n<ul>\n<li>2 d\u00e9corations parfum\u00e9es en pl\u00e2tre : <strong>macaron + mignardise<\/strong><\/li>\n<li>Finition <strong>mate<\/strong> avec d\u00e9tails et reliefs bien visibles<\/li>\n<li>Sac \u00e0 dos avec poign\u00e9e et <strong>noeud<\/strong>: pr\u00eat \u00e0 donner<\/li>\n<li>Parfum &lsquo;confort&rsquo; doux et lumineux (citron, madeleine, fleur d&rsquo;oranger)<\/li>\n<li>Id\u00e9al pour parfumer les petits espaces sans \u00e9lectricit\u00e9<\/li>\n<\/ul>\n","protected":false},"excerpt":{"rendered":"<p>Douces surprises parfum\u00e9es de la collection <em>Gourmandises d&rsquo;\u00c9t\u00e9<\/em>: un lot de <strong>2 d\u00e9corations parfum\u00e9es en pl\u00e2tre<\/strong> (blanc, finition mate) model\u00e9es comme une petite p\u00e2tisserie &#8211; un <strong>macaron<\/strong> et une <strong>mignardise<\/strong> en relief. L&#8217;emballage est un joli shopper avec poign\u00e9e, motif \u00e0 carreaux pastel avec petits motifs romantiques et <strong>n\u0153ud<\/strong> d\u00e9coratif : parfait pour un cadeau. <\/p>\n<p>\ud83d\udccf <strong>Macarons :<\/strong> 4 x 2 x 4,2 cm<br \/>\n\ud83d\udccf <strong>Mignardise :<\/strong> 4,4 x 4,4 x 3,3 cm<br \/>\n\ud83d\udccf <strong>Emballage :<\/strong> 11,2 x 6,9 x 12,5 cm<\/p>\n<p><strong>Pyramide olfactive<\/strong><\/p>\n<ul>\n<li>Notes de t\u00eate : <strong>zeste de citron<\/strong><\/li>\n<li>Notes de c\u0153ur : <strong>Madeleine, fleur d&rsquo;oranger<\/strong><\/li>\n<li>Notes de fond : <strong>Vanille, Caramel<\/strong><\/li>\n<\/ul>\n","protected":false},"featured_media":229802,"comment_status":"open","ping_status":"closed","template":"","meta":{"_joinchat":[]},"pwb-brand":[1562],"product_brand":[],"product_cat":[1521,1515],"product_tag":[1296],"class_list":{"0":"post-229816","1":"product","2":"type-product","3":"status-publish","4":"has-post-thumbnail","6":"pwb-brand-mathilde-m-fr","7":"product_cat-craies-parfumees","8":"product_cat-parfumeurs","9":"product_tag-idee-de-cadeau","11":"first","12":"instock","13":"taxable","14":"shipping-taxable","15":"purchasable","16":"product-type-simple"},"brands":[{"id":1562,"name":"Mathilde M.","slug":"mathilde-m-fr"}],"_links":{"self":[{"href":"https:\/\/www.tendenzeshabbychic.it\/fr\/wp-json\/wp\/v2\/product\/229816","targetHints":{"allow":["GET"]}}],"collection":[{"href":"https:\/\/www.tendenzeshabbychic.it\/fr\/wp-json\/wp\/v2\/product"}],"about":[{"href":"https:\/\/www.tendenzeshabbychic.it\/fr\/wp-json\/wp\/v2\/types\/product"}],"replies":[{"embeddable":true,"href":"https:\/\/www.tendenzeshabbychic.it\/fr\/wp-json\/wp\/v2\/comments?post=229816"}],"wp:featuredmedia":[{"embeddable":true,"href":"https:\/\/www.tendenzeshabbychic.it\/fr\/wp-json\/wp\/v2\/media\/229802"}],"wp:attachment":[{"href":"https:\/\/www.tendenzeshabbychic.it\/fr\/wp-json\/wp\/v2\/media?parent=229816"}],"wp:term":[{"taxonomy":"pwb-brand","embeddable":true,"href":"https:\/\/www.tendenzeshabbychic.it\/fr\/wp-json\/wp\/v2\/pwb-brand?post=229816"},{"taxonomy":"product_brand","embeddable":true,"href":"https:\/\/www.tendenzeshabbychic.it\/fr\/wp-json\/wp\/v2\/product_brand?post=229816"},{"taxonomy":"product_cat","embeddable":true,"href":"https:\/\/www.tendenzeshabbychic.it\/fr\/wp-json\/wp\/v2\/product_cat?post=229816"},{"taxonomy":"product_tag","embeddable":true,"href":"https:\/\/www.tendenzeshabbychic.it\/fr\/wp-json\/wp\/v2\/product_tag?post=229816"}],"curies":[{"name":"wp","href":"https:\/\/api.w.org\/{rel}","templated":true}]}}