{"id":229814,"date":"2026-02-11T11:00:41","date_gmt":"2026-02-11T10:00:41","guid":{"rendered":"https:\/\/www.tendenzeshabbychic.it\/prodotto\/mathilde-m-pochon-3-decorations-citron-meringue\/"},"modified":"2026-02-11T11:00:41","modified_gmt":"2026-02-11T10:00:41","slug":"mathilde-m-pochon-3-decorations-citron-meringue","status":"publish","type":"product","link":"https:\/\/www.tendenzeshabbychic.it\/fr\/produit\/mathilde-m-pochon-3-decorations-citron-meringue\/","title":{"rendered":"Mathilde M Pochon 3 D\u00e9corations Citron Meringu\u00e9"},"content":{"rendered":"<p>Une id\u00e9e cadeau d\u00e9licate et tr\u00e8s \u00ab\u00a0fran\u00e7aise\u00a0\u00bb : le <strong>pochon avec 3 d\u00e9corations parfum\u00e9es Mathilde M Citron Meringu\u00e9<\/strong> <em>(<\/em>collection <em>Gourmandises d&rsquo;\u00c9t\u00e9<\/em>) est parfait pour parfumer discr\u00e8tement les espaces les plus intimes de la maison. Les d\u00e9cors sont en <strong>pl\u00e2tre blanc opaque<\/strong> et ont un aspect soign\u00e9 : la <strong>tasse<\/strong> est orn\u00e9e d&rsquo;une grande fleur en relief, la <strong>th\u00e9i\u00e8re<\/strong> rappelle des formes classiques avec des d\u00e9tails romantiques, tandis que le <strong>cupcake \u00e0 \u00e9tages<\/strong> apporte une touche ludique et raffin\u00e9e. <\/p>\n<p>Chaque pi\u00e8ce est accompagn\u00e9e d&rsquo;un <strong>ruban vichy<\/strong> couleur miel : vous pouvez les accrocher aux cintres, aux poign\u00e9es de porte et aux poign\u00e9es, ou les placer sur une soucoupe dans la salle de bains ou dans l&rsquo;entr\u00e9e. Le sac en <strong>polyester<\/strong> avec n\u0153ud rend le set pr\u00eat \u00e0 \u00eatre offert, sans emballage suppl\u00e9mentaire. <\/p>\n<p>Le parfum <strong>Citron Meringu\u00e9<\/strong> est une g\u00e2terie gourmande : un d\u00e9part lumineux de <strong>citron<\/strong>, un c\u0153ur doux de <strong>meringue<\/strong>, et une base enveloppante de <strong>vanille et de musc.<\/strong><\/p>\n<ul>\n<li>3 d\u00e9cors en pl\u00e2tre <strong>blanc et opaque<\/strong>, riches en relief et en d\u00e9tails<\/li>\n<li>Formes irr\u00e9sistibles pour l&rsquo;heure du th\u00e9 : <strong>mug, th\u00e9i\u00e8re et cupcake<\/strong><\/li>\n<li><strong>Rubans Vichy<\/strong> inclus : pr\u00eats \u00e0 \u00eatre accroch\u00e9s dans les armoires et les tiroirs<\/li>\n<li>Pochon \u00e9l\u00e9gant, id\u00e9al comme <strong>cadeau<\/strong><\/li>\n<li>Parfum gourmand chic : <strong>citron, meringue, vanille et musc<\/strong><\/li>\n<\/ul>\n","protected":false},"excerpt":{"rendered":"<p>Pochon cadeau Mathilde M de la collection <em>Gourmandises d&rsquo;\u00c9t\u00e9<\/em> avec <strong>3 d\u00e9cors en pl\u00e2tre<\/strong> blanc opaque, richement travaill\u00e9s et <strong>parfum\u00e9s<\/strong>: un <strong>mug<\/strong> avec une maxi fleur en relief, une <strong>th\u00e9i\u00e8re<\/strong> de style romantique et un <strong>cupcake \u00e9tag\u00e9<\/strong> avec de petits d\u00e9tails d\u00e9coratifs. Chaque d\u00e9coration est compl\u00e9t\u00e9e par un \u00e9l\u00e9gant <strong>ruban vichy<\/strong> couleur miel \u00e0 suspendre dans les armoires et les tiroirs. Le tout est enferm\u00e9 dans un <strong>sac en tissu (polyester)<\/strong> avec un n\u0153ud et une \u00e9tiquette <em>Citron Meringu\u00e9<\/em>. Parfum gourmand : <strong>citron, meringue, vanille et musc<\/strong>.   <\/p>\n<p>\ud83d\udccf <strong>Tasse 5.1 x 6.2 x 2.2 cm<\/strong> &#8211; <strong>Th\u00e9i\u00e8re 6.9 x 6.1 x 2.3 cm<\/strong> &#8211; <strong>G\u00e2teau 5.6 x 6.4 x 2.6 cm<\/strong> &#8211; <strong>Pochon 13 x 18 cm<\/strong><\/p>\n<p><strong>Pyramide olfactive<\/strong><\/p>\n<ul>\n<li>Notes de t\u00eate : <strong>citron<\/strong><\/li>\n<li><strong>Notes de<\/strong> c\u0153ur <strong>: Notes de meringue<\/strong><\/li>\n<li>Notes de fond : <strong>Vanille, Musc<\/strong><\/li>\n<\/ul>\n","protected":false},"featured_media":229793,"comment_status":"open","ping_status":"closed","template":"","meta":{"_joinchat":[]},"pwb-brand":[1562],"product_brand":[],"product_cat":[1521,1515],"product_tag":[1296],"class_list":{"0":"post-229814","1":"product","2":"type-product","3":"status-publish","4":"has-post-thumbnail","6":"pwb-brand-mathilde-m-fr","7":"product_cat-craies-parfumees","8":"product_cat-parfumeurs","9":"product_tag-idee-de-cadeau","11":"first","12":"instock","13":"taxable","14":"shipping-taxable","15":"purchasable","16":"product-type-simple"},"brands":[{"id":1562,"name":"Mathilde M.","slug":"mathilde-m-fr"}],"_links":{"self":[{"href":"https:\/\/www.tendenzeshabbychic.it\/fr\/wp-json\/wp\/v2\/product\/229814","targetHints":{"allow":["GET"]}}],"collection":[{"href":"https:\/\/www.tendenzeshabbychic.it\/fr\/wp-json\/wp\/v2\/product"}],"about":[{"href":"https:\/\/www.tendenzeshabbychic.it\/fr\/wp-json\/wp\/v2\/types\/product"}],"replies":[{"embeddable":true,"href":"https:\/\/www.tendenzeshabbychic.it\/fr\/wp-json\/wp\/v2\/comments?post=229814"}],"wp:featuredmedia":[{"embeddable":true,"href":"https:\/\/www.tendenzeshabbychic.it\/fr\/wp-json\/wp\/v2\/media\/229793"}],"wp:attachment":[{"href":"https:\/\/www.tendenzeshabbychic.it\/fr\/wp-json\/wp\/v2\/media?parent=229814"}],"wp:term":[{"taxonomy":"pwb-brand","embeddable":true,"href":"https:\/\/www.tendenzeshabbychic.it\/fr\/wp-json\/wp\/v2\/pwb-brand?post=229814"},{"taxonomy":"product_brand","embeddable":true,"href":"https:\/\/www.tendenzeshabbychic.it\/fr\/wp-json\/wp\/v2\/product_brand?post=229814"},{"taxonomy":"product_cat","embeddable":true,"href":"https:\/\/www.tendenzeshabbychic.it\/fr\/wp-json\/wp\/v2\/product_cat?post=229814"},{"taxonomy":"product_tag","embeddable":true,"href":"https:\/\/www.tendenzeshabbychic.it\/fr\/wp-json\/wp\/v2\/product_tag?post=229814"}],"curies":[{"name":"wp","href":"https:\/\/api.w.org\/{rel}","templated":true}]}}