{"id":229813,"date":"2026-02-11T11:36:01","date_gmt":"2026-02-11T10:36:01","guid":{"rendered":"https:\/\/www.tendenzeshabbychic.it\/prodotto\/mathilde-m-environnement-spray-citron-meringue-90-ml\/"},"modified":"2026-03-28T09:38:14","modified_gmt":"2026-03-28T08:38:14","slug":"mathilde-m-environnement-spray-citron-meringue-90-ml","status":"publish","type":"product","link":"https:\/\/www.tendenzeshabbychic.it\/fr\/produit\/mathilde-m-environnement-spray-citron-meringue-90-ml\/","title":{"rendered":"Mathilde M Environnement Spray Citron Meringu\u00e9 90 ml"},"content":{"rendered":"<p>Le spray d&rsquo;ambiance <strong>Mathilde M Citron Meringu\u00e9<\/strong> <em>(<\/em>collection <em>Gourmandises d&rsquo;\u00c9t\u00e9<\/em>) est le choix id\u00e9al pour parfumer rapidement la maison d&rsquo;une senteur <em>gourmande<\/em> et raffin\u00e9e. Le flacon cylindrique en <strong>verre<\/strong> laisse entrevoir le liquide transparent, tandis que le <strong>vaporisateur en m\u00e9tal<\/strong> poli apporte une touche pr\u00e9cieuse et raffin\u00e9e. Le graphisme de l&rsquo;\u00e9tiquette, en <strong>jaune tendre<\/strong> avec de petits motifs d\u00e9coratifs et un m\u00e9daillon central <strong>rose<\/strong>, est \u00e9galement id\u00e9al pour \u00eatre mis en valeur sur un plateau dans la salle de bain ou sur une \u00e9tag\u00e8re dans le hall d&rsquo;entr\u00e9e.  <\/p>\n<p>Le parfum <strong>Citron Meringu\u00e9<\/strong> recr\u00e9e la douceur irr\u00e9sistible d&rsquo;une meringue au citron : le d\u00e9part est vif et citronn\u00e9, le c\u0153ur devient doux et \u00ab\u00a0cr\u00e9meux\u00a0\u00bb, tandis que le fond se referme en un c\u00e2lin chaud et propre. Utilisez-le sur les rideaux, les textiles d&rsquo;ameublement (\u00e0 distance) ou simplement dans l&rsquo;air pour rafra\u00eechir les pi\u00e8ces avant les invit\u00e9s, apr\u00e8s avoir cuisin\u00e9 ou pour donner du caract\u00e8re aux chambres et aux espaces de vie. <\/p>\n<ul>\n<li>Capacit\u00e9 : 90 ml<\/li>\n<li>Mat\u00e9riaux : <strong>verre et m\u00e9tal<\/strong><\/li>\n<li>Dimensions de la bouteille : <strong>\u00d8 4<\/strong> x 14,7 cm (\ud83d\udccf 4 x 4 x 14,7 cm)<\/li>\n<li>Effet imm\u00e9diat : quelques pulv\u00e9risations suffisent pour parfumer la pi\u00e8ce.<\/li>\n<li>\u00c9l\u00e9gant flacon <strong>en verre<\/strong> avec <strong>vaporisateur en m\u00e9tal<\/strong> brillant<\/li>\n<li>\u00c9tiquette <strong>pastel<\/strong> avec d\u00e9corations d\u00e9licates, \u00e9galement parfaite comme id\u00e9e de cadeau<\/li>\n<li>Parfum gourmand d&rsquo;agrumes : <strong>citron, meringue, vanille et musc<\/strong><\/li>\n<li>Id\u00e9al pour l&rsquo;entr\u00e9e, la salle de bains, le salon et pour parfaire l&rsquo;ambiance avant de recevoir des invit\u00e9s.<\/li>\n<\/ul>\n","protected":false},"excerpt":{"rendered":"<p>Vaporisateur d&rsquo;ambiance Mathilde M de la collection <em>Gourmandises d&rsquo;\u00c9t\u00e9<\/em>, dans un <strong>flacon en verre<\/strong> avec un <strong>atomiseur en m\u00e9tal<\/strong> poli. L&rsquo;\u00e9tiquette, dans les tons <strong>jaunes pastel<\/strong>, avec de petits motifs floraux et un m\u00e9daillon central rose, apporte une \u00e9l\u00e9gance d\u00e9licate et toute fran\u00e7aise. Parfum <strong>Citron Meringu\u00e9<\/strong>: citron p\u00e9tillant, c\u0153ur de meringue et fond enveloppant de vanille et de musc.  <\/p>\n<p>\ud83d\udccf <strong>4 x 4 x 14,7 cm<\/strong><\/p>\n<p><strong>Pyramide olfactive<\/strong><\/p>\n<ul>\n<li>Notes de t\u00eate : <strong>citron<\/strong><\/li>\n<li><strong>Notes de<\/strong> c\u0153ur <strong>: Notes de meringue<\/strong><\/li>\n<li>Notes de fond : <strong>Vanille, Musc<\/strong><\/li>\n<\/ul>\n","protected":false},"featured_media":229779,"comment_status":"open","ping_status":"closed","template":"","meta":{"_joinchat":[]},"pwb-brand":[1562],"product_brand":[],"product_cat":[1518,1515],"product_tag":[],"class_list":{"0":"post-229813","1":"product","2":"type-product","3":"status-publish","4":"has-post-thumbnail","6":"pwb-brand-mathilde-m-fr","7":"product_cat-spray-fr","8":"product_cat-parfumeurs","10":"first","11":"instock","12":"taxable","13":"shipping-taxable","14":"purchasable","15":"product-type-simple"},"brands":[{"id":1562,"name":"Mathilde M.","slug":"mathilde-m-fr"}],"_links":{"self":[{"href":"https:\/\/www.tendenzeshabbychic.it\/fr\/wp-json\/wp\/v2\/product\/229813","targetHints":{"allow":["GET"]}}],"collection":[{"href":"https:\/\/www.tendenzeshabbychic.it\/fr\/wp-json\/wp\/v2\/product"}],"about":[{"href":"https:\/\/www.tendenzeshabbychic.it\/fr\/wp-json\/wp\/v2\/types\/product"}],"replies":[{"embeddable":true,"href":"https:\/\/www.tendenzeshabbychic.it\/fr\/wp-json\/wp\/v2\/comments?post=229813"}],"wp:featuredmedia":[{"embeddable":true,"href":"https:\/\/www.tendenzeshabbychic.it\/fr\/wp-json\/wp\/v2\/media\/229779"}],"wp:attachment":[{"href":"https:\/\/www.tendenzeshabbychic.it\/fr\/wp-json\/wp\/v2\/media?parent=229813"}],"wp:term":[{"taxonomy":"pwb-brand","embeddable":true,"href":"https:\/\/www.tendenzeshabbychic.it\/fr\/wp-json\/wp\/v2\/pwb-brand?post=229813"},{"taxonomy":"product_brand","embeddable":true,"href":"https:\/\/www.tendenzeshabbychic.it\/fr\/wp-json\/wp\/v2\/product_brand?post=229813"},{"taxonomy":"product_cat","embeddable":true,"href":"https:\/\/www.tendenzeshabbychic.it\/fr\/wp-json\/wp\/v2\/product_cat?post=229813"},{"taxonomy":"product_tag","embeddable":true,"href":"https:\/\/www.tendenzeshabbychic.it\/fr\/wp-json\/wp\/v2\/product_tag?post=229813"}],"curies":[{"name":"wp","href":"https:\/\/api.w.org\/{rel}","templated":true}]}}