{"id":229810,"date":"2026-02-11T11:33:03","date_gmt":"2026-02-11T10:33:03","guid":{"rendered":"https:\/\/www.tendenzeshabbychic.it\/prodotto\/mathilde-m-diffuseur-citron-meringue-180-ml\/"},"modified":"2026-02-11T11:33:03","modified_gmt":"2026-02-11T10:33:03","slug":"mathilde-m-diffuseur-citron-meringue-180-ml","status":"publish","type":"product","link":"https:\/\/www.tendenzeshabbychic.it\/fr\/produit\/mathilde-m-diffuseur-citron-meringue-180-ml\/","title":{"rendered":"Mathilde M Diffuseur Citron Meringu\u00e9 180 ml"},"content":{"rendered":"<p>Apportez une atmosph\u00e8re d\u00e9licate et raffin\u00e9e \u00e0 votre int\u00e9rieur avec le diffuseur Mathilde <strong>M Citron Meringu\u00e9<\/strong> <em>(<\/em>collection <em>Gourmandises d&rsquo;\u00c9t\u00e9<\/em>). Le flacon <strong>en verre<\/strong> a une forme compacte et moderne avec des angles arrondis et une teinte <strong>ros\u00e9e<\/strong> qui met en valeur la fragrance \u00e0 l&rsquo;int\u00e9rieur. Le <strong>bouchon sph\u00e9rique en bois<\/strong> ajoute un d\u00e9tail naturel, tandis que les <strong>7 b\u00e2tonnets de rotin blanchis<\/strong> diffusent le parfum en permanence. Le petit <strong>pendentif en forme de marguerite<\/strong> rend l&rsquo;ensemble encore plus attrayant et est \u00e9galement parfait pour \u00eatre laiss\u00e9 \u00e0 la vue de tous.   <\/p>\n<p>Le parfum <strong>Citron Meringu\u00e9<\/strong> est un v\u00e9ritable \u00a0\u00bb dessert olfactif \u00a0\u00bb : il s&rsquo;ouvre sur l&rsquo;\u00e9clat du <strong>citron<\/strong>, s&rsquo;adoucit en un c\u0153ur de <strong>notes meringu\u00e9es<\/strong> et se referme sur un sillage enveloppant de <strong>vanille et de musc<\/strong>. Id\u00e9al dans l&rsquo;entr\u00e9e, le salon ou la salle de bain, et splendide comme id\u00e9e cadeau gr\u00e2ce \u00e0 l&#8217;emballage d\u00e9di\u00e9. <\/p>\n<ul>\n<li>Capacit\u00e9 : <strong>180 ml<\/strong><\/li>\n<li>Mat\u00e9riau de la bouteille : <strong>verre<\/strong><\/li>\n<li>B\u00e2tons inclus : <strong>7<\/strong> en rotin blanchi, <strong>25 cm<\/strong><\/li>\n<li>Dimensions du diffuseur : <strong>8,7 x 8,7 x 10,5 cm<\/strong><\/li>\n<li>Dimensions de l&#8217;emballage : <strong>18,7 x 13 x 30 cm<\/strong><\/li>\n<\/ul>\n<p><strong>Points forts<\/strong><\/p>\n<ul>\n<li>Design \u00e9l\u00e9gant avec <strong>bouchon en bois<\/strong> et parfum <strong>ros\u00e9<\/strong> visible<\/li>\n<li><strong>Pendentif marguerite<\/strong>: d\u00e9tail d\u00e9coratif distinctif<\/li>\n<li>Diffusion continue gr\u00e2ce aux <strong>7 b\u00e2tons de rotin<\/strong> inclus<\/li>\n<li>Parfum gourmand d&rsquo;agrumes : <strong>citron, meringue, vanille et musc<\/strong><\/li>\n<li>Parfait comme <strong>cadeau<\/strong> avec un emballage soign\u00e9<\/li>\n<\/ul>\n","protected":false},"excerpt":{"rendered":"<p>Diffuseur d&rsquo;ambiance Mathilde M de la collection <em>Gourmandises d&rsquo;\u00c9t\u00e9<\/em>: flacon en verre transparent au parfum ros\u00e9, bouchon sph\u00e9rique en bois naturel et 7 b\u00e2tonnets en rotin blanchi. Touche chic suppl\u00e9mentaire : le pendentif marguerite accroch\u00e9 au goulot du flacon. Parfum <strong>Citron Meringu\u00e9<\/strong>, gourmand et lumineux, inspir\u00e9 de la tarte au citron meringu\u00e9e.  <\/p>\n<p>\ud83d\udccf <strong>8,7 x 8,7 x 10,5 cm<\/strong><\/p>\n<p><strong>Pyramide olfactive<\/strong><\/p>\n<ul>\n<li>Notes de t\u00eate : <strong>citron<\/strong><\/li>\n<li><strong>Notes de<\/strong> c\u0153ur <strong>: Notes de meringue<\/strong><\/li>\n<li>Notes de fond : <strong>Vanille, Musc<\/strong><\/li>\n<\/ul>\n","protected":false},"featured_media":229787,"comment_status":"open","ping_status":"closed","template":"","meta":{"_joinchat":[]},"pwb-brand":[1562],"product_brand":[],"product_cat":[1517,1515],"product_tag":[],"class_list":{"0":"post-229810","1":"product","2":"type-product","3":"status-publish","4":"has-post-thumbnail","6":"pwb-brand-mathilde-m-fr","7":"product_cat-diffuseurs-en-baton","8":"product_cat-parfumeurs","10":"first","11":"instock","12":"taxable","13":"shipping-taxable","14":"purchasable","15":"product-type-simple"},"brands":[{"id":1562,"name":"Mathilde M.","slug":"mathilde-m-fr"}],"_links":{"self":[{"href":"https:\/\/www.tendenzeshabbychic.it\/fr\/wp-json\/wp\/v2\/product\/229810","targetHints":{"allow":["GET"]}}],"collection":[{"href":"https:\/\/www.tendenzeshabbychic.it\/fr\/wp-json\/wp\/v2\/product"}],"about":[{"href":"https:\/\/www.tendenzeshabbychic.it\/fr\/wp-json\/wp\/v2\/types\/product"}],"replies":[{"embeddable":true,"href":"https:\/\/www.tendenzeshabbychic.it\/fr\/wp-json\/wp\/v2\/comments?post=229810"}],"wp:featuredmedia":[{"embeddable":true,"href":"https:\/\/www.tendenzeshabbychic.it\/fr\/wp-json\/wp\/v2\/media\/229787"}],"wp:attachment":[{"href":"https:\/\/www.tendenzeshabbychic.it\/fr\/wp-json\/wp\/v2\/media?parent=229810"}],"wp:term":[{"taxonomy":"pwb-brand","embeddable":true,"href":"https:\/\/www.tendenzeshabbychic.it\/fr\/wp-json\/wp\/v2\/pwb-brand?post=229810"},{"taxonomy":"product_brand","embeddable":true,"href":"https:\/\/www.tendenzeshabbychic.it\/fr\/wp-json\/wp\/v2\/product_brand?post=229810"},{"taxonomy":"product_cat","embeddable":true,"href":"https:\/\/www.tendenzeshabbychic.it\/fr\/wp-json\/wp\/v2\/product_cat?post=229810"},{"taxonomy":"product_tag","embeddable":true,"href":"https:\/\/www.tendenzeshabbychic.it\/fr\/wp-json\/wp\/v2\/product_tag?post=229810"}],"curies":[{"name":"wp","href":"https:\/\/api.w.org\/{rel}","templated":true}]}}