{"id":229809,"date":"2026-02-11T10:54:27","date_gmt":"2026-02-11T09:54:27","guid":{"rendered":"https:\/\/www.tendenzeshabbychic.it\/prodotto\/mathilde-m-decor-petite-madeleine-cupcake-parfumee\/"},"modified":"2026-02-11T10:54:27","modified_gmt":"2026-02-11T09:54:27","slug":"mathilde-m-decor-petite-madeleine-cupcake-parfumee","status":"publish","type":"product","link":"https:\/\/www.tendenzeshabbychic.it\/fr\/produit\/mathilde-m-decor-petite-madeleine-cupcake-parfumee\/","title":{"rendered":"Mathilde M D\u00e9cor Petite Madeleine Cupcake Parfum\u00e9e"},"content":{"rendered":"<p>Le d\u00e9cor parfum\u00e9 <em>Gourmandises d&rsquo;\u00c9t\u00e9<\/em> de Mathilde M est un petit d\u00e9tail d\u00e9coratif qui allie parfum et po\u00e9sie. R\u00e9alis\u00e9 en <strong>pl\u00e2tre blanc mat<\/strong>, il reproduit un cupcake de type p\u00e2tisserie : la <strong>base ray\u00e9e verticalement<\/strong> rappelle le moule, tandis que le dessus est une spirale \u00a0\u00bb cr\u00e8me \u00a0\u00bb avec des <strong>fleurs<\/strong> en relief, pour un effet \u00e9l\u00e9gant et soign\u00e9. Le <strong>ruban \u00e0 carreaux<\/strong> beige, doux et romantique, permet \u00e9galement de le suspendre.  <\/p>\n<p>Le parfum <strong>Petite Madeleine<\/strong> est enveloppant et nostalgique : la fra\u00eecheur du <strong>zeste de citron<\/strong> ouvre la fragrance, puis vient la douceur de la <strong>madeleine<\/strong> associ\u00e9e \u00e0 la note \u00e9l\u00e9gante de la <strong>fleur d&rsquo;oranger<\/strong>. En fond, la <strong>vanille<\/strong> et le <strong>caramel<\/strong> cr\u00e9ent un sillage chaud et gourmand qui se prolonge d\u00e9licatement dans l&rsquo;air. Id\u00e9al dans les <strong>tiroirs, les armoires, les valises<\/strong> ou suspendu dans la salle de bain ou la chambre \u00e0 coucher pour un parfum discret mais continu.  <\/p>\n<ul>\n<li>Pl\u00e2tre <strong>blanc opaque<\/strong> avec d\u00e9tails en relief (cupcakes et fleurs)<\/li>\n<li><strong>Ruban vichy beige<\/strong> avec boutonni\u00e8re : facile \u00e0 suspendre<\/li>\n<li>Parfait pour parfumer les petits espaces sans \u00e9lectricit\u00e9<\/li>\n<li>Parfum &lsquo;confort&rsquo; doux et lumineux : citron, madeleine, fleur d&rsquo;oranger<\/li>\n<li>Egalement magnifique en tant que petit cadeau ou porte-bonheur parfum\u00e9.<\/li>\n<\/ul>\n","protected":false},"excerpt":{"rendered":"<p>D\u00e9cor <strong>en pl\u00e2tre<\/strong> odorant de la collection <em>Gourmandises d&rsquo;\u00c9t\u00e9<\/em>, model\u00e9 comme un cupcake : base cannel\u00e9e, \u00ab\u00a0cr\u00e8me\u00a0\u00bb l\u00e9g\u00e8rement gaufr\u00e9e et petites <strong>fleurs<\/strong> d\u00e9coratives. Le ruban <strong>vichy beige<\/strong> (avec boucle) permet de l&rsquo;accrocher facilement aux armoires, poign\u00e9es ou boutons pour une touche romantique et d\u00e9licate. <\/p>\n<p>\ud83d\udccf <strong>5,3 x 2,9 x 6 cm<\/strong><\/p>\n<p><strong>Pyramide olfactive<\/strong><\/p>\n<ul>\n<li>Notes de t\u00eate : <strong>zeste de citron<\/strong><\/li>\n<li>Notes de c\u0153ur : <strong>Madeleine, fleur d&rsquo;oranger<\/strong><\/li>\n<li>Notes de fond : <strong>Vanille, Caramel<\/strong><\/li>\n<\/ul>\n","protected":false},"featured_media":229795,"comment_status":"open","ping_status":"closed","template":"","meta":{"_joinchat":[]},"pwb-brand":[1562],"product_brand":[],"product_cat":[1521,1515],"product_tag":[1296],"class_list":{"0":"post-229809","1":"product","2":"type-product","3":"status-publish","4":"has-post-thumbnail","6":"pwb-brand-mathilde-m-fr","7":"product_cat-craies-parfumees","8":"product_cat-parfumeurs","9":"product_tag-idee-de-cadeau","11":"first","12":"instock","13":"taxable","14":"shipping-taxable","15":"purchasable","16":"product-type-simple"},"brands":[{"id":1562,"name":"Mathilde M.","slug":"mathilde-m-fr"}],"_links":{"self":[{"href":"https:\/\/www.tendenzeshabbychic.it\/fr\/wp-json\/wp\/v2\/product\/229809","targetHints":{"allow":["GET"]}}],"collection":[{"href":"https:\/\/www.tendenzeshabbychic.it\/fr\/wp-json\/wp\/v2\/product"}],"about":[{"href":"https:\/\/www.tendenzeshabbychic.it\/fr\/wp-json\/wp\/v2\/types\/product"}],"replies":[{"embeddable":true,"href":"https:\/\/www.tendenzeshabbychic.it\/fr\/wp-json\/wp\/v2\/comments?post=229809"}],"wp:featuredmedia":[{"embeddable":true,"href":"https:\/\/www.tendenzeshabbychic.it\/fr\/wp-json\/wp\/v2\/media\/229795"}],"wp:attachment":[{"href":"https:\/\/www.tendenzeshabbychic.it\/fr\/wp-json\/wp\/v2\/media?parent=229809"}],"wp:term":[{"taxonomy":"pwb-brand","embeddable":true,"href":"https:\/\/www.tendenzeshabbychic.it\/fr\/wp-json\/wp\/v2\/pwb-brand?post=229809"},{"taxonomy":"product_brand","embeddable":true,"href":"https:\/\/www.tendenzeshabbychic.it\/fr\/wp-json\/wp\/v2\/product_brand?post=229809"},{"taxonomy":"product_cat","embeddable":true,"href":"https:\/\/www.tendenzeshabbychic.it\/fr\/wp-json\/wp\/v2\/product_cat?post=229809"},{"taxonomy":"product_tag","embeddable":true,"href":"https:\/\/www.tendenzeshabbychic.it\/fr\/wp-json\/wp\/v2\/product_tag?post=229809"}],"curies":[{"name":"wp","href":"https:\/\/api.w.org\/{rel}","templated":true}]}}