{"id":229774,"date":"2026-02-11T11:59:41","date_gmt":"2026-02-11T10:59:41","guid":{"rendered":"https:\/\/www.tendenzeshabbychic.it\/prodotto\/mathilde-m-bougiedecorations-coffret-citron-meringue\/"},"modified":"2026-02-11T11:59:41","modified_gmt":"2026-02-11T10:59:41","slug":"mathilde-m-bougiedecorations-coffret-citron-meringue","status":"publish","type":"product","link":"https:\/\/www.tendenzeshabbychic.it\/fr\/produit\/mathilde-m-bougiedecorations-coffret-citron-meringue\/","title":{"rendered":"Mathilde M Bougie+D\u00e9corations Coffret Citron Meringu\u00e9"},"content":{"rendered":"<p>Une id\u00e9e cadeau irr\u00e9sistible \u00e0 la fran\u00e7aise : le coffret <strong>Mathilde M Citron Meringu\u00e9<\/strong> <em>(<\/em>collection <em>Gourmandises d&rsquo;\u00c9t\u00e9<\/em>) associe la magie d&rsquo;une <strong>bougie parfum\u00e9e en verre de 100 g<\/strong> \u00e0 une s\u00e9lection de <strong>6 d\u00e9corations parfum\u00e9es en pl\u00e2tre<\/strong> en forme de meringue. La bougie est pr\u00e9sent\u00e9e dans un \u00e9l\u00e9gant contenant en verre avec une \u00e9tiquette assortie dans des tons <strong>jaunes et roses doux<\/strong>, compl\u00e9t\u00e9e par un <strong>couvercle en verre<\/strong> avec un petit bouton qui ajoute une touche pr\u00e9cieuse et \u00e9pur\u00e9e. <\/p>\n<p>Parall\u00e8lement, les meringues <strong>en pl\u00e2tre blanc mat<\/strong>, sculpt\u00e9es de spirales et de reliefs d\u00e9licats, sont parfaites pour parfumer discr\u00e8tement les <strong>tiroirs, les armoires, les valises<\/strong> ou les petits coins de la maison. Le tout est enferm\u00e9 dans un sac \u00e0 main rigide avec une <strong>poign\u00e9e<\/strong>, un motif romantique et une <strong>fen\u00eatre<\/strong> qui permet d&rsquo;apercevoir les produits : magnifique pour offrir sans avoir besoin d&rsquo;un emballage suppl\u00e9mentaire. <\/p>\n<p>Le parfum <strong>Citron Meringu\u00e9<\/strong> est une v\u00e9ritable g\u00e2terie gourmande : il s&rsquo;ouvre sur la vivacit\u00e9 du <strong>citron<\/strong>, devient doux et cr\u00e9meux avec des <strong>notes de meringue<\/strong>, puis s&rsquo;installe dans un fond enveloppant de <strong>vanille et de musc.<\/strong><\/p>\n<ul>\n<li>Bougie : <strong>100 g<\/strong>, dur\u00e9e <strong>\u00b1 30 h<\/strong>, dimensions <strong>\u00d8 6 x 11,5 cm<\/strong><\/li>\n<li>D\u00e9corations parfum\u00e9es : <strong>6<\/strong> en pl\u00e2tre, \u00ab\u00a0meringue\u00a0\u00bb <strong>3,4 x 3,9 x 2,1 cm<\/strong> chacune.<\/li>\n<li>Emballage : <strong>20 x 9,6 x 27,5 cm<\/strong><\/li>\n<li>Set complet : <strong>bougie + 6 d\u00e9corations parfum\u00e9es<\/strong> assorties<\/li>\n<li>Bougie <strong>en verre<\/strong> avec <strong>couvercle<\/strong>: \u00e9l\u00e9gante m\u00eame en exposition<\/li>\n<li>D\u00e9corations en pl\u00e2tre en forme de <strong>meringues<\/strong>, riches en d\u00e9tails en relief<\/li>\n<li>Sac \u00e0 main <strong>pr\u00eat \u00e0 offrir<\/strong> avec fen\u00eatre et noeud Vichy<\/li>\n<li>Parfum gourmand chic : <strong>citron, meringue, vanille et musc<\/strong><\/li>\n<\/ul>\n","protected":false},"excerpt":{"rendered":"<p>Coffret cadeau Mathilde M de la collection <em>Gourmandises d&rsquo;\u00c9t\u00e9<\/em> avec <strong>bougie<\/strong> <strong>parfum\u00e9e<\/strong> <strong>en verre<\/strong> et <strong>d\u00e9corations parfum\u00e9es en pl\u00e2tre<\/strong> en forme de meringue. L&#8217;emballage \u00ab\u00a0sac \u00e0 main\u00a0\u00bb est <strong>jaune pastel<\/strong> avec de d\u00e9licats motifs floraux, une <strong>fen\u00eatre transparente<\/strong> sur le devant et une \u00e9tiquette rose <em>Citron Meringu\u00e9<\/em>; \u00e0 l&rsquo;int\u00e9rieur se trouve la bougie avec un graphisme assorti et un petit sachet de d\u00e9corations nou\u00e9 avec un <strong>n\u0153ud Vichy<\/strong>. Parfum <strong>Citron Meringu\u00e9<\/strong>: citron p\u00e9tillant, c\u0153ur meringu\u00e9, fond doux de vanille et de musc.  <\/p>\n<p>\ud83d\udccf <strong>20 x 9,6 x 27,5 cm<\/strong><\/p>\n<p><strong>Pyramide olfactive<\/strong><\/p>\n<ul>\n<li>Notes de t\u00eate : <strong>citron<\/strong><\/li>\n<li><strong>Notes de<\/strong> c\u0153ur <strong>: Notes de meringue<\/strong><\/li>\n<li>Notes de fond : <strong>Vanille, Musc<\/strong><\/li>\n<\/ul>\n","protected":false},"featured_media":229760,"comment_status":"open","ping_status":"closed","template":"","meta":{"_joinchat":[]},"pwb-brand":[1562],"product_brand":[],"product_cat":[1516,1521,1515],"product_tag":[1296],"class_list":{"0":"post-229774","1":"product","2":"type-product","3":"status-publish","4":"has-post-thumbnail","6":"pwb-brand-mathilde-m-fr","7":"product_cat-bougies-parfumees","8":"product_cat-craies-parfumees","9":"product_cat-parfumeurs","10":"product_tag-idee-de-cadeau","12":"first","13":"instock","14":"taxable","15":"shipping-taxable","16":"purchasable","17":"product-type-simple"},"brands":[{"id":1562,"name":"Mathilde M.","slug":"mathilde-m-fr"}],"_links":{"self":[{"href":"https:\/\/www.tendenzeshabbychic.it\/fr\/wp-json\/wp\/v2\/product\/229774","targetHints":{"allow":["GET"]}}],"collection":[{"href":"https:\/\/www.tendenzeshabbychic.it\/fr\/wp-json\/wp\/v2\/product"}],"about":[{"href":"https:\/\/www.tendenzeshabbychic.it\/fr\/wp-json\/wp\/v2\/types\/product"}],"replies":[{"embeddable":true,"href":"https:\/\/www.tendenzeshabbychic.it\/fr\/wp-json\/wp\/v2\/comments?post=229774"}],"wp:featuredmedia":[{"embeddable":true,"href":"https:\/\/www.tendenzeshabbychic.it\/fr\/wp-json\/wp\/v2\/media\/229760"}],"wp:attachment":[{"href":"https:\/\/www.tendenzeshabbychic.it\/fr\/wp-json\/wp\/v2\/media?parent=229774"}],"wp:term":[{"taxonomy":"pwb-brand","embeddable":true,"href":"https:\/\/www.tendenzeshabbychic.it\/fr\/wp-json\/wp\/v2\/pwb-brand?post=229774"},{"taxonomy":"product_brand","embeddable":true,"href":"https:\/\/www.tendenzeshabbychic.it\/fr\/wp-json\/wp\/v2\/product_brand?post=229774"},{"taxonomy":"product_cat","embeddable":true,"href":"https:\/\/www.tendenzeshabbychic.it\/fr\/wp-json\/wp\/v2\/product_cat?post=229774"},{"taxonomy":"product_tag","embeddable":true,"href":"https:\/\/www.tendenzeshabbychic.it\/fr\/wp-json\/wp\/v2\/product_tag?post=229774"}],"curies":[{"name":"wp","href":"https:\/\/api.w.org\/{rel}","templated":true}]}}