{"id":229745,"date":"2026-02-11T14:00:39","date_gmt":"2026-02-11T13:00:39","guid":{"rendered":"https:\/\/www.tendenzeshabbychic.it\/prodotto\/boite-a-bijoux-en-metal-perfore-en-forme-de-coeur-blanc-o-185\/"},"modified":"2026-02-11T14:00:39","modified_gmt":"2026-02-11T13:00:39","slug":"boite-a-bijoux-en-metal-perfore-en-forme-de-coeur-blanc-o-185","status":"publish","type":"product","link":"https:\/\/www.tendenzeshabbychic.it\/fr\/produit\/boite-a-bijoux-en-metal-perfore-en-forme-de-coeur-blanc-o-185\/","title":{"rendered":"Bo\u00eete \u00e0 bijoux en m\u00e9tal perfor\u00e9 en forme de coeur Blanc \u00f8 18,5"},"content":{"rendered":"<p>La <strong>bo\u00eete \u00e0 bijoux C\u0153ur<\/strong> allie fonctionnalit\u00e9 et style : une bo\u00eete \u00e0 bijoux <strong>en m\u00e9tal blanchi<\/strong> en forme de c\u0153ur, agr\u00e9ment\u00e9e d&rsquo;un <strong>couvercle perfor\u00e9<\/strong> avec des motifs ornementaux rappelant la dentelle. Parfaite pour ranger bijoux et petits accessoires, elle apporte une touche romantique et lumineuse \u00e0 la chambre \u00e0 coucher, \u00e0 la salle de bains ou au hall d&rsquo;entr\u00e9e. Id\u00e9al \u00e9galement comme id\u00e9e de cadeau pour ceux qui aiment les d\u00e9tails raffin\u00e9s.  <\/p>\n<ul>\n<li>Forme de <strong>c\u0153ur<\/strong>: romantique et d\u00e9coratif<\/li>\n<li><strong>M\u00e9tal blanchi<\/strong>: effet l\u00e9ger et brillant<\/li>\n<li><strong>Couvercle perfor\u00e9<\/strong>: style arabesque, \u00e9l\u00e9gant<\/li>\n<li>Parfait pour les <strong>bijoux et les petites pi\u00e8ces<\/strong><\/li>\n<li>Magnifique \u00e0 exposer sur une <strong>commode, une \u00e9tag\u00e8re, une console<\/strong><\/li>\n<\/ul>\n","protected":false},"excerpt":{"rendered":"<p>\u00c9l\u00e9gante <strong>bo\u00eete \u00e0 bijoux en<\/strong> <strong>m\u00e9tal blanchi<\/strong> en <strong>forme de c\u0153ur<\/strong> avec un <strong>couvercle ajour\u00e9<\/strong> \u00e0 motif d&rsquo;arabesques : une petite bo\u00eete d\u00e9corative parfaite pour ranger <strong>bagues, boucles d&rsquo;oreilles, bracelets<\/strong> et bibelots, mais aussi comme vide-poches romantique sur une commode ou une console.<\/p>\n<p>Dimensions : <strong>\u00f8 18,5 x 6 cm<\/strong><br \/>\nMati\u00e8re : <strong>m\u00e9tal blanchi<\/strong><\/p>\n","protected":false},"featured_media":229735,"comment_status":"open","ping_status":"closed","template":"","meta":{"_joinchat":[]},"pwb-brand":[1562],"product_brand":[],"product_cat":[1511],"product_tag":[],"class_list":{"0":"post-229745","1":"product","2":"type-product","3":"status-publish","4":"has-post-thumbnail","6":"pwb-brand-mathilde-m-fr","7":"product_cat-boite-a-bijoux","9":"first","10":"instock","11":"taxable","12":"shipping-taxable","13":"purchasable","14":"product-type-simple"},"brands":[{"id":1562,"name":"Mathilde M.","slug":"mathilde-m-fr"}],"_links":{"self":[{"href":"https:\/\/www.tendenzeshabbychic.it\/fr\/wp-json\/wp\/v2\/product\/229745","targetHints":{"allow":["GET"]}}],"collection":[{"href":"https:\/\/www.tendenzeshabbychic.it\/fr\/wp-json\/wp\/v2\/product"}],"about":[{"href":"https:\/\/www.tendenzeshabbychic.it\/fr\/wp-json\/wp\/v2\/types\/product"}],"replies":[{"embeddable":true,"href":"https:\/\/www.tendenzeshabbychic.it\/fr\/wp-json\/wp\/v2\/comments?post=229745"}],"wp:featuredmedia":[{"embeddable":true,"href":"https:\/\/www.tendenzeshabbychic.it\/fr\/wp-json\/wp\/v2\/media\/229735"}],"wp:attachment":[{"href":"https:\/\/www.tendenzeshabbychic.it\/fr\/wp-json\/wp\/v2\/media?parent=229745"}],"wp:term":[{"taxonomy":"pwb-brand","embeddable":true,"href":"https:\/\/www.tendenzeshabbychic.it\/fr\/wp-json\/wp\/v2\/pwb-brand?post=229745"},{"taxonomy":"product_brand","embeddable":true,"href":"https:\/\/www.tendenzeshabbychic.it\/fr\/wp-json\/wp\/v2\/product_brand?post=229745"},{"taxonomy":"product_cat","embeddable":true,"href":"https:\/\/www.tendenzeshabbychic.it\/fr\/wp-json\/wp\/v2\/product_cat?post=229745"},{"taxonomy":"product_tag","embeddable":true,"href":"https:\/\/www.tendenzeshabbychic.it\/fr\/wp-json\/wp\/v2\/product_tag?post=229745"}],"curies":[{"name":"wp","href":"https:\/\/api.w.org\/{rel}","templated":true}]}}