{"id":229618,"date":"2026-02-11T12:00:11","date_gmt":"2026-02-11T11:00:11","guid":{"rendered":"https:\/\/www.tendenzeshabbychic.it\/prodotto\/mathilde-m-home-parfum-fleur-de-cerisier-30-ml\/"},"modified":"2026-02-11T12:00:11","modified_gmt":"2026-02-11T11:00:11","slug":"mathilde-m-home-parfum-fleur-de-cerisier-30-ml","status":"publish","type":"product","link":"https:\/\/www.tendenzeshabbychic.it\/fr\/produit\/mathilde-m-home-parfum-fleur-de-cerisier-30-ml\/","title":{"rendered":"Mathilde M. Home Parfum Fleur de Cerisier 30 ml"},"content":{"rendered":"<p>D\u00e9licate, lumineuse et raffin\u00e9e : <strong>Fleur de<\/strong> Cerisier de Mathilde M \u00e9voque les premi\u00e8res fleurs de cerisier et l&rsquo;air frais des journ\u00e9es de printemps. Ce parfum d&rsquo;ambiance de <strong>30 ml<\/strong> est pr\u00e9sent\u00e9 dans un \u00e9l\u00e9gant flacon <strong>en verre<\/strong>, avec une texture stri\u00e9e sur le dessus et un bouchon sph\u00e9rique effet marbre qui lui conf\u00e8re une allure raffin\u00e9e. L&rsquo;\u00e9tiquette en m\u00e9daillon rose poudr\u00e9 compl\u00e8te l&rsquo;ensemble, qui est \u00e9galement parfait comme id\u00e9e de cadeau ou \u00e0 laisser sur un plateau de d\u00e9coration.  <\/p>\n<p>La fragrance s&rsquo;ouvre sur une <strong>bouff\u00e9e d&rsquo;aub\u00e9pine<\/strong> et la note p\u00e9tillante de la <strong>pomme<\/strong>, puis s&rsquo;\u00e9panouit en c\u0153ur avec la romantique <strong>fleur de cerisier<\/strong>. En fond, la <strong>vanille cr\u00e9meuse<\/strong> et le <strong>bois de c\u00e8dre<\/strong> laissent un sillage doux et net, \u00e9l\u00e9gant et jamais envahissant. Id\u00e9al pour parfumer les petits espaces ou dynamiser vos rituels parfum\u00e9s Mathilde M (en suivant les conseils d&rsquo;utilisation du fabricant).  <\/p>\n<ul>\n<li>Bouteille <strong>en verre<\/strong> stri\u00e9, tr\u00e8s d\u00e9corative<\/li>\n<li>Capuchon sph\u00e9rique \u00e0 <strong>effet marbr\u00e9<\/strong> avec d\u00e9tails m\u00e9talliques (aspect premium)<\/li>\n<li>Format pratique de <strong>30 ml<\/strong>, id\u00e9al pour un cadeau<\/li>\n<li>Parfum lumineux et floral avec une base chaude de vanille et de c\u00e8dre.<\/li>\n<li>Id\u00e9al pour combiner avec les <strong>d\u00e9cors en pl\u00e2tre parfum\u00e9s<\/strong> Mathilde M<\/li>\n<\/ul>\n","protected":false},"excerpt":{"rendered":"<p>Parfum Ambiance en format 30 ml dans un <strong>flacon en verre de<\/strong> style boudoir : corps transparent avec sommet <strong>stri\u00e9<\/strong>, \u00e9tiquette blanche avec m\u00e9daillon <strong>rose poudr\u00e9<\/strong> et bouchon sph\u00e9rique <strong>effet marbre<\/strong> avec bague argent\u00e9e. Un petit bijou \u00e0 garder sous les yeux et \u00e0 utiliser pour donner une touche printani\u00e8re aux espaces. <\/p>\n<p>\ud83d\udccf <strong>4,3 x 4,3 x 10 cm<\/strong><\/p>\n<p><strong>Pyramide olfactive<\/strong><\/p>\n<ul>\n<li>Notes de t\u00eate : <strong>Aub\u00e9pine, Pomme<\/strong><\/li>\n<li>Notes de c\u0153ur : <strong>fleur de cerisier<\/strong><\/li>\n<li>Notes de fond : <strong>bois de c\u00e8dre, vanille<\/strong><\/li>\n<\/ul>\n","protected":false},"featured_media":229609,"comment_status":"closed","ping_status":"closed","template":"","meta":{"_joinchat":[]},"pwb-brand":[1562],"product_brand":[],"product_cat":[1518,1515],"product_tag":[],"class_list":{"0":"post-229618","1":"product","2":"type-product","3":"status-publish","4":"has-post-thumbnail","6":"pwb-brand-mathilde-m-fr","7":"product_cat-spray-fr","8":"product_cat-parfumeurs","10":"first","11":"instock","12":"taxable","13":"shipping-taxable","14":"purchasable","15":"product-type-simple"},"brands":[{"id":1562,"name":"Mathilde M.","slug":"mathilde-m-fr"}],"_links":{"self":[{"href":"https:\/\/www.tendenzeshabbychic.it\/fr\/wp-json\/wp\/v2\/product\/229618","targetHints":{"allow":["GET"]}}],"collection":[{"href":"https:\/\/www.tendenzeshabbychic.it\/fr\/wp-json\/wp\/v2\/product"}],"about":[{"href":"https:\/\/www.tendenzeshabbychic.it\/fr\/wp-json\/wp\/v2\/types\/product"}],"replies":[{"embeddable":true,"href":"https:\/\/www.tendenzeshabbychic.it\/fr\/wp-json\/wp\/v2\/comments?post=229618"}],"wp:featuredmedia":[{"embeddable":true,"href":"https:\/\/www.tendenzeshabbychic.it\/fr\/wp-json\/wp\/v2\/media\/229609"}],"wp:attachment":[{"href":"https:\/\/www.tendenzeshabbychic.it\/fr\/wp-json\/wp\/v2\/media?parent=229618"}],"wp:term":[{"taxonomy":"pwb-brand","embeddable":true,"href":"https:\/\/www.tendenzeshabbychic.it\/fr\/wp-json\/wp\/v2\/pwb-brand?post=229618"},{"taxonomy":"product_brand","embeddable":true,"href":"https:\/\/www.tendenzeshabbychic.it\/fr\/wp-json\/wp\/v2\/product_brand?post=229618"},{"taxonomy":"product_cat","embeddable":true,"href":"https:\/\/www.tendenzeshabbychic.it\/fr\/wp-json\/wp\/v2\/product_cat?post=229618"},{"taxonomy":"product_tag","embeddable":true,"href":"https:\/\/www.tendenzeshabbychic.it\/fr\/wp-json\/wp\/v2\/product_tag?post=229618"}],"curies":[{"name":"wp","href":"https:\/\/api.w.org\/{rel}","templated":true}]}}