{"id":228720,"date":"2026-02-05T08:00:44","date_gmt":"2026-02-05T07:00:44","guid":{"rendered":"https:\/\/www.tendenzeshabbychic.it\/prodotto\/edg-decoration-suspendue-en-forme-de-citron-h-25-cm\/"},"modified":"2026-02-05T08:00:44","modified_gmt":"2026-02-05T07:00:44","slug":"edg-decoration-suspendue-en-forme-de-citron-h-25-cm","status":"publish","type":"product","link":"https:\/\/www.tendenzeshabbychic.it\/fr\/produit\/edg-decoration-suspendue-en-forme-de-citron-h-25-cm\/","title":{"rendered":"EDG D\u00e9coration suspendue en forme de citron H 25 cm"},"content":{"rendered":"<p>Cette d\u00e9coration <strong>Enzo de Gasperi<\/strong> est un citron en m\u00e9tal \u00e0 suspendre, avec une surface pleine, jaune chaud, textur\u00e9e avec un effet \u00ab\u00a0peau\u00a0\u00bb et une l\u00e9g\u00e8re brillance. Au sommet, un rameau vert soutient deux feuilles travaill\u00e9es avec des nervures en relief et une finition nuanc\u00e9e, pour un aspect r\u00e9aliste et soign\u00e9. Le cordon naturel permet de le suspendre \u00e0 des crochets, des poign\u00e9es, des branches d\u00e9coratives ou des portes de placard.  <\/p>\n<p>Pour une coordination harmonieuse, combinez-la avec la <strong>d\u00e9coration H24 Hanging Lemon Decoration<\/strong> (trio de citrons) d\u00e9j\u00e0 cr\u00e9\u00e9e : ensemble, ils cr\u00e9ent un ensemble frais et pittoresque.<\/p>\n<ul>\n<li>Texture r\u00e9aliste et finition lumineuse<\/li>\n<li>Feuilles \u00e0 nervures sur\u00e9lev\u00e9es<\/li>\n<li>Lani\u00e8re naturelle, facile \u00e0 suspendre<\/li>\n<li>Parfait dans la cuisine, la v\u00e9randa ou sur une porte<\/li>\n<li>Id\u00e9al dans des ensembles avec d&rsquo;autres d\u00e9cors de citron<\/li>\n<\/ul>\n","protected":false},"excerpt":{"rendered":"<p>Citron suspendu en m\u00e9tal avec des feuilles vertes gaufr\u00e9es et un cordon naturel : une touche m\u00e9diterran\u00e9enne lumineuse.<\/p>\n<p>\ud83d\udccf H 25 x L 16 x P 12 cm<\/p>\n","protected":false},"featured_media":228714,"comment_status":"open","ping_status":"closed","template":"","meta":{"_joinchat":[]},"pwb-brand":[1564],"product_brand":[],"product_cat":[1505],"product_tag":[3438],"class_list":{"0":"post-228720","1":"product","2":"type-product","3":"status-publish","4":"has-post-thumbnail","6":"pwb-brand-edg-fr","7":"product_cat-objets","8":"product_tag-decorations-suspendues","10":"first","11":"instock","12":"taxable","13":"shipping-taxable","14":"purchasable","15":"product-type-simple"},"brands":[{"id":1564,"name":"EDG \u2013 Enzo De Gasperi","slug":"edg-fr"}],"_links":{"self":[{"href":"https:\/\/www.tendenzeshabbychic.it\/fr\/wp-json\/wp\/v2\/product\/228720","targetHints":{"allow":["GET"]}}],"collection":[{"href":"https:\/\/www.tendenzeshabbychic.it\/fr\/wp-json\/wp\/v2\/product"}],"about":[{"href":"https:\/\/www.tendenzeshabbychic.it\/fr\/wp-json\/wp\/v2\/types\/product"}],"replies":[{"embeddable":true,"href":"https:\/\/www.tendenzeshabbychic.it\/fr\/wp-json\/wp\/v2\/comments?post=228720"}],"wp:featuredmedia":[{"embeddable":true,"href":"https:\/\/www.tendenzeshabbychic.it\/fr\/wp-json\/wp\/v2\/media\/228714"}],"wp:attachment":[{"href":"https:\/\/www.tendenzeshabbychic.it\/fr\/wp-json\/wp\/v2\/media?parent=228720"}],"wp:term":[{"taxonomy":"pwb-brand","embeddable":true,"href":"https:\/\/www.tendenzeshabbychic.it\/fr\/wp-json\/wp\/v2\/pwb-brand?post=228720"},{"taxonomy":"product_brand","embeddable":true,"href":"https:\/\/www.tendenzeshabbychic.it\/fr\/wp-json\/wp\/v2\/product_brand?post=228720"},{"taxonomy":"product_cat","embeddable":true,"href":"https:\/\/www.tendenzeshabbychic.it\/fr\/wp-json\/wp\/v2\/product_cat?post=228720"},{"taxonomy":"product_tag","embeddable":true,"href":"https:\/\/www.tendenzeshabbychic.it\/fr\/wp-json\/wp\/v2\/product_tag?post=228720"}],"curies":[{"name":"wp","href":"https:\/\/api.w.org\/{rel}","templated":true}]}}