{"id":228691,"date":"2026-02-05T11:40:04","date_gmt":"2026-02-05T10:40:04","guid":{"rendered":"https:\/\/www.tendenzeshabbychic.it\/prodotto\/edg-vase-fiorimix-fer-rond-h25-ou-h20\/"},"modified":"2026-02-05T13:55:33","modified_gmt":"2026-02-05T12:55:33","slug":"edg-vase-fiorimix-fer-rond-h25-ou-h20","status":"publish","type":"product","link":"https:\/\/www.tendenzeshabbychic.it\/fr\/produit\/edg-vase-fiorimix-fer-rond-h25-ou-h20\/","title":{"rendered":"EDG Vase Fiorimix Fer rond H25 ou H20"},"content":{"rendered":"<p>Le vase rond Fiorimix d&rsquo;Enzo de Gasperi est r\u00e9alis\u00e9 en fer peint avec une finition mate et un d\u00e9licat effet vintage. La surface est d\u00e9cor\u00e9e d&rsquo;un imprim\u00e9 floral dans les tons rose, jaune et vert, enrichi de petits d\u00e9tails naturels tels que des papillons et des insectes.<br \/>\nLe bord sup\u00e9rieur pr\u00e9sente une perforation florale raffin\u00e9e et un profil ondul\u00e9, tandis que l&rsquo;int\u00e9rieur est fini en vert sauge. L&rsquo;anse en m\u00e9tal assortie le rend pratique et d\u00e9coratif, parfait pour une utilisation en int\u00e9rieur.  <\/p>\n<p>Id\u00e9al comme vase de fleurs s\u00e9ch\u00e9es, support de plantes artificielles ou simple d\u00e9coration pour la maison et la v\u00e9randa couverte.<\/p>\n<p><strong>Id\u00e9es d&rsquo;ameublement et qualit\u00e9<\/strong><\/p>\n<ul>\n<li>Fer durable avec finition d\u00e9corative vintage<\/li>\n<li>Imprim\u00e9 floral romantique dans un style Country Chic<\/li>\n<li>Bord perfor\u00e9 et fa\u00e7onn\u00e9 \u00e0 fort impact esth\u00e9tique<\/li>\n<li>Parfait pour les consoles, les rebords de fen\u00eatre ou les tables \u00e0 ressort<\/li>\n<li>Magnifiquement combin\u00e9 avec les fleurs artificielles EDG pour un effet coordonn\u00e9<\/li>\n<\/ul>\n","protected":false},"excerpt":{"rendered":"<p>Vase d\u00e9coratif en fer avec imprim\u00e9 floral romantique, bordure ajour\u00e9e et poign\u00e9e verte. Id\u00e9al pour les int\u00e9rieurs Shabby Chic. <\/p>\n<p>\ud83d\udccf Grand : H 25 x P 15 cm &#8211; Petit : H 20 x P 12 cm<\/p>\n","protected":false},"featured_media":228681,"comment_status":"open","ping_status":"closed","template":"","meta":{"_joinchat":[]},"pwb-brand":[1564],"product_brand":[],"product_cat":[1505,1526],"product_tag":[],"class_list":{"0":"post-228691","1":"product","2":"type-product","3":"status-publish","4":"has-post-thumbnail","6":"pwb-brand-edg-fr","7":"product_cat-objets","8":"product_cat-vases","10":"first","11":"instock","12":"taxable","13":"shipping-taxable","14":"purchasable","15":"product-type-variable"},"brands":[{"id":1564,"name":"EDG \u2013 Enzo De Gasperi","slug":"edg-fr"}],"_links":{"self":[{"href":"https:\/\/www.tendenzeshabbychic.it\/fr\/wp-json\/wp\/v2\/product\/228691","targetHints":{"allow":["GET"]}}],"collection":[{"href":"https:\/\/www.tendenzeshabbychic.it\/fr\/wp-json\/wp\/v2\/product"}],"about":[{"href":"https:\/\/www.tendenzeshabbychic.it\/fr\/wp-json\/wp\/v2\/types\/product"}],"replies":[{"embeddable":true,"href":"https:\/\/www.tendenzeshabbychic.it\/fr\/wp-json\/wp\/v2\/comments?post=228691"}],"wp:featuredmedia":[{"embeddable":true,"href":"https:\/\/www.tendenzeshabbychic.it\/fr\/wp-json\/wp\/v2\/media\/228681"}],"wp:attachment":[{"href":"https:\/\/www.tendenzeshabbychic.it\/fr\/wp-json\/wp\/v2\/media?parent=228691"}],"wp:term":[{"taxonomy":"pwb-brand","embeddable":true,"href":"https:\/\/www.tendenzeshabbychic.it\/fr\/wp-json\/wp\/v2\/pwb-brand?post=228691"},{"taxonomy":"product_brand","embeddable":true,"href":"https:\/\/www.tendenzeshabbychic.it\/fr\/wp-json\/wp\/v2\/product_brand?post=228691"},{"taxonomy":"product_cat","embeddable":true,"href":"https:\/\/www.tendenzeshabbychic.it\/fr\/wp-json\/wp\/v2\/product_cat?post=228691"},{"taxonomy":"product_tag","embeddable":true,"href":"https:\/\/www.tendenzeshabbychic.it\/fr\/wp-json\/wp\/v2\/product_tag?post=228691"}],"curies":[{"name":"wp","href":"https:\/\/api.w.org\/{rel}","templated":true}]}}