{"id":228664,"date":"2026-02-05T09:40:57","date_gmt":"2026-02-05T08:40:57","guid":{"rendered":"https:\/\/www.tendenzeshabbychic.it\/prodotto\/edg-decor-de-fleurs-en-metal-lilas-h-48-cm\/"},"modified":"2026-02-05T09:40:57","modified_gmt":"2026-02-05T08:40:57","slug":"edg-decor-de-fleurs-en-metal-lilas-h-48-cm","status":"publish","type":"product","link":"https:\/\/www.tendenzeshabbychic.it\/fr\/produit\/edg-decor-de-fleurs-en-metal-lilas-h-48-cm\/","title":{"rendered":"EDG D\u00e9cor de fleurs en m\u00e9tal Lilas H 48 cm"},"content":{"rendered":"<p>Cette d\u00e9coration d&rsquo;<strong>Enzo de Gasperi<\/strong> est r\u00e9alis\u00e9e en m\u00e9tal et se distingue par sa corolle haute et pittoresque : de larges p\u00e9tales lilas tirant sur le blanc, avec des points et des bords \u00ab\u00a0us\u00e9s\u00a0\u00bb \u00e0 l&rsquo;effet vintage. Au centre, de petits pistils cuivr\u00e9s apportent de la lumi\u00e8re et de la pr\u00e9ciosit\u00e9. La tige \u00e9lanc\u00e9e et les deux feuilles opaques vert sauge reposent sur une base stable et tourn\u00e9e, orn\u00e9e de d\u00e9licates marques antiques.  <\/p>\n<p>Parfait sur les consoles, les \u00e9tag\u00e8res ou dans un coin lecture, il cr\u00e9e imm\u00e9diatement une atmosph\u00e8re printani\u00e8re. Magnifique en composition avec les d\u00e9cors floraux EDG <strong>H29<\/strong> et <strong>H38<\/strong> pour un m\u00e9lange de hauteurs (vente crois\u00e9e). <\/p>\n<ul>\n<li>P\u00e9tales superpos\u00e9s avec effet 3D<\/li>\n<li>Bords antiques et points d\u00e9coratifs<\/li>\n<li>D\u00e9tail central de couleur cuivre<\/li>\n<li>Socle stable et shabby vert sauge<\/li>\n<li>Id\u00e9al pour les ensembles assortis<\/li>\n<\/ul>\n","protected":false},"excerpt":{"rendered":"<p>Fleur en m\u00e9tal lilas nuanc\u00e9 avec centre en cuivre et base vert sauge antique : une touche d&rsquo;ameublement romantique.<br \/>\nH 48 x L 10 x P 10 cm.<\/p>\n","protected":false},"featured_media":228647,"comment_status":"open","ping_status":"closed","template":"","meta":{"_joinchat":[]},"pwb-brand":[776],"product_brand":[],"product_cat":[1505],"product_tag":[],"class_list":{"0":"post-228664","1":"product","2":"type-product","3":"status-publish","4":"has-post-thumbnail","6":"pwb-brand-edg","7":"product_cat-objets","9":"first","10":"outofstock","11":"taxable","12":"shipping-taxable","13":"purchasable","14":"product-type-simple"},"brands":[{"id":1564,"name":"EDG \u2013 Enzo De Gasperi","slug":"edg-fr"}],"_links":{"self":[{"href":"https:\/\/www.tendenzeshabbychic.it\/fr\/wp-json\/wp\/v2\/product\/228664","targetHints":{"allow":["GET"]}}],"collection":[{"href":"https:\/\/www.tendenzeshabbychic.it\/fr\/wp-json\/wp\/v2\/product"}],"about":[{"href":"https:\/\/www.tendenzeshabbychic.it\/fr\/wp-json\/wp\/v2\/types\/product"}],"replies":[{"embeddable":true,"href":"https:\/\/www.tendenzeshabbychic.it\/fr\/wp-json\/wp\/v2\/comments?post=228664"}],"wp:featuredmedia":[{"embeddable":true,"href":"https:\/\/www.tendenzeshabbychic.it\/fr\/wp-json\/wp\/v2\/media\/228647"}],"wp:attachment":[{"href":"https:\/\/www.tendenzeshabbychic.it\/fr\/wp-json\/wp\/v2\/media?parent=228664"}],"wp:term":[{"taxonomy":"pwb-brand","embeddable":true,"href":"https:\/\/www.tendenzeshabbychic.it\/fr\/wp-json\/wp\/v2\/pwb-brand?post=228664"},{"taxonomy":"product_brand","embeddable":true,"href":"https:\/\/www.tendenzeshabbychic.it\/fr\/wp-json\/wp\/v2\/product_brand?post=228664"},{"taxonomy":"product_cat","embeddable":true,"href":"https:\/\/www.tendenzeshabbychic.it\/fr\/wp-json\/wp\/v2\/product_cat?post=228664"},{"taxonomy":"product_tag","embeddable":true,"href":"https:\/\/www.tendenzeshabbychic.it\/fr\/wp-json\/wp\/v2\/product_tag?post=228664"}],"curies":[{"name":"wp","href":"https:\/\/api.w.org\/{rel}","templated":true}]}}