{"id":228627,"date":"2026-02-05T12:00:55","date_gmt":"2026-02-05T11:00:55","guid":{"rendered":"https:\/\/www.tendenzeshabbychic.it\/prodotto\/edg-elevateur-rond-en-fer-ceramique-2-tailles\/"},"modified":"2026-02-05T12:00:55","modified_gmt":"2026-02-05T11:00:55","slug":"edg-elevateur-rond-en-fer-ceramique-2-tailles","status":"publish","type":"product","link":"https:\/\/www.tendenzeshabbychic.it\/fr\/produit\/edg-elevateur-rond-en-fer-ceramique-2-tailles\/","title":{"rendered":"EDG El\u00e9vateur rond en fer\/c\u00e9ramique &#8211; 2 tailles"},"content":{"rendered":"<p>Pi\u00e8ce sign\u00e9e <strong>Enzo de Gasperi<\/strong>: rehausse d\u00e9corative avec un cadre en fer peint en blanc, des pieds boucl\u00e9s et des branches entrelac\u00e9es avec des feuilles en relief et de petits oiseaux pos\u00e9s. Le plateau rond en c\u00e9ramique, encadr\u00e9 d&rsquo;une bordure blanche, est rehauss\u00e9 d&rsquo;un motif en majolique\/mosa\u00efque dans les tons vert, bleu clair, ocre et corail.<br \/>\nParfait comme base pour un vase, une bougie ou un centre de table ; en choisissant les deux hauteurs (vendues s\u00e9par\u00e9ment), vous cr\u00e9ez un effet dramatique sur une table console, une table basse ou un buffet. <\/p>\n<ul>\n<li>Fer blanc avec d\u00e9coration de feuilles et d&rsquo;oiseaux<\/li>\n<li>Plateau en c\u00e9ramique multicolore avec effet artisanal<\/li>\n<li>Lignes l\u00e9g\u00e8res avec pieds \u00e0 volutes<\/li>\n<li>Id\u00e9al pour un hall d&rsquo;entr\u00e9e, une v\u00e9randa ou un salon Shabby Chic<\/li>\n<li>Vases et lanternes assortis<\/li>\n<\/ul>\n","protected":false},"excerpt":{"rendered":"<p>Rehausseur rond en fer blanc avec feuilles et oiseaux ; plateau en c\u00e9ramique d\u00e9cor\u00e9e multicolore. Deux tailles, vendues \u00e0 l&rsquo;unit\u00e9. <\/p>\n<p>\ud83d\udccf Grand : H 26 x L 28 x P 28 cm<br \/>\n\ud83d\udccf Petit : H 23 x L 25 x P 25 cm<\/p>\n","protected":false},"featured_media":228625,"comment_status":"open","ping_status":"closed","template":"","meta":{"_joinchat":[]},"pwb-brand":[1564],"product_brand":[],"product_cat":[1527,1526],"product_tag":[],"class_list":{"0":"post-228627","1":"product","2":"type-product","3":"status-publish","4":"has-post-thumbnail","6":"pwb-brand-edg-fr","7":"product_cat-plateaux","8":"product_cat-vases","10":"first","11":"instock","12":"taxable","13":"shipping-taxable","14":"purchasable","15":"product-type-variable"},"brands":[{"id":1564,"name":"EDG \u2013 Enzo De Gasperi","slug":"edg-fr"}],"_links":{"self":[{"href":"https:\/\/www.tendenzeshabbychic.it\/fr\/wp-json\/wp\/v2\/product\/228627","targetHints":{"allow":["GET"]}}],"collection":[{"href":"https:\/\/www.tendenzeshabbychic.it\/fr\/wp-json\/wp\/v2\/product"}],"about":[{"href":"https:\/\/www.tendenzeshabbychic.it\/fr\/wp-json\/wp\/v2\/types\/product"}],"replies":[{"embeddable":true,"href":"https:\/\/www.tendenzeshabbychic.it\/fr\/wp-json\/wp\/v2\/comments?post=228627"}],"wp:featuredmedia":[{"embeddable":true,"href":"https:\/\/www.tendenzeshabbychic.it\/fr\/wp-json\/wp\/v2\/media\/228625"}],"wp:attachment":[{"href":"https:\/\/www.tendenzeshabbychic.it\/fr\/wp-json\/wp\/v2\/media?parent=228627"}],"wp:term":[{"taxonomy":"pwb-brand","embeddable":true,"href":"https:\/\/www.tendenzeshabbychic.it\/fr\/wp-json\/wp\/v2\/pwb-brand?post=228627"},{"taxonomy":"product_brand","embeddable":true,"href":"https:\/\/www.tendenzeshabbychic.it\/fr\/wp-json\/wp\/v2\/product_brand?post=228627"},{"taxonomy":"product_cat","embeddable":true,"href":"https:\/\/www.tendenzeshabbychic.it\/fr\/wp-json\/wp\/v2\/product_cat?post=228627"},{"taxonomy":"product_tag","embeddable":true,"href":"https:\/\/www.tendenzeshabbychic.it\/fr\/wp-json\/wp\/v2\/product_tag?post=228627"}],"curies":[{"name":"wp","href":"https:\/\/api.w.org\/{rel}","templated":true}]}}