{"id":228492,"date":"2025-12-29T19:19:03","date_gmt":"2025-12-29T18:19:03","guid":{"rendered":"https:\/\/www.tendenzeshabbychic.it\/prodotto\/edg-dahlia-ponpon-branche-assortie-h-45-cm\/"},"modified":"2025-12-29T19:19:03","modified_gmt":"2025-12-29T18:19:03","slug":"edg-dahlia-ponpon-branche-assortie-h-45-cm","status":"publish","type":"product","link":"https:\/\/www.tendenzeshabbychic.it\/fr\/produit\/edg-dahlia-ponpon-branche-assortie-h-45-cm\/","title":{"rendered":"EDG Dahlia Ponpon Branche Assortie H 45 cm"},"content":{"rendered":"<p>La branche de dahlia ponpon Enzo de Gasperi s\u00e9duit par la forme parfaitement sph\u00e9rique de la fleur, compos\u00e9e de nombreux p\u00e9tales fins et superpos\u00e9s \u00e0 l&rsquo;effet tiss\u00e9. Les teintes d\u00e9licates, allant du rose poudr\u00e9 \u00e0 la p\u00eache en passant par le cr\u00e8me, cr\u00e9ent un jeu de couleurs raffin\u00e9, id\u00e9al pour les environnements lumineux et romantiques.<br \/>\nLa longue tige \u00e9lanc\u00e9e de couleur verte naturelle rend la branche polyvalente et facile \u00e0 placer dans de grands vases ou des compositions florales mixtes. Une solution d\u00e9corative intemporelle, parfaite pour donner du caract\u00e8re aux int\u00e9rieurs Shabby Chic, classiques ou contemporains.  <\/p>\n<p><strong>Id\u00e9es et qualit\u00e9<\/strong><\/p>\n<ul>\n<li>Fleur de pompon pleine et volumineuse \u00e0 effet r\u00e9aliste<\/li>\n<li>P\u00e9tales doux aux nuances \u00e9l\u00e9gantes et naturelles<\/li>\n<li>Id\u00e9al pour les grands vases ou les compositions florales d\u00e9coratives<\/li>\n<li>Parfait pour les ambiances romantiques et raffin\u00e9es<\/li>\n<li>Pas d&rsquo;entretien, une beaut\u00e9 toujours impeccable<\/li>\n<\/ul>\n","protected":false},"excerpt":{"rendered":"<p>Branche de dahlia EDG ponpon avec une fleur sph\u00e9rique et des p\u00e9tales doux dans les tons de rose, p\u00eache et cr\u00e8me. El\u00e9gant et d\u00e9coratif. <\/p>\n<p>\ud83d\udccf H 45 cm<\/p>\n","protected":false},"featured_media":228481,"comment_status":"open","ping_status":"closed","template":"","meta":{"_joinchat":[]},"pwb-brand":[1564],"product_brand":[],"product_cat":[2772,1467],"product_tag":[],"class_list":{"0":"post-228492","1":"product","2":"type-product","3":"status-publish","4":"has-post-thumbnail","6":"pwb-brand-edg-fr","7":"product_cat-fleurs-en-pot","8":"product_cat-fleurs-et-plantes-artificielles","9":"pa_colore-ivoire","10":"pa_colore-poudre","11":"pa_colore-rose-antique","13":"first","14":"instock","15":"taxable","16":"shipping-taxable","17":"purchasable","18":"product-type-variable"},"brands":[{"id":1564,"name":"EDG \u2013 Enzo De Gasperi","slug":"edg-fr"}],"_links":{"self":[{"href":"https:\/\/www.tendenzeshabbychic.it\/fr\/wp-json\/wp\/v2\/product\/228492","targetHints":{"allow":["GET"]}}],"collection":[{"href":"https:\/\/www.tendenzeshabbychic.it\/fr\/wp-json\/wp\/v2\/product"}],"about":[{"href":"https:\/\/www.tendenzeshabbychic.it\/fr\/wp-json\/wp\/v2\/types\/product"}],"replies":[{"embeddable":true,"href":"https:\/\/www.tendenzeshabbychic.it\/fr\/wp-json\/wp\/v2\/comments?post=228492"}],"wp:featuredmedia":[{"embeddable":true,"href":"https:\/\/www.tendenzeshabbychic.it\/fr\/wp-json\/wp\/v2\/media\/228481"}],"wp:attachment":[{"href":"https:\/\/www.tendenzeshabbychic.it\/fr\/wp-json\/wp\/v2\/media?parent=228492"}],"wp:term":[{"taxonomy":"pwb-brand","embeddable":true,"href":"https:\/\/www.tendenzeshabbychic.it\/fr\/wp-json\/wp\/v2\/pwb-brand?post=228492"},{"taxonomy":"product_brand","embeddable":true,"href":"https:\/\/www.tendenzeshabbychic.it\/fr\/wp-json\/wp\/v2\/product_brand?post=228492"},{"taxonomy":"product_cat","embeddable":true,"href":"https:\/\/www.tendenzeshabbychic.it\/fr\/wp-json\/wp\/v2\/product_cat?post=228492"},{"taxonomy":"product_tag","embeddable":true,"href":"https:\/\/www.tendenzeshabbychic.it\/fr\/wp-json\/wp\/v2\/product_tag?post=228492"}],"curies":[{"name":"wp","href":"https:\/\/api.w.org\/{rel}","templated":true}]}}