{"id":228303,"date":"2026-01-22T09:00:43","date_gmt":"2026-01-22T08:00:43","guid":{"rendered":"https:\/\/www.tendenzeshabbychic.it\/prodotto\/edg-hoya-artificiel-avec-vase-h-91-cm\/"},"modified":"2026-01-22T09:00:43","modified_gmt":"2026-01-22T08:00:43","slug":"edg-hoya-artificiel-avec-vase-h-91-cm","status":"publish","type":"product","link":"https:\/\/www.tendenzeshabbychic.it\/fr\/produit\/edg-hoya-artificiel-avec-vase-h-91-cm\/","title":{"rendered":"EDG Hoya artificiel avec vase H 91 cm"},"content":{"rendered":"<p>Cette plante artificielle hoya d&rsquo;Enzo de Gasperi impressionne par son d\u00e9veloppement vertical harmonieux et ses feuilles charnues caract\u00e9ristiques en forme de c\u0153ur. Les surfaces sont lisses et l\u00e9g\u00e8rement mates, dans des tons verts naturels et complets, afin de reproduire fid\u00e8lement l&rsquo;aspect de la vraie plante. Les tiges \u00e9lanc\u00e9es sont soutenues par des supports internes discrets qui permettent \u00e0 la structure de rester \u00e9l\u00e9gante et \u00e9pur\u00e9e. Le pot noir au design essentiel compl\u00e8te la composition, parfaite pour meubler avec go\u00fbt les salons, les entr\u00e9es, les bureaux ou les espaces commerciaux raffin\u00e9s.   <\/p>\n<ul>\n<li>Feuilles r\u00e9alistes en forme de c\u0153ur charnu<\/li>\n<li>D\u00e9veloppement vertical \u00e9l\u00e9gant et d\u00e9coratif<\/li>\n<li>Finition mate vert naturel<\/li>\n<li>Vase noir minimal inclus<\/li>\n<li>Id\u00e9al pour les int\u00e9rieurs modernes et les pi\u00e8ces soign\u00e9es<\/li>\n<\/ul>\n","protected":false},"excerpt":{"rendered":"<p>Hoya EDG artificiel avec des feuilles charnues en forme de c\u0153ur et un d\u00e9veloppement vertical \u00e9l\u00e9gant. Complet avec pot, id\u00e9al pour les int\u00e9rieurs modernes. <\/p>\n<p>\ud83d\udccf H 91 cm<\/p>\n<p>\ud83d\udccf Vase H 13 x D 14 cm<\/p>\n","protected":false},"featured_media":228271,"comment_status":"open","ping_status":"closed","template":"","meta":{"_joinchat":[]},"pwb-brand":[1564],"product_brand":[],"product_cat":[3206,1467,2776],"product_tag":[],"class_list":{"0":"post-228303","1":"product","2":"type-product","3":"status-publish","4":"has-post-thumbnail","6":"pwb-brand-edg-fr","7":"product_cat-plantes-succulentes","8":"product_cat-fleurs-et-plantes-artificielles","9":"product_cat-plantes-artificielles","11":"first","12":"instock","13":"taxable","14":"shipping-taxable","15":"purchasable","16":"product-type-simple"},"brands":[{"id":1564,"name":"EDG \u2013 Enzo De Gasperi","slug":"edg-fr"}],"_links":{"self":[{"href":"https:\/\/www.tendenzeshabbychic.it\/fr\/wp-json\/wp\/v2\/product\/228303","targetHints":{"allow":["GET"]}}],"collection":[{"href":"https:\/\/www.tendenzeshabbychic.it\/fr\/wp-json\/wp\/v2\/product"}],"about":[{"href":"https:\/\/www.tendenzeshabbychic.it\/fr\/wp-json\/wp\/v2\/types\/product"}],"replies":[{"embeddable":true,"href":"https:\/\/www.tendenzeshabbychic.it\/fr\/wp-json\/wp\/v2\/comments?post=228303"}],"wp:featuredmedia":[{"embeddable":true,"href":"https:\/\/www.tendenzeshabbychic.it\/fr\/wp-json\/wp\/v2\/media\/228271"}],"wp:attachment":[{"href":"https:\/\/www.tendenzeshabbychic.it\/fr\/wp-json\/wp\/v2\/media?parent=228303"}],"wp:term":[{"taxonomy":"pwb-brand","embeddable":true,"href":"https:\/\/www.tendenzeshabbychic.it\/fr\/wp-json\/wp\/v2\/pwb-brand?post=228303"},{"taxonomy":"product_brand","embeddable":true,"href":"https:\/\/www.tendenzeshabbychic.it\/fr\/wp-json\/wp\/v2\/product_brand?post=228303"},{"taxonomy":"product_cat","embeddable":true,"href":"https:\/\/www.tendenzeshabbychic.it\/fr\/wp-json\/wp\/v2\/product_cat?post=228303"},{"taxonomy":"product_tag","embeddable":true,"href":"https:\/\/www.tendenzeshabbychic.it\/fr\/wp-json\/wp\/v2\/product_tag?post=228303"}],"curies":[{"name":"wp","href":"https:\/\/api.w.org\/{rel}","templated":true}]}}