{"id":228291,"date":"2026-01-22T09:00:44","date_gmt":"2026-01-22T08:00:44","guid":{"rendered":"https:\/\/www.tendenzeshabbychic.it\/prodotto\/edg-lavender-scabiosa-branch-6-flowers-h-66-cm\/"},"modified":"2026-01-22T09:00:44","modified_gmt":"2026-01-22T08:00:44","slug":"edg-lavender-scabiosa-branch-6-flowers-h-66-cm","status":"publish","type":"product","link":"https:\/\/www.tendenzeshabbychic.it\/fr\/produit\/edg-lavender-scabiosa-branch-6-flowers-h-66-cm\/","title":{"rendered":"EDG Lavender Scabiosa Branch 6 Flowers H 66 cm"},"content":{"rendered":"<p>La branche de scabiosa Enzo de Gasperi de couleur lavande est une fleur artificielle \u00e0 l&rsquo;\u00e9l\u00e9gance naturelle et au go\u00fbt romantique. Les six fleurs, regroup\u00e9es en sph\u00e8res l\u00e9g\u00e8res, ont des p\u00e9tales minces aux tons lavande et un centre clair, rehauss\u00e9 par des veines d\u00e9licates qui renforcent leur r\u00e9alisme.<br \/>\nLa tige mince a un noyau m\u00e9tallique interne, ce qui vous permet de fa\u00e7onner la branche et de l&rsquo;orienter en fonction de vos besoins d\u00e9coratifs. Fabriqu\u00e9e en plastique de qualit\u00e9, elle est id\u00e9ale pour les vases hauts, les compositions mixtes ou les arrangements Shabby Chic et printaniers, conservant sa beaut\u00e9 au fil du temps sans entretien.  <\/p>\n<p><strong>Id\u00e9es d&rsquo;ameublement et qualit\u00e9<\/strong><\/p>\n<ul>\n<li>Six fleurs lavande aux nuances d\u00e9licates<\/li>\n<li>Tige flexible avec noyau m\u00e9tallique moulable<\/li>\n<li>Effet l\u00e9ger et naturel, tr\u00e8s d\u00e9coratif<\/li>\n<li>Id\u00e9al pour les grands vases ou les bouquets aux couleurs pastel<\/li>\n<li>Parfait en combinaison avec des fleurs artificielles EDG neutres ou blanches<\/li>\n<\/ul>\n","protected":false},"excerpt":{"rendered":"<p>Branche artificielle de scabiosa de couleur lavande avec six fleurs d\u00e9licates. Raffin\u00e9e et modelable, elle est id\u00e9ale pour les compositions \u00e9l\u00e9gantes. <\/p>\n<p>\ud83d\udccf H 66 cm<\/p>\n","protected":false},"featured_media":228257,"comment_status":"open","ping_status":"closed","template":"","meta":{"_joinchat":[]},"pwb-brand":[1564],"product_brand":[],"product_cat":[2772,1467],"product_tag":[],"class_list":{"0":"post-228291","1":"product","2":"type-product","3":"status-publish","4":"has-post-thumbnail","6":"pwb-brand-edg-fr","7":"product_cat-fleurs-en-pot","8":"product_cat-fleurs-et-plantes-artificielles","10":"first","11":"instock","12":"taxable","13":"shipping-taxable","14":"purchasable","15":"product-type-simple"},"brands":[{"id":1564,"name":"EDG \u2013 Enzo De Gasperi","slug":"edg-fr"}],"_links":{"self":[{"href":"https:\/\/www.tendenzeshabbychic.it\/fr\/wp-json\/wp\/v2\/product\/228291","targetHints":{"allow":["GET"]}}],"collection":[{"href":"https:\/\/www.tendenzeshabbychic.it\/fr\/wp-json\/wp\/v2\/product"}],"about":[{"href":"https:\/\/www.tendenzeshabbychic.it\/fr\/wp-json\/wp\/v2\/types\/product"}],"replies":[{"embeddable":true,"href":"https:\/\/www.tendenzeshabbychic.it\/fr\/wp-json\/wp\/v2\/comments?post=228291"}],"wp:featuredmedia":[{"embeddable":true,"href":"https:\/\/www.tendenzeshabbychic.it\/fr\/wp-json\/wp\/v2\/media\/228257"}],"wp:attachment":[{"href":"https:\/\/www.tendenzeshabbychic.it\/fr\/wp-json\/wp\/v2\/media?parent=228291"}],"wp:term":[{"taxonomy":"pwb-brand","embeddable":true,"href":"https:\/\/www.tendenzeshabbychic.it\/fr\/wp-json\/wp\/v2\/pwb-brand?post=228291"},{"taxonomy":"product_brand","embeddable":true,"href":"https:\/\/www.tendenzeshabbychic.it\/fr\/wp-json\/wp\/v2\/product_brand?post=228291"},{"taxonomy":"product_cat","embeddable":true,"href":"https:\/\/www.tendenzeshabbychic.it\/fr\/wp-json\/wp\/v2\/product_cat?post=228291"},{"taxonomy":"product_tag","embeddable":true,"href":"https:\/\/www.tendenzeshabbychic.it\/fr\/wp-json\/wp\/v2\/product_tag?post=228291"}],"curies":[{"name":"wp","href":"https:\/\/api.w.org\/{rel}","templated":true}]}}