{"id":228207,"date":"2026-01-22T09:03:30","date_gmt":"2026-01-22T08:03:30","guid":{"rendered":"https:\/\/www.tendenzeshabbychic.it\/prodotto\/edg-narcisse-jaune-avec-vase-h-34-cm\/"},"modified":"2026-01-22T09:03:30","modified_gmt":"2026-01-22T08:03:30","slug":"edg-narcisse-jaune-avec-vase-h-34-cm","status":"publish","type":"product","link":"https:\/\/www.tendenzeshabbychic.it\/fr\/produit\/edg-narcisse-jaune-avec-vase-h-34-cm\/","title":{"rendered":"EDG Narcisse jaune avec vase H 34 cm"},"content":{"rendered":"<p>Cette plante jonquille d&rsquo;Enzo de Gasperi reproduit l&rsquo;\u00e9l\u00e9gance des fleurs printani\u00e8res avec un grand r\u00e9alisme. Les 12 fleurs jaune vif ont des p\u00e9tales doux avec un effet tiss\u00e9 et une corolle centrale bien d\u00e9finie. Les longues et fines feuilles vertes ont une texture naturelle et accompagnent harmonieusement la tige.<br \/>\nLe pot cylindrique noir mat cr\u00e9e un contraste de couleur raffin\u00e9 et garantit la stabilit\u00e9, tandis que le terreau d\u00e9coratif compl\u00e8te l&rsquo;effet r\u00e9aliste. Parfait pour apporter de la lumi\u00e8re et de la fra\u00eecheur dans les pi\u00e8ces sans n\u00e9cessiter d&rsquo;entretien.   <\/p>\n<p><strong>Id\u00e9es et qualit\u00e9<\/strong><\/p>\n<ul>\n<li>Couleur jaune vif id\u00e9ale pour \u00e9gayer les espaces neutres<\/li>\n<li>Fleurs et feuilles d&rsquo;aspect naturel et soign\u00e9<\/li>\n<li>Vase noir mat au design moderne et \u00e9l\u00e9gant<\/li>\n<li>Parfait pour les consoles, les \u00e9tag\u00e8res et les tables \u00e0 ressort<\/li>\n<li>Sans entretien, toujours impeccable<\/li>\n<\/ul>\n","protected":false},"excerpt":{"rendered":"<p>Plante artificielle de narcisse EDG avec 12 fleurs jaune fonc\u00e9, feuilles \u00e9lanc\u00e9es et vase noir mat. El\u00e9gant et lumineux. <\/p>\n<p>\ud83d\udccf H 34 x P 10 cm<\/p>\n","protected":false},"featured_media":228171,"comment_status":"open","ping_status":"closed","template":"","meta":{"_joinchat":[]},"pwb-brand":[1564],"product_brand":[],"product_cat":[2772,1467],"product_tag":[],"class_list":{"0":"post-228207","1":"product","2":"type-product","3":"status-publish","4":"has-post-thumbnail","6":"pwb-brand-edg-fr","7":"product_cat-fleurs-en-pot","8":"product_cat-fleurs-et-plantes-artificielles","10":"first","11":"instock","12":"taxable","13":"shipping-taxable","14":"purchasable","15":"product-type-simple"},"brands":[{"id":1564,"name":"EDG \u2013 Enzo De Gasperi","slug":"edg-fr"}],"_links":{"self":[{"href":"https:\/\/www.tendenzeshabbychic.it\/fr\/wp-json\/wp\/v2\/product\/228207","targetHints":{"allow":["GET"]}}],"collection":[{"href":"https:\/\/www.tendenzeshabbychic.it\/fr\/wp-json\/wp\/v2\/product"}],"about":[{"href":"https:\/\/www.tendenzeshabbychic.it\/fr\/wp-json\/wp\/v2\/types\/product"}],"replies":[{"embeddable":true,"href":"https:\/\/www.tendenzeshabbychic.it\/fr\/wp-json\/wp\/v2\/comments?post=228207"}],"wp:featuredmedia":[{"embeddable":true,"href":"https:\/\/www.tendenzeshabbychic.it\/fr\/wp-json\/wp\/v2\/media\/228171"}],"wp:attachment":[{"href":"https:\/\/www.tendenzeshabbychic.it\/fr\/wp-json\/wp\/v2\/media?parent=228207"}],"wp:term":[{"taxonomy":"pwb-brand","embeddable":true,"href":"https:\/\/www.tendenzeshabbychic.it\/fr\/wp-json\/wp\/v2\/pwb-brand?post=228207"},{"taxonomy":"product_brand","embeddable":true,"href":"https:\/\/www.tendenzeshabbychic.it\/fr\/wp-json\/wp\/v2\/product_brand?post=228207"},{"taxonomy":"product_cat","embeddable":true,"href":"https:\/\/www.tendenzeshabbychic.it\/fr\/wp-json\/wp\/v2\/product_cat?post=228207"},{"taxonomy":"product_tag","embeddable":true,"href":"https:\/\/www.tendenzeshabbychic.it\/fr\/wp-json\/wp\/v2\/product_tag?post=228207"}],"curies":[{"name":"wp","href":"https:\/\/api.w.org\/{rel}","templated":true}]}}