{"id":228189,"date":"2026-01-22T09:03:34","date_gmt":"2026-01-22T08:03:34","guid":{"rendered":"https:\/\/www.tendenzeshabbychic.it\/prodotto\/edg-plante-jonquille-x12-avec-vase-h-34-cm\/"},"modified":"2026-01-22T09:03:34","modified_gmt":"2026-01-22T08:03:34","slug":"edg-plante-jonquille-x12-avec-vase-h-34-cm","status":"publish","type":"product","link":"https:\/\/www.tendenzeshabbychic.it\/fr\/produit\/edg-plante-jonquille-x12-avec-vase-h-34-cm\/","title":{"rendered":"EDG Plante jonquille x12 avec vase H 34 cm"},"content":{"rendered":"<p>Cette \u00e9l\u00e9gante composition de jonquilles d&rsquo;Enzo de Gasperi reproduit avec r\u00e9alisme 12 fleurs aux p\u00e9tales d&rsquo;un blanc tendre, termin\u00e9es par une trompette centrale d&rsquo;un jaune profond l\u00e9g\u00e8rement nuanc\u00e9. Les feuilles longues et fines en vert naturel cr\u00e9ent du mouvement et de la verticalit\u00e9, rendant l&rsquo;ensemble harmonieux et raffin\u00e9.<br \/>\nLe vase cylindrique noir mat, simple et moderne, retient la base avec un effet de terre naturelle et des racines d\u00e9coratives visibles, un d\u00e9tail qui augmente le r\u00e9alisme de la composition. Id\u00e9al pour les environnements int\u00e9rieurs, il apporte une touche lumineuse et printani\u00e8re sans n\u00e9cessiter d&rsquo;entretien.  <\/p>\n<p>Parfait pour les tables basses, les \u00e9tag\u00e8res, les consoles ou comme pi\u00e8ce ma\u00eetresse discr\u00e8te mais \u00e9l\u00e9gante.<\/p>\n<p><strong>Id\u00e9es d&rsquo;ameublement et qualit\u00e9<\/strong><\/p>\n<ul>\n<li>Fleurs blanches avec un centre jaune pour un contraste brillant.<\/li>\n<li>Feuilles \u00e9lanc\u00e9es, d&rsquo;aspect naturel<\/li>\n<li>Vase noir mat au design \u00e9pur\u00e9 et contemporain<\/li>\n<li>Base avec effet de terre et racines d\u00e9coratives<\/li>\n<li>Id\u00e9al pour les environnements Shabby Chic, modernes ou minimaux.<\/li>\n<\/ul>\n","protected":false},"excerpt":{"rendered":"<p>Arrangement de 12 jonquilles artificielles EDG avec des fleurs blanches et un centre jaune, accompagn\u00e9 d&rsquo;un vase noir mat avec un design essentiel.<\/p>\n<p>\ud83d\udccf H 34 x L 10 x P 10 cm<\/p>\n","protected":false},"featured_media":228167,"comment_status":"open","ping_status":"closed","template":"","meta":{"_joinchat":[]},"pwb-brand":[1564],"product_brand":[],"product_cat":[2772,1467],"product_tag":[],"class_list":{"0":"post-228189","1":"product","2":"type-product","3":"status-publish","4":"has-post-thumbnail","6":"pwb-brand-edg-fr","7":"product_cat-fleurs-en-pot","8":"product_cat-fleurs-et-plantes-artificielles","10":"first","11":"instock","12":"taxable","13":"shipping-taxable","14":"purchasable","15":"product-type-simple"},"brands":[{"id":1564,"name":"EDG \u2013 Enzo De Gasperi","slug":"edg-fr"}],"_links":{"self":[{"href":"https:\/\/www.tendenzeshabbychic.it\/fr\/wp-json\/wp\/v2\/product\/228189","targetHints":{"allow":["GET"]}}],"collection":[{"href":"https:\/\/www.tendenzeshabbychic.it\/fr\/wp-json\/wp\/v2\/product"}],"about":[{"href":"https:\/\/www.tendenzeshabbychic.it\/fr\/wp-json\/wp\/v2\/types\/product"}],"replies":[{"embeddable":true,"href":"https:\/\/www.tendenzeshabbychic.it\/fr\/wp-json\/wp\/v2\/comments?post=228189"}],"wp:featuredmedia":[{"embeddable":true,"href":"https:\/\/www.tendenzeshabbychic.it\/fr\/wp-json\/wp\/v2\/media\/228167"}],"wp:attachment":[{"href":"https:\/\/www.tendenzeshabbychic.it\/fr\/wp-json\/wp\/v2\/media?parent=228189"}],"wp:term":[{"taxonomy":"pwb-brand","embeddable":true,"href":"https:\/\/www.tendenzeshabbychic.it\/fr\/wp-json\/wp\/v2\/pwb-brand?post=228189"},{"taxonomy":"product_brand","embeddable":true,"href":"https:\/\/www.tendenzeshabbychic.it\/fr\/wp-json\/wp\/v2\/product_brand?post=228189"},{"taxonomy":"product_cat","embeddable":true,"href":"https:\/\/www.tendenzeshabbychic.it\/fr\/wp-json\/wp\/v2\/product_cat?post=228189"},{"taxonomy":"product_tag","embeddable":true,"href":"https:\/\/www.tendenzeshabbychic.it\/fr\/wp-json\/wp\/v2\/product_tag?post=228189"}],"curies":[{"name":"wp","href":"https:\/\/api.w.org\/{rel}","templated":true}]}}