{"id":228165,"date":"2026-01-22T09:04:16","date_gmt":"2026-01-22T08:04:16","guid":{"rendered":"https:\/\/www.tendenzeshabbychic.it\/prodotto\/edg-orchidee-fuchsia-avec-feuilles-dans-un-vase-h40-cm\/"},"modified":"2026-01-22T09:04:16","modified_gmt":"2026-01-22T08:04:16","slug":"edg-orchidee-fuchsia-avec-feuilles-dans-un-vase-h40-cm","status":"publish","type":"product","link":"https:\/\/www.tendenzeshabbychic.it\/fr\/produit\/edg-orchidee-fuchsia-avec-feuilles-dans-un-vase-h40-cm\/","title":{"rendered":"EDG Orchid\u00e9e Fuchsia avec feuilles dans un vase H40 cm"},"content":{"rendered":"<p>Cette orchid\u00e9e artificielle d&rsquo;Enzo de Gasperi allie \u00e9l\u00e9gance et r\u00e9alisme dans une composition raffin\u00e9e. Les fleurs fuchsia ont des p\u00e9tales souples \u00e0 l&rsquo;effet soyeux. La branche courb\u00e9e donne un mouvement naturel, tandis que les feuilles vert fonc\u00e9, larges et l\u00e9g\u00e8rement brillantes, reproduisent fid\u00e8lement l&rsquo;aspect de la v\u00e9ritable orchid\u00e9e. La plante est compl\u00e9t\u00e9e par un pot cylindrique blanc mat, propre, avec une surface lisse et un terreau d\u00e9coratif fonc\u00e9. Parfait pour embellir les consoles, les tables de chevet, les biblioth\u00e8ques ou les tables avec une touche chic sans entretien.    <\/p>\n<p><strong>Id\u00e9es d&rsquo;ameublement et qualit\u00e9<\/strong><\/p>\n<ul>\n<li>Fleurs fuchsia tr\u00e8s r\u00e9alistes<\/li>\n<li>Feuilles vertes larges et l\u00e9g\u00e8rement brillantes<\/li>\n<li>Branche \u00e9l\u00e9gante et harmonieuse<\/li>\n<li>Vase blanc minimal facile \u00e0 assortir<\/li>\n<li>Id\u00e9al pour les environnements raffin\u00e9s et f\u00e9minins<\/li>\n<\/ul>\n","protected":false},"excerpt":{"rendered":"<p>Orchid\u00e9e artificielle avec des fleurs fuchsia et des feuilles vertes brillantes. Livr\u00e9e avec un vase blanc essentiel. <\/p>\n<p>\ud83d\udccf H 40 cm<\/p>\n<p>\ud83d\udccf Vase : H 8,5 x D 9,5 cm<\/p>\n","protected":false},"featured_media":228145,"comment_status":"open","ping_status":"closed","template":"","meta":{"_joinchat":[]},"pwb-brand":[1564],"product_brand":[],"product_cat":[2775,1467],"product_tag":[],"class_list":{"0":"post-228165","1":"product","2":"type-product","3":"status-publish","4":"has-post-thumbnail","6":"pwb-brand-edg-fr","7":"product_cat-orchidees","8":"product_cat-fleurs-et-plantes-artificielles","10":"first","11":"instock","12":"taxable","13":"shipping-taxable","14":"purchasable","15":"product-type-simple"},"brands":[{"id":1564,"name":"EDG \u2013 Enzo De Gasperi","slug":"edg-fr"}],"_links":{"self":[{"href":"https:\/\/www.tendenzeshabbychic.it\/fr\/wp-json\/wp\/v2\/product\/228165","targetHints":{"allow":["GET"]}}],"collection":[{"href":"https:\/\/www.tendenzeshabbychic.it\/fr\/wp-json\/wp\/v2\/product"}],"about":[{"href":"https:\/\/www.tendenzeshabbychic.it\/fr\/wp-json\/wp\/v2\/types\/product"}],"replies":[{"embeddable":true,"href":"https:\/\/www.tendenzeshabbychic.it\/fr\/wp-json\/wp\/v2\/comments?post=228165"}],"wp:featuredmedia":[{"embeddable":true,"href":"https:\/\/www.tendenzeshabbychic.it\/fr\/wp-json\/wp\/v2\/media\/228145"}],"wp:attachment":[{"href":"https:\/\/www.tendenzeshabbychic.it\/fr\/wp-json\/wp\/v2\/media?parent=228165"}],"wp:term":[{"taxonomy":"pwb-brand","embeddable":true,"href":"https:\/\/www.tendenzeshabbychic.it\/fr\/wp-json\/wp\/v2\/pwb-brand?post=228165"},{"taxonomy":"product_brand","embeddable":true,"href":"https:\/\/www.tendenzeshabbychic.it\/fr\/wp-json\/wp\/v2\/product_brand?post=228165"},{"taxonomy":"product_cat","embeddable":true,"href":"https:\/\/www.tendenzeshabbychic.it\/fr\/wp-json\/wp\/v2\/product_cat?post=228165"},{"taxonomy":"product_tag","embeddable":true,"href":"https:\/\/www.tendenzeshabbychic.it\/fr\/wp-json\/wp\/v2\/product_tag?post=228165"}],"curies":[{"name":"wp","href":"https:\/\/api.w.org\/{rel}","templated":true}]}}