{"id":228140,"date":"2026-02-04T10:08:26","date_gmt":"2026-02-04T09:08:26","guid":{"rendered":"https:\/\/www.tendenzeshabbychic.it\/prodotto\/guirlande-de-naissance-teddy-tendresse-rose-o35-cm\/"},"modified":"2026-02-04T10:08:26","modified_gmt":"2026-02-04T09:08:26","slug":"guirlande-de-naissance-teddy-tendresse-rose-o35-cm","status":"publish","type":"product","link":"https:\/\/www.tendenzeshabbychic.it\/fr\/produit\/guirlande-de-naissance-teddy-tendresse-rose-o35-cm\/","title":{"rendered":"Guirlande de naissance Teddy Tendresse rose \u00d835 cm"},"content":{"rendered":"<p>La guirlande florale Teddy Madame Tenderness combine une couronne de fleurs d\u00e9coratives dans les tons rose et cr\u00e8me avec un n\u0153ud rose \u00e0 la pr\u00e9sence douce et harmonieuse. Un ensemble d\u00e9licat avec des d\u00e9tails visibles dans le style Shabby Chic. <\/p>\n<p>Id\u00e9ale pour une naissance, elle conf\u00e8re une touche chaleureuse \u00e0 l&rsquo;entr\u00e9e de la maison ou de la chambre d&rsquo;enfant et peut devenir un souvenir \u00e0 ch\u00e9rir au fil du temps. Fabriqu\u00e9 \u00e0 la main en Italie, il est con\u00e7u pour ceux qui aiment les d\u00e9corations au caract\u00e8re romantique et mesur\u00e9. <\/p>\n<ul>\n<li>Diam\u00e8tre 35 cm<\/li>\n<li>Ligne de tendresse de Teddy<\/li>\n<li>Couronne florale dans les tons rose et cr\u00e8me, selon l&rsquo;image<\/li>\n<li>Grand n\u0153ud rose, \u00e9l\u00e9ment central de la composition<\/li>\n<li>Fabriqu\u00e9 \u00e0 la main en Italie, sign\u00e9 Madame Fiocc\u00f2<\/li>\n<\/ul>\n<p><em>Chaque cr\u00e9ation de Madame Fiocc\u00f2 est fabriqu\u00e9e \u00e0 la main en Italie. Pour cette raison, de petites variations par rapport aux photos sont possibles et doivent \u00eatre consid\u00e9r\u00e9es comme faisant partie de la valeur artisanale du produit, et non comme un d\u00e9faut. <\/em><\/p>\n","protected":false},"excerpt":{"rendered":"<p>Teddy&rsquo;s Birth Tenderness Guirlande florale, <strong>diam\u00e8tre 35 cm<\/strong>, avec un grand n\u0153ud rose.<\/p>\n<p>Un d\u00e9tail d\u00e9coratif romantique, fait \u00e0 la main en Italie, con\u00e7u pour accueillir un nouvel arrivant.<\/p>\n","protected":false},"featured_media":228116,"comment_status":"open","ping_status":"closed","template":"","meta":{"_joinchat":[]},"pwb-brand":[3435],"product_brand":[],"product_cat":[1505,1457],"product_tag":[3441,3438,1394,1298],"class_list":{"0":"post-228140","1":"product","2":"type-product","3":"status-publish","4":"has-post-thumbnail","6":"pwb-brand-madame-fiocco","7":"product_cat-objets","8":"product_cat-faveurs","9":"product_tag-decorations-pour-fete-prenatale-et-naissance","10":"product_tag-decorations-suspendues","11":"product_tag-fleche","12":"product_tag-made-in-italy-fr","14":"first","15":"instock","16":"taxable","17":"shipping-taxable","18":"purchasable","19":"product-type-simple"},"brands":[{"id":3435,"name":"Madame Fiocc\u00f2","slug":"madame-fiocco"}],"_links":{"self":[{"href":"https:\/\/www.tendenzeshabbychic.it\/fr\/wp-json\/wp\/v2\/product\/228140","targetHints":{"allow":["GET"]}}],"collection":[{"href":"https:\/\/www.tendenzeshabbychic.it\/fr\/wp-json\/wp\/v2\/product"}],"about":[{"href":"https:\/\/www.tendenzeshabbychic.it\/fr\/wp-json\/wp\/v2\/types\/product"}],"replies":[{"embeddable":true,"href":"https:\/\/www.tendenzeshabbychic.it\/fr\/wp-json\/wp\/v2\/comments?post=228140"}],"wp:featuredmedia":[{"embeddable":true,"href":"https:\/\/www.tendenzeshabbychic.it\/fr\/wp-json\/wp\/v2\/media\/228116"}],"wp:attachment":[{"href":"https:\/\/www.tendenzeshabbychic.it\/fr\/wp-json\/wp\/v2\/media?parent=228140"}],"wp:term":[{"taxonomy":"pwb-brand","embeddable":true,"href":"https:\/\/www.tendenzeshabbychic.it\/fr\/wp-json\/wp\/v2\/pwb-brand?post=228140"},{"taxonomy":"product_brand","embeddable":true,"href":"https:\/\/www.tendenzeshabbychic.it\/fr\/wp-json\/wp\/v2\/product_brand?post=228140"},{"taxonomy":"product_cat","embeddable":true,"href":"https:\/\/www.tendenzeshabbychic.it\/fr\/wp-json\/wp\/v2\/product_cat?post=228140"},{"taxonomy":"product_tag","embeddable":true,"href":"https:\/\/www.tendenzeshabbychic.it\/fr\/wp-json\/wp\/v2\/product_tag?post=228140"}],"curies":[{"name":"wp","href":"https:\/\/api.w.org\/{rel}","templated":true}]}}