{"id":228138,"date":"2026-01-22T09:05:56","date_gmt":"2026-01-22T08:05:56","guid":{"rendered":"https:\/\/www.tendenzeshabbychic.it\/prodotto\/edg-branche-de-mimosa-artificiel-h-111-cm\/"},"modified":"2026-01-22T09:05:56","modified_gmt":"2026-01-22T08:05:56","slug":"edg-branche-de-mimosa-artificiel-h-111-cm","status":"publish","type":"product","link":"https:\/\/www.tendenzeshabbychic.it\/fr\/produit\/edg-branche-de-mimosa-artificiel-h-111-cm\/","title":{"rendered":"EDG Branche de mimosa artificiel H 111 cm"},"content":{"rendered":"<p>Cette branche artificielle de mimosa d&rsquo;Enzo de Gasperi reproduit de mani\u00e8re r\u00e9aliste l&rsquo;aspect d\u00e9licat de cette fleur printani\u00e8re. Les petites fleurs sph\u00e9riques jaune vif ont une texture douce et l\u00e9g\u00e8rement velout\u00e9e, tandis que les feuilles \u00e9lanc\u00e9es d&rsquo;un vert profond rappellent fid\u00e8lement le mimosa naturel. La longue tige flexible permet une mise en forme facile et une insertion harmonieuse dans les grands vases ou les compositions florales. Fabriqu\u00e9 en plastique de haute qualit\u00e9, il est id\u00e9al pour d\u00e9corer les environnements sans entretien.   <\/p>\n<ul>\n<li>Parfait dans un vase en verre ou en c\u00e9ramique pour une touche printani\u00e8re.<\/li>\n<li>Couleur jaune vif qui r\u00e9chauffe la pi\u00e8ce<\/li>\n<li>Fleurs douces et naturelles<\/li>\n<li>Tige longue et modelable<\/li>\n<li>Id\u00e9al pour les salons, les entr\u00e9es ou les tables d\u00e9cor\u00e9es<\/li>\n<\/ul>\n","protected":false},"excerpt":{"rendered":"<p>Branche de mimosa artificielle EDG avec des fleurs jaune fonc\u00e9 et des feuilles vert clair \u00e0 l&rsquo;effet naturel et lumineux. Id\u00e9al pour les pots hauts. <\/p>\n<p>\ud83d\udccf H 111 cm<\/p>\n","protected":false},"featured_media":228129,"comment_status":"open","ping_status":"closed","template":"","meta":{"_joinchat":[]},"pwb-brand":[1564],"product_brand":[],"product_cat":[2772,1467],"product_tag":[],"class_list":{"0":"post-228138","1":"product","2":"type-product","3":"status-publish","4":"has-post-thumbnail","6":"pwb-brand-edg-fr","7":"product_cat-fleurs-en-pot","8":"product_cat-fleurs-et-plantes-artificielles","10":"first","11":"instock","12":"taxable","13":"shipping-taxable","14":"purchasable","15":"product-type-simple"},"brands":[{"id":1564,"name":"EDG \u2013 Enzo De Gasperi","slug":"edg-fr"}],"_links":{"self":[{"href":"https:\/\/www.tendenzeshabbychic.it\/fr\/wp-json\/wp\/v2\/product\/228138","targetHints":{"allow":["GET"]}}],"collection":[{"href":"https:\/\/www.tendenzeshabbychic.it\/fr\/wp-json\/wp\/v2\/product"}],"about":[{"href":"https:\/\/www.tendenzeshabbychic.it\/fr\/wp-json\/wp\/v2\/types\/product"}],"replies":[{"embeddable":true,"href":"https:\/\/www.tendenzeshabbychic.it\/fr\/wp-json\/wp\/v2\/comments?post=228138"}],"wp:featuredmedia":[{"embeddable":true,"href":"https:\/\/www.tendenzeshabbychic.it\/fr\/wp-json\/wp\/v2\/media\/228129"}],"wp:attachment":[{"href":"https:\/\/www.tendenzeshabbychic.it\/fr\/wp-json\/wp\/v2\/media?parent=228138"}],"wp:term":[{"taxonomy":"pwb-brand","embeddable":true,"href":"https:\/\/www.tendenzeshabbychic.it\/fr\/wp-json\/wp\/v2\/pwb-brand?post=228138"},{"taxonomy":"product_brand","embeddable":true,"href":"https:\/\/www.tendenzeshabbychic.it\/fr\/wp-json\/wp\/v2\/product_brand?post=228138"},{"taxonomy":"product_cat","embeddable":true,"href":"https:\/\/www.tendenzeshabbychic.it\/fr\/wp-json\/wp\/v2\/product_cat?post=228138"},{"taxonomy":"product_tag","embeddable":true,"href":"https:\/\/www.tendenzeshabbychic.it\/fr\/wp-json\/wp\/v2\/product_tag?post=228138"}],"curies":[{"name":"wp","href":"https:\/\/api.w.org\/{rel}","templated":true}]}}