{"id":228086,"date":"2026-02-24T09:28:07","date_gmt":"2026-02-24T08:28:07","guid":{"rendered":"https:\/\/www.tendenzeshabbychic.it\/prodotto\/noeud-spring-dream-jib-beige-h-80-cm\/"},"modified":"2026-02-10T12:21:18","modified_gmt":"2026-02-10T11:21:18","slug":"noeud-spring-dream-jib-beige-h-80-cm","status":"publish","type":"product","link":"https:\/\/www.tendenzeshabbychic.it\/fr\/produit\/noeud-spring-dream-jib-beige-h-80-cm\/","title":{"rendered":"Madame Fiocc\u00f2 Fiocco Sogno di Primavera beige h 80 cm"},"content":{"rendered":"<p>Le h 80 beige Spring Dream Bow est une d\u00e9coration \u00e0 la palette naturelle, o\u00f9 le beige chaud rencontre des rubans clairs et une composition florale lumineuse aux accents verts. Le tambourin d\u00e9coratif \u00e0 imprim\u00e9 floral devient le point central, compl\u00e9t\u00e9 par des d\u00e9tails appliqu\u00e9s qui rendent l&rsquo;ensemble harmonieux et d\u00e9licat. <\/p>\n<p>Fabriqu\u00e9 \u00e0 la main en Italie par Madame Fiocc\u00f2, il est con\u00e7u pour ceux qui aiment le style Shabby Chic essentiel, fait de tons doux et de d\u00e9tails soign\u00e9s. S&rsquo;agissant d&rsquo;un produit artisanal, il peut pr\u00e9senter de l\u00e9g\u00e8res diff\u00e9rences par rapport aux photos : celles-ci ne doivent pas \u00eatre consid\u00e9r\u00e9es comme un d\u00e9faut, mais comme une caract\u00e9ristique du travail manuel. <\/p>\n<ul>\n<li>Hauteur 80 cm<\/li>\n<li>Ligne Spring Dream en beige<\/li>\n<li>Tambourin d\u00e9coratif avec impression florale<\/li>\n<li>Arrangement floral d\u00e9coratif dans des tons clairs avec du vert<\/li>\n<li>Longs rubans en cascade pour un effet doux<\/li>\n<\/ul>\n<p><em>Chaque cr\u00e9ation de Madame Fiocc\u00f2 est fabriqu\u00e9e \u00e0 la main en Italie. Pour cette raison, de petites variations par rapport aux photos sont possibles et doivent \u00eatre consid\u00e9r\u00e9es comme faisant partie de la valeur artisanale du produit, et non comme un d\u00e9faut. <\/em><\/p>\n","protected":false},"excerpt":{"rendered":"<p>Madame Fiocc\u00f2 Sogno di Primavera noeud d\u00e9coratif en teinte beige, 80 cm de haut, avec des rubans en cascade de couleur claire.<\/p>\n<p>Enrichi d&rsquo;une composition florale ivoire et verte et d&rsquo;un tambourin d\u00e9coratif avec impression florale.<\/p>\n<p>Fabriqu\u00e9 \u00e0 la main en Italie.<\/p>\n","protected":false},"featured_media":228080,"comment_status":"open","ping_status":"closed","template":"","meta":{"_joinchat":[]},"pwb-brand":[3435],"product_brand":[],"product_cat":[1505],"product_tag":[3438,1394,1298],"class_list":{"0":"post-228086","1":"product","2":"type-product","3":"status-publish","4":"has-post-thumbnail","6":"pwb-brand-madame-fiocco","7":"product_cat-objets","8":"product_tag-decorations-suspendues","9":"product_tag-fleche","10":"product_tag-made-in-italy-fr","12":"first","13":"instock","14":"taxable","15":"shipping-taxable","16":"purchasable","17":"product-type-simple"},"brands":[{"id":3435,"name":"Madame Fiocc\u00f2","slug":"madame-fiocco"}],"_links":{"self":[{"href":"https:\/\/www.tendenzeshabbychic.it\/fr\/wp-json\/wp\/v2\/product\/228086","targetHints":{"allow":["GET"]}}],"collection":[{"href":"https:\/\/www.tendenzeshabbychic.it\/fr\/wp-json\/wp\/v2\/product"}],"about":[{"href":"https:\/\/www.tendenzeshabbychic.it\/fr\/wp-json\/wp\/v2\/types\/product"}],"replies":[{"embeddable":true,"href":"https:\/\/www.tendenzeshabbychic.it\/fr\/wp-json\/wp\/v2\/comments?post=228086"}],"wp:featuredmedia":[{"embeddable":true,"href":"https:\/\/www.tendenzeshabbychic.it\/fr\/wp-json\/wp\/v2\/media\/228080"}],"wp:attachment":[{"href":"https:\/\/www.tendenzeshabbychic.it\/fr\/wp-json\/wp\/v2\/media?parent=228086"}],"wp:term":[{"taxonomy":"pwb-brand","embeddable":true,"href":"https:\/\/www.tendenzeshabbychic.it\/fr\/wp-json\/wp\/v2\/pwb-brand?post=228086"},{"taxonomy":"product_brand","embeddable":true,"href":"https:\/\/www.tendenzeshabbychic.it\/fr\/wp-json\/wp\/v2\/product_brand?post=228086"},{"taxonomy":"product_cat","embeddable":true,"href":"https:\/\/www.tendenzeshabbychic.it\/fr\/wp-json\/wp\/v2\/product_cat?post=228086"},{"taxonomy":"product_tag","embeddable":true,"href":"https:\/\/www.tendenzeshabbychic.it\/fr\/wp-json\/wp\/v2\/product_tag?post=228086"}],"curies":[{"name":"wp","href":"https:\/\/api.w.org\/{rel}","templated":true}]}}