{"id":228084,"date":"2026-02-24T08:28:46","date_gmt":"2026-02-24T07:28:46","guid":{"rendered":"https:\/\/www.tendenzeshabbychic.it\/prodotto\/noeud-fleur-en-soie-verte-avec-tambourin-h-80-cm\/"},"modified":"2026-02-10T12:20:47","modified_gmt":"2026-02-10T11:20:47","slug":"noeud-fleur-en-soie-verte-avec-tambourin-h-80-cm","status":"publish","type":"product","link":"https:\/\/www.tendenzeshabbychic.it\/fr\/produit\/noeud-fleur-en-soie-verte-avec-tambourin-h-80-cm\/","title":{"rendered":"Madame Fiocco Fior di seta verde avec tambourin h 80 cm"},"content":{"rendered":"<p>Le n\u0153ud Fior di seta verde h 80 cm apporte une note fra\u00eeche et romantique : la base verte est rehauss\u00e9e par une composition florale dans des tons clairs et ros\u00e9s, avec des accents de vert. Le tambourin d\u00e9coratif avec impression florale devient le point central, tandis que les longs rubans ajoutent du mouvement et de la l\u00e9g\u00e8ret\u00e9 \u00e0 l&rsquo;ensemble. <\/p>\n<p>Fabriqu\u00e9 \u00e0 la main en Italie par Madame Fiocc\u00f2, il est con\u00e7u comme une d\u00e9coration suspendue pour les d\u00e9cors Shabby Chic. Comme il s&rsquo;agit d&rsquo;un produit artisanal, il peut pr\u00e9senter de l\u00e9g\u00e8res diff\u00e9rences par rapport aux photos : celles-ci ne doivent pas \u00eatre consid\u00e9r\u00e9es comme un d\u00e9faut, mais comme une caract\u00e9ristique du travail \u00e0 la main. <\/p>\n<ul>\n<li>Hauteur h 80 cm<\/li>\n<li>Ligne Fior di seta avec tambourin d\u00e9coratif et imprim\u00e9 floral<\/li>\n<li>Arrangement floral coordonn\u00e9 dans des tons d\u00e9licats<\/li>\n<li>Longs rubans en cascade pour un effet doux et spectaculaire<\/li>\n<li>Fabriqu\u00e9 \u00e0 la main en Italie, sign\u00e9 Madame Fiocc\u00f2<\/li>\n<\/ul>\n<p><em>Chaque cr\u00e9ation de Madame Fiocc\u00f2 est fabriqu\u00e9e \u00e0 la main en Italie. Pour cette raison, de petites variations par rapport aux photos sont possibles et doivent \u00eatre consid\u00e9r\u00e9es comme faisant partie de la valeur artisanale du produit, et non comme un d\u00e9faut. <\/em><\/p>\n","protected":false},"excerpt":{"rendered":"<p>Arc d\u00e9coratif Madame Fiocc\u00f2 Fior di seta, 80 cm de haut, dans les tons verts avec de longs rubans aux nuances d\u00e9licates.<\/p>\n<p>Enrichi d&rsquo;une composition florale et d&rsquo;un tambourin d\u00e9coratif avec impression florale.<\/p>\n<p>Fabriqu\u00e9 \u00e0 la main en Italie.<\/p>\n","protected":false},"featured_media":228076,"comment_status":"open","ping_status":"closed","template":"","meta":{"_joinchat":[]},"pwb-brand":[3435],"product_brand":[],"product_cat":[1505],"product_tag":[3438,1394,1298],"class_list":{"0":"post-228084","1":"product","2":"type-product","3":"status-publish","4":"has-post-thumbnail","6":"pwb-brand-madame-fiocco","7":"product_cat-objets","8":"product_tag-decorations-suspendues","9":"product_tag-fleche","10":"product_tag-made-in-italy-fr","12":"first","13":"instock","14":"taxable","15":"shipping-taxable","16":"purchasable","17":"product-type-simple"},"brands":[{"id":3435,"name":"Madame Fiocc\u00f2","slug":"madame-fiocco"}],"_links":{"self":[{"href":"https:\/\/www.tendenzeshabbychic.it\/fr\/wp-json\/wp\/v2\/product\/228084","targetHints":{"allow":["GET"]}}],"collection":[{"href":"https:\/\/www.tendenzeshabbychic.it\/fr\/wp-json\/wp\/v2\/product"}],"about":[{"href":"https:\/\/www.tendenzeshabbychic.it\/fr\/wp-json\/wp\/v2\/types\/product"}],"replies":[{"embeddable":true,"href":"https:\/\/www.tendenzeshabbychic.it\/fr\/wp-json\/wp\/v2\/comments?post=228084"}],"wp:featuredmedia":[{"embeddable":true,"href":"https:\/\/www.tendenzeshabbychic.it\/fr\/wp-json\/wp\/v2\/media\/228076"}],"wp:attachment":[{"href":"https:\/\/www.tendenzeshabbychic.it\/fr\/wp-json\/wp\/v2\/media?parent=228084"}],"wp:term":[{"taxonomy":"pwb-brand","embeddable":true,"href":"https:\/\/www.tendenzeshabbychic.it\/fr\/wp-json\/wp\/v2\/pwb-brand?post=228084"},{"taxonomy":"product_brand","embeddable":true,"href":"https:\/\/www.tendenzeshabbychic.it\/fr\/wp-json\/wp\/v2\/product_brand?post=228084"},{"taxonomy":"product_cat","embeddable":true,"href":"https:\/\/www.tendenzeshabbychic.it\/fr\/wp-json\/wp\/v2\/product_cat?post=228084"},{"taxonomy":"product_tag","embeddable":true,"href":"https:\/\/www.tendenzeshabbychic.it\/fr\/wp-json\/wp\/v2\/product_tag?post=228084"}],"curies":[{"name":"wp","href":"https:\/\/api.w.org\/{rel}","templated":true}]}}