{"id":227893,"date":"2026-02-04T10:00:13","date_gmt":"2026-02-04T09:00:13","guid":{"rendered":"https:\/\/www.tendenzeshabbychic.it\/prodotto\/ruban-de-naissance-romantique-rose-h-55-cm\/"},"modified":"2026-02-04T10:00:13","modified_gmt":"2026-02-04T09:00:13","slug":"ruban-de-naissance-romantique-rose-h-55-cm","status":"publish","type":"product","link":"https:\/\/www.tendenzeshabbychic.it\/fr\/produit\/ruban-de-naissance-romantique-rose-h-55-cm\/","title":{"rendered":"Ruban de naissance romantique rose H 55 cm"},"content":{"rendered":"<p>Le Romantic Pink Flake de Madame Fiocc\u00f2 se distingue par ses plis larges et harmonieux et sa teinte rose tendre. Un accessoire d\u00e9coratif de style romantique, fabriqu\u00e9 \u00e0 la main en Italie, con\u00e7u pour les d\u00e9cors shabby chic et les arrangements r\u00e9fl\u00e9chis. <\/p>\n<p>Id\u00e9al comme n\u0153ud de naissance, il est suspendu par son ruban et donne un accent chaleureux \u00e0 l&rsquo;entr\u00e9e de votre maison ou de votre chambre d&rsquo;enfant. Un choix raffin\u00e9 \u00e9galement comme cadeau, pour accompagner un moment sp\u00e9cial avec simplicit\u00e9 et \u00e9l\u00e9gance. <\/p>\n<ul>\n<li>Hauteur de 55 cm, effet sc\u00e9nique et tr\u00e8s visible<\/li>\n<li>Couleur rose d\u00e9licate, convient aux d\u00e9corations romantiques<\/li>\n<li>Un style romantique en harmonie avec les d\u00e9cors Shabby Chic<\/li>\n<li>Fabriqu\u00e9 \u00e0 la main en Italie<\/li>\n<li>A suspendre par un ruban, pr\u00eat \u00e0 \u00eatre mis en place<\/li>\n<\/ul>\n<p><em>Chaque cr\u00e9ation de Madame Fiocc\u00f2 est fabriqu\u00e9e \u00e0 la main en Italie. Pour cette raison, de petites variations par rapport aux photos sont possibles et doivent \u00eatre consid\u00e9r\u00e9es comme faisant partie de la valeur artisanale du produit, et non comme un d\u00e9faut. <\/em><\/p>\n","protected":false},"excerpt":{"rendered":"<p>Romantique Rose Madame Fiocco, 55 cm de haut, con\u00e7u pour c\u00e9l\u00e9brer une naissance avec un d\u00e9tail d\u00e9licat.<\/p>\n<p>Volume doux et pr\u00e9sence d\u00e9corative, id\u00e9al comme n\u0153ud de naissance \u00e0 suspendre.<\/p>\n","protected":false},"featured_media":227888,"comment_status":"open","ping_status":"closed","template":"","meta":{"_joinchat":[]},"pwb-brand":[3435],"product_brand":[],"product_cat":[1505,1457],"product_tag":[3441,3438,1394,1298],"class_list":{"0":"post-227893","1":"product","2":"type-product","3":"status-publish","4":"has-post-thumbnail","6":"pwb-brand-madame-fiocco","7":"product_cat-objets","8":"product_cat-faveurs","9":"product_tag-decorations-pour-fete-prenatale-et-naissance","10":"product_tag-decorations-suspendues","11":"product_tag-fleche","12":"product_tag-made-in-italy-fr","14":"first","15":"instock","16":"taxable","17":"shipping-taxable","18":"purchasable","19":"product-type-simple"},"brands":[{"id":3435,"name":"Madame Fiocc\u00f2","slug":"madame-fiocco"}],"_links":{"self":[{"href":"https:\/\/www.tendenzeshabbychic.it\/fr\/wp-json\/wp\/v2\/product\/227893","targetHints":{"allow":["GET"]}}],"collection":[{"href":"https:\/\/www.tendenzeshabbychic.it\/fr\/wp-json\/wp\/v2\/product"}],"about":[{"href":"https:\/\/www.tendenzeshabbychic.it\/fr\/wp-json\/wp\/v2\/types\/product"}],"replies":[{"embeddable":true,"href":"https:\/\/www.tendenzeshabbychic.it\/fr\/wp-json\/wp\/v2\/comments?post=227893"}],"wp:featuredmedia":[{"embeddable":true,"href":"https:\/\/www.tendenzeshabbychic.it\/fr\/wp-json\/wp\/v2\/media\/227888"}],"wp:attachment":[{"href":"https:\/\/www.tendenzeshabbychic.it\/fr\/wp-json\/wp\/v2\/media?parent=227893"}],"wp:term":[{"taxonomy":"pwb-brand","embeddable":true,"href":"https:\/\/www.tendenzeshabbychic.it\/fr\/wp-json\/wp\/v2\/pwb-brand?post=227893"},{"taxonomy":"product_brand","embeddable":true,"href":"https:\/\/www.tendenzeshabbychic.it\/fr\/wp-json\/wp\/v2\/product_brand?post=227893"},{"taxonomy":"product_cat","embeddable":true,"href":"https:\/\/www.tendenzeshabbychic.it\/fr\/wp-json\/wp\/v2\/product_cat?post=227893"},{"taxonomy":"product_tag","embeddable":true,"href":"https:\/\/www.tendenzeshabbychic.it\/fr\/wp-json\/wp\/v2\/product_tag?post=227893"}],"curies":[{"name":"wp","href":"https:\/\/api.w.org\/{rel}","templated":true}]}}