{"id":227578,"date":"2026-02-01T11:30:05","date_gmt":"2026-02-01T10:30:05","guid":{"rendered":"https:\/\/www.tendenzeshabbychic.it\/prodotto\/blanc-mariclo-buste-femme-resine-h65-cm-collection-epoch\/"},"modified":"2026-02-01T11:30:05","modified_gmt":"2026-02-01T10:30:05","slug":"blanc-mariclo-buste-femme-resine-h65-cm-collection-epoch","status":"publish","type":"product","link":"https:\/\/www.tendenzeshabbychic.it\/fr\/produit\/blanc-mariclo-buste-femme-resine-h65-cm-collection-epoch\/","title":{"rendered":"Blanc MariClo Buste Femme R\u00e9sine H65 cm Collection Epoch"},"content":{"rendered":"<p>Ce buste d\u00e9coratif en r\u00e9sine de la <em>collection Epoca<\/em> repr\u00e9sente une \u00e9l\u00e9gante figure f\u00e9minine aux traits d\u00e9licats et \u00e0 l&rsquo;expression douce. Le travail artisanal met en valeur la couronne florale dans les cheveux et le n\u0153ud floral sur la robe. La surface vieillie avec effet de pierre conf\u00e8re au buste un charme intemporel, parfait pour les d\u00e9cors classiques, shabby ou n\u00e9o-romantiques. Un \u00e9l\u00e9ment sc\u00e9nique id\u00e9al pour les entr\u00e9es, les consoles, les salons ou les charmantes vitrines.   <\/p>\n<ul>\n<li>R\u00e9sine effet pierre vieillie<\/li>\n<li>Fabrication artisanale avec d\u00e9tails floraux<\/li>\n<li>Expression douce et harmonieuse<\/li>\n<li>Socle solide<\/li>\n<li>Id\u00e9al pour les int\u00e9rieurs \u00e9l\u00e9gants, shabby ou vintage<\/li>\n<\/ul>\n","protected":false},"excerpt":{"rendered":"<p>Buste f\u00e9minin d\u00e9coratif en r\u00e9sine avec finition antique, d\u00e9tails romantiques et couronne florale.<\/p>\n<p>\ud83d\udccfH 65 x 36 x 31 cm<\/p>\n","protected":false},"featured_media":227553,"comment_status":"open","ping_status":"closed","template":"","meta":{"_joinchat":[]},"pwb-brand":[1561],"product_brand":[],"product_cat":[1505,1526],"product_tag":[1310],"class_list":{"0":"post-227578","1":"product","2":"type-product","3":"status-publish","4":"has-post-thumbnail","6":"pwb-brand-blanc-mariclo-fr","7":"product_cat-objets","8":"product_cat-vases","9":"product_tag-patine-vintage","11":"first","12":"instock","13":"taxable","14":"shipping-taxable","15":"purchasable","16":"product-type-simple"},"brands":[{"id":1561,"name":"Blanc Mariclo","slug":"blanc-mariclo-fr"}],"_links":{"self":[{"href":"https:\/\/www.tendenzeshabbychic.it\/fr\/wp-json\/wp\/v2\/product\/227578","targetHints":{"allow":["GET"]}}],"collection":[{"href":"https:\/\/www.tendenzeshabbychic.it\/fr\/wp-json\/wp\/v2\/product"}],"about":[{"href":"https:\/\/www.tendenzeshabbychic.it\/fr\/wp-json\/wp\/v2\/types\/product"}],"replies":[{"embeddable":true,"href":"https:\/\/www.tendenzeshabbychic.it\/fr\/wp-json\/wp\/v2\/comments?post=227578"}],"wp:featuredmedia":[{"embeddable":true,"href":"https:\/\/www.tendenzeshabbychic.it\/fr\/wp-json\/wp\/v2\/media\/227553"}],"wp:attachment":[{"href":"https:\/\/www.tendenzeshabbychic.it\/fr\/wp-json\/wp\/v2\/media?parent=227578"}],"wp:term":[{"taxonomy":"pwb-brand","embeddable":true,"href":"https:\/\/www.tendenzeshabbychic.it\/fr\/wp-json\/wp\/v2\/pwb-brand?post=227578"},{"taxonomy":"product_brand","embeddable":true,"href":"https:\/\/www.tendenzeshabbychic.it\/fr\/wp-json\/wp\/v2\/product_brand?post=227578"},{"taxonomy":"product_cat","embeddable":true,"href":"https:\/\/www.tendenzeshabbychic.it\/fr\/wp-json\/wp\/v2\/product_cat?post=227578"},{"taxonomy":"product_tag","embeddable":true,"href":"https:\/\/www.tendenzeshabbychic.it\/fr\/wp-json\/wp\/v2\/product_tag?post=227578"}],"curies":[{"name":"wp","href":"https:\/\/api.w.org\/{rel}","templated":true}]}}