{"id":227481,"date":"2026-02-03T04:01:01","date_gmt":"2026-02-03T03:01:01","guid":{"rendered":"https:\/\/www.tendenzeshabbychic.it\/prodotto\/nuvole-di-stoffa-hortensia-rose-antique-82-cm\/"},"modified":"2026-04-03T10:39:59","modified_gmt":"2026-04-03T08:39:59","slug":"nuvole-di-stoffa-hortensia-rose-antique-82-cm","status":"publish","type":"product","link":"https:\/\/www.tendenzeshabbychic.it\/fr\/produit\/nuvole-di-stoffa-hortensia-rose-antique-82-cm\/","title":{"rendered":"Nuvole di Stoffa hortensia rose antique 82 cm"},"content":{"rendered":"<p>\u00c9l\u00e9gant et romantique, l&rsquo;hortensia rose antique donne imm\u00e9diatement du volume et du charme : la grappe pleine de p\u00e9tales nuanc\u00e9s cr\u00e9e un point de mire sophistiqu\u00e9, parfait sur une table console, une table \u00e0 manger ou un hall d&rsquo;entr\u00e9e. Seul, il est spectaculaire, mais m\u00e9lang\u00e9 \u00e0 des verts et \u00e0 des fleurs ton sur ton, il devient une composition \u00ab\u00a0boutique\u00a0\u00bb. <\/p>\n<ul>\n<li>Bouquet riche et volumineux<\/li>\n<li>Teintes rose poudr\u00e9\/p\u00eache tr\u00e8s chics<\/li>\n<li>Feuilles avec des nervures r\u00e9alistes<\/li>\n<li>Longue tige id\u00e9ale pour les pots hauts<\/li>\n<\/ul>\n","protected":false},"excerpt":{"rendered":"<p>Branche d&rsquo;hortensia en grappe rose antique, avec de nombreuses petites corolles douces \u00e0 l&rsquo;effet naturel, nuanc\u00e9es entre le poudr\u00e9 et le p\u00eache. Feuilles vertes r\u00e9alistes avec des nervures en relief et un bord l\u00e9g\u00e8rement dentel\u00e9 ; longue tige couleur bois pour les grands vases et les arrangements importants. <\/p>\n<p><strong>Dimensions :<\/strong> H 82 cm<\/p>\n","protected":false},"featured_media":227475,"comment_status":"open","ping_status":"closed","template":"","meta":{"_joinchat":[]},"pwb-brand":[1563],"product_brand":[],"product_cat":[2772,1467],"product_tag":[3401],"class_list":{"0":"post-227481","1":"product","2":"type-product","3":"status-publish","4":"has-post-thumbnail","6":"pwb-brand-nuvole-di-stoffa-fr","7":"product_cat-fleurs-en-pot","8":"product_cat-fleurs-et-plantes-artificielles","9":"product_tag-collection-fiorira","11":"first","12":"instock","13":"taxable","14":"shipping-taxable","15":"purchasable","16":"product-type-simple"},"brands":[{"id":1563,"name":"Nuvole di Stoffa","slug":"nuvole-di-stoffa-fr"}],"_links":{"self":[{"href":"https:\/\/www.tendenzeshabbychic.it\/fr\/wp-json\/wp\/v2\/product\/227481","targetHints":{"allow":["GET"]}}],"collection":[{"href":"https:\/\/www.tendenzeshabbychic.it\/fr\/wp-json\/wp\/v2\/product"}],"about":[{"href":"https:\/\/www.tendenzeshabbychic.it\/fr\/wp-json\/wp\/v2\/types\/product"}],"replies":[{"embeddable":true,"href":"https:\/\/www.tendenzeshabbychic.it\/fr\/wp-json\/wp\/v2\/comments?post=227481"}],"wp:featuredmedia":[{"embeddable":true,"href":"https:\/\/www.tendenzeshabbychic.it\/fr\/wp-json\/wp\/v2\/media\/227475"}],"wp:attachment":[{"href":"https:\/\/www.tendenzeshabbychic.it\/fr\/wp-json\/wp\/v2\/media?parent=227481"}],"wp:term":[{"taxonomy":"pwb-brand","embeddable":true,"href":"https:\/\/www.tendenzeshabbychic.it\/fr\/wp-json\/wp\/v2\/pwb-brand?post=227481"},{"taxonomy":"product_brand","embeddable":true,"href":"https:\/\/www.tendenzeshabbychic.it\/fr\/wp-json\/wp\/v2\/product_brand?post=227481"},{"taxonomy":"product_cat","embeddable":true,"href":"https:\/\/www.tendenzeshabbychic.it\/fr\/wp-json\/wp\/v2\/product_cat?post=227481"},{"taxonomy":"product_tag","embeddable":true,"href":"https:\/\/www.tendenzeshabbychic.it\/fr\/wp-json\/wp\/v2\/product_tag?post=227481"}],"curies":[{"name":"wp","href":"https:\/\/api.w.org\/{rel}","templated":true}]}}