{"id":227252,"date":"2026-02-03T08:00:01","date_gmt":"2026-02-03T07:00:01","guid":{"rendered":"https:\/\/www.tendenzeshabbychic.it\/prodotto\/nuvole-di-stoffa-miroir-de-fenetre-h-65-cm\/"},"modified":"2026-02-03T08:00:01","modified_gmt":"2026-02-03T07:00:01","slug":"nuvole-di-stoffa-miroir-de-fenetre-h-65-cm","status":"publish","type":"product","link":"https:\/\/www.tendenzeshabbychic.it\/fr\/produit\/nuvole-di-stoffa-miroir-de-fenetre-h-65-cm\/","title":{"rendered":"Nuvole di Stoffa Miroir de fen\u00eatre h 65 cm"},"content":{"rendered":"<p>Fen\u00eatre avec miroir Nuvole di Stoffa (Nuages de Stoffa) : cadre en bois blanc mat, finition d\u00e9lib\u00e9r\u00e9ment antique, deux portes \u00e0 volets avec lamelles horizontales et d\u00e9coration de roses en relief sur le sommet arqu\u00e9. Parfait dans un hall d&rsquo;entr\u00e9e ou dans une chambre \u00e0 coucher pour apporter de la lumi\u00e8re et une touche romantique, m\u00eame au-dessus d&rsquo;une table console. <\/p>\n<ul>\n<li>Effet de fen\u00eatre authentique avec ouvrants<\/li>\n<li>Miroir central pour plus de luminosit\u00e9<\/li>\n<li>Finition Shabby Chic antique<\/li>\n<li>D\u00e9coration sup\u00e9rieure avec des roses en relief<\/li>\n<li>Id\u00e9al pour un hall d&rsquo;entr\u00e9e, une salle de bains ou une chambre<\/li>\n<\/ul>\n","protected":false},"excerpt":{"rendered":"<p>D\u00e9coration murale en bois de style \u00ab\u00a0fen\u00eatre\u00a0\u00bb avec miroir central et deux portes \u00e0 volets ouvrants. Finition blanc mat \u00e0 l&rsquo;effet shabby avec de l\u00e9g\u00e8res nuances antiques et des d\u00e9tails en relief : arc sup\u00e9rieur avec rosettes sculpt\u00e9es. Une pi\u00e8ce spectaculaire qui \u00e9claire et donne de la profondeur.<br \/>\n<strong>Dimensions :<\/strong> 48 x 5 x 65,5 cm<\/p>\n","protected":false},"featured_media":227248,"comment_status":"open","ping_status":"closed","template":"","meta":{"_joinchat":[]},"pwb-brand":[1563],"product_brand":[],"product_cat":[1529],"product_tag":[],"class_list":{"0":"post-227252","1":"product","2":"type-product","3":"status-publish","4":"has-post-thumbnail","6":"pwb-brand-nuvole-di-stoffa-fr","7":"product_cat-miroirs","9":"first","10":"instock","11":"taxable","12":"shipping-taxable","13":"purchasable","14":"product-type-simple"},"brands":[{"id":1563,"name":"Nuvole di Stoffa","slug":"nuvole-di-stoffa-fr"}],"_links":{"self":[{"href":"https:\/\/www.tendenzeshabbychic.it\/fr\/wp-json\/wp\/v2\/product\/227252","targetHints":{"allow":["GET"]}}],"collection":[{"href":"https:\/\/www.tendenzeshabbychic.it\/fr\/wp-json\/wp\/v2\/product"}],"about":[{"href":"https:\/\/www.tendenzeshabbychic.it\/fr\/wp-json\/wp\/v2\/types\/product"}],"replies":[{"embeddable":true,"href":"https:\/\/www.tendenzeshabbychic.it\/fr\/wp-json\/wp\/v2\/comments?post=227252"}],"wp:featuredmedia":[{"embeddable":true,"href":"https:\/\/www.tendenzeshabbychic.it\/fr\/wp-json\/wp\/v2\/media\/227248"}],"wp:attachment":[{"href":"https:\/\/www.tendenzeshabbychic.it\/fr\/wp-json\/wp\/v2\/media?parent=227252"}],"wp:term":[{"taxonomy":"pwb-brand","embeddable":true,"href":"https:\/\/www.tendenzeshabbychic.it\/fr\/wp-json\/wp\/v2\/pwb-brand?post=227252"},{"taxonomy":"product_brand","embeddable":true,"href":"https:\/\/www.tendenzeshabbychic.it\/fr\/wp-json\/wp\/v2\/product_brand?post=227252"},{"taxonomy":"product_cat","embeddable":true,"href":"https:\/\/www.tendenzeshabbychic.it\/fr\/wp-json\/wp\/v2\/product_cat?post=227252"},{"taxonomy":"product_tag","embeddable":true,"href":"https:\/\/www.tendenzeshabbychic.it\/fr\/wp-json\/wp\/v2\/product_tag?post=227252"}],"curies":[{"name":"wp","href":"https:\/\/api.w.org\/{rel}","templated":true}]}}