{"id":227222,"date":"2026-02-03T05:03:01","date_gmt":"2026-02-03T04:03:01","guid":{"rendered":"https:\/\/www.tendenzeshabbychic.it\/prodotto\/nuvole-di-stoffa-panier-rectangulaire-mousse-355x26-cm\/"},"modified":"2026-02-03T05:03:01","modified_gmt":"2026-02-03T04:03:01","slug":"nuvole-di-stoffa-panier-rectangulaire-mousse-355x26-cm","status":"publish","type":"product","link":"https:\/\/www.tendenzeshabbychic.it\/fr\/produit\/nuvole-di-stoffa-panier-rectangulaire-mousse-355x26-cm\/","title":{"rendered":"Nuvole di Stoffa Panier rectangulaire Mousse 35,5&#215;26 cm"},"content":{"rendered":"<p>Capace et pittoresque, ce panier en rotin naturel est dot\u00e9 d&rsquo;un tissage dense et d&rsquo;une base stable. Le bord sup\u00e9rieur, orn\u00e9 de festons vert mousse, ajoute une touche sophistiqu\u00e9e et naturelle. Id\u00e9al pour les Plaids, les jouets, les articles de toilette ou le linge ; \u00e9galement magnifique sur les \u00e9tag\u00e8res et les armoires pour transformer le d\u00e9sordre en mobilier.  <\/p>\n<ul>\n<li>D\u00e9coration raffin\u00e9e vert mousse<\/li>\n<li>Tissage r\u00e9sistant<\/li>\n<li>Grande capacit\u00e9<\/li>\n<li>Facile \u00e0 d\u00e9placer<\/li>\n<\/ul>\n","protected":false},"excerpt":{"rendered":"<p>Panier rectangulaire en rotin naturel tress\u00e9, finition mate et tissage solide. Le bord est d\u00e9cor\u00e9 d&rsquo;\u00e9l\u00e9gants festons en tissu vert mousse et d&rsquo;ouvertures lat\u00e9rales pratiques pour le prendre et le d\u00e9placer : parfait pour une commande \u00ab\u00a0maison de charme\u00a0\u00bb (collection Fiorir\u00e0). <\/p>\n<p><strong>Dimensions<\/strong><br \/>\nDimensions 35,5 x 25,5 x 26 cm.<\/p>\n","protected":false},"featured_media":227218,"comment_status":"open","ping_status":"closed","template":"","meta":{"_joinchat":[]},"pwb-brand":[713],"product_brand":[],"product_cat":[1463,1526],"product_tag":[3395,2816],"class_list":{"0":"post-227222","1":"product","2":"type-product","3":"status-publish","4":"has-post-thumbnail","6":"pwb-brand-nuvole-di-stoffa","7":"product_cat-accessoires-de-bains","8":"product_cat-vases","9":"product_tag-collezione-fiorira","10":"product_tag-vimini-e-rattan","12":"first","13":"instock","14":"taxable","15":"shipping-taxable","16":"purchasable","17":"product-type-simple"},"brands":[{"id":1563,"name":"Nuvole di Stoffa","slug":"nuvole-di-stoffa-fr"}],"_links":{"self":[{"href":"https:\/\/www.tendenzeshabbychic.it\/fr\/wp-json\/wp\/v2\/product\/227222","targetHints":{"allow":["GET"]}}],"collection":[{"href":"https:\/\/www.tendenzeshabbychic.it\/fr\/wp-json\/wp\/v2\/product"}],"about":[{"href":"https:\/\/www.tendenzeshabbychic.it\/fr\/wp-json\/wp\/v2\/types\/product"}],"replies":[{"embeddable":true,"href":"https:\/\/www.tendenzeshabbychic.it\/fr\/wp-json\/wp\/v2\/comments?post=227222"}],"wp:featuredmedia":[{"embeddable":true,"href":"https:\/\/www.tendenzeshabbychic.it\/fr\/wp-json\/wp\/v2\/media\/227218"}],"wp:attachment":[{"href":"https:\/\/www.tendenzeshabbychic.it\/fr\/wp-json\/wp\/v2\/media?parent=227222"}],"wp:term":[{"taxonomy":"pwb-brand","embeddable":true,"href":"https:\/\/www.tendenzeshabbychic.it\/fr\/wp-json\/wp\/v2\/pwb-brand?post=227222"},{"taxonomy":"product_brand","embeddable":true,"href":"https:\/\/www.tendenzeshabbychic.it\/fr\/wp-json\/wp\/v2\/product_brand?post=227222"},{"taxonomy":"product_cat","embeddable":true,"href":"https:\/\/www.tendenzeshabbychic.it\/fr\/wp-json\/wp\/v2\/product_cat?post=227222"},{"taxonomy":"product_tag","embeddable":true,"href":"https:\/\/www.tendenzeshabbychic.it\/fr\/wp-json\/wp\/v2\/product_tag?post=227222"}],"curies":[{"name":"wp","href":"https:\/\/api.w.org\/{rel}","templated":true}]}}