{"id":227220,"date":"2026-02-03T05:01:01","date_gmt":"2026-02-03T04:01:01","guid":{"rendered":"https:\/\/www.tendenzeshabbychic.it\/prodotto\/nuvole-di-stoffa-panier-fiorira-tiffany-25x7-cm\/"},"modified":"2026-02-03T05:01:01","modified_gmt":"2026-02-03T04:01:01","slug":"nuvole-di-stoffa-panier-fiorira-tiffany-25x7-cm","status":"publish","type":"product","link":"https:\/\/www.tendenzeshabbychic.it\/fr\/produit\/nuvole-di-stoffa-panier-fiorira-tiffany-25x7-cm\/","title":{"rendered":"Nuvole di Stoffa Panier Fiorir\u00e0 Tiffany 25&#215;7 cm"},"content":{"rendered":"<p>Panier bas en rotin naturel, au tressage a\u00e9r\u00e9 et \u00e0 la base tress\u00e9e stable. La bordure ondul\u00e9e avec un liser\u00e9 vert Tiffany \u00e9gaye le centre de table et organise avec style : parfait pour les fruits, le pain, les sachets de th\u00e9 ou comme plateau d&rsquo;entr\u00e9e. Il est parfaitement assorti aux paniers Fiorir\u00e0 Pink et Peach.  <\/p>\n<ul>\n<li>Tiffany bord ondul\u00e9<\/li>\n<li>L\u00e9ger mais stable<\/li>\n<li>Effet d\u00e9coratif imm\u00e9diat<\/li>\n<li>Id\u00e9al pour mille usages<\/li>\n<\/ul>\n","protected":false},"excerpt":{"rendered":"<p>Corbeille ronde en rotin naturel, avec un l\u00e9ger tissage vertical et une base dense, finition mate. Le bord ondul\u00e9 est bord\u00e9 d&rsquo;un tissu vert Tiffany : un d\u00e9tail frais qui fait partie d&rsquo;une \u00ab\u00a0maison bien entretenue\u00a0\u00bb (collection Fiorir\u00e0). <\/p>\n<p><strong>Dimensions<\/strong><br \/>\nDimensions 25 x 25 x 7 cm.<\/p>\n","protected":false},"featured_media":227216,"comment_status":"open","ping_status":"closed","template":"","meta":{"_joinchat":[]},"pwb-brand":[713],"product_brand":[],"product_cat":[1463,1526],"product_tag":[3395,2816],"class_list":{"0":"post-227220","1":"product","2":"type-product","3":"status-publish","4":"has-post-thumbnail","6":"pwb-brand-nuvole-di-stoffa","7":"product_cat-accessoires-de-bains","8":"product_cat-vases","9":"product_tag-collezione-fiorira","10":"product_tag-vimini-e-rattan","12":"first","13":"instock","14":"taxable","15":"shipping-taxable","16":"purchasable","17":"product-type-simple"},"brands":[{"id":1563,"name":"Nuvole di Stoffa","slug":"nuvole-di-stoffa-fr"}],"_links":{"self":[{"href":"https:\/\/www.tendenzeshabbychic.it\/fr\/wp-json\/wp\/v2\/product\/227220","targetHints":{"allow":["GET"]}}],"collection":[{"href":"https:\/\/www.tendenzeshabbychic.it\/fr\/wp-json\/wp\/v2\/product"}],"about":[{"href":"https:\/\/www.tendenzeshabbychic.it\/fr\/wp-json\/wp\/v2\/types\/product"}],"replies":[{"embeddable":true,"href":"https:\/\/www.tendenzeshabbychic.it\/fr\/wp-json\/wp\/v2\/comments?post=227220"}],"wp:featuredmedia":[{"embeddable":true,"href":"https:\/\/www.tendenzeshabbychic.it\/fr\/wp-json\/wp\/v2\/media\/227216"}],"wp:attachment":[{"href":"https:\/\/www.tendenzeshabbychic.it\/fr\/wp-json\/wp\/v2\/media?parent=227220"}],"wp:term":[{"taxonomy":"pwb-brand","embeddable":true,"href":"https:\/\/www.tendenzeshabbychic.it\/fr\/wp-json\/wp\/v2\/pwb-brand?post=227220"},{"taxonomy":"product_brand","embeddable":true,"href":"https:\/\/www.tendenzeshabbychic.it\/fr\/wp-json\/wp\/v2\/product_brand?post=227220"},{"taxonomy":"product_cat","embeddable":true,"href":"https:\/\/www.tendenzeshabbychic.it\/fr\/wp-json\/wp\/v2\/product_cat?post=227220"},{"taxonomy":"product_tag","embeddable":true,"href":"https:\/\/www.tendenzeshabbychic.it\/fr\/wp-json\/wp\/v2\/product_tag?post=227220"}],"curies":[{"name":"wp","href":"https:\/\/api.w.org\/{rel}","templated":true}]}}