{"id":227198,"date":"2026-02-03T05:03:01","date_gmt":"2026-02-03T04:03:01","guid":{"rendered":"https:\/\/www.tendenzeshabbychic.it\/prodotto\/nuvole-di-stoffa-panier-en-rotin-tiffany-315x23-cm\/"},"modified":"2026-02-03T05:03:01","modified_gmt":"2026-02-03T04:03:01","slug":"nuvole-di-stoffa-panier-en-rotin-tiffany-315x23-cm","status":"publish","type":"product","link":"https:\/\/www.tendenzeshabbychic.it\/fr\/produit\/nuvole-di-stoffa-panier-en-rotin-tiffany-315x23-cm\/","title":{"rendered":"Nuvole di Stoffa panier en rotin Tiffany 31,5&#215;23 cm"},"content":{"rendered":"<p>Un panier en rotin naturel dens\u00e9ment tress\u00e9 et durable, avec un profil sup\u00e9rieur fini et une d\u00e9coration en festons vert Tiffany qui illumine l&rsquo;ensemble. Capace et ordonn\u00e9, il est parfait pour les couvertures, les jouets, les produits de beaut\u00e9 ou les produits dans la salle de bain et la buanderie, mais aussi comme rangement chic sur les \u00e9tag\u00e8res et les armoires. Peut \u00eatre combin\u00e9 avec les sets de table Fiorir\u00e0.  <\/p>\n<ul>\n<li>D\u00e9coration \u00e9l\u00e9gante de Tiffany<\/li>\n<li>Capacit\u00e9 optimale<\/li>\n<li>Tissage robuste<\/li>\n<li>Facile \u00e0 d\u00e9placer<\/li>\n<\/ul>\n","protected":false},"excerpt":{"rendered":"<p>Panier rectangulaire en rotin naturel tress\u00e9, finition mate et tressage plein. La d\u00e9coration en festons vert Tiffany se d\u00e9tache sur le bord sup\u00e9rieur, avec des ouvertures lat\u00e9rales pratiques pour l&rsquo;attraper et le d\u00e9placer : un rangement \u00e9l\u00e9gant, tout de suite. <\/p>\n<p><strong>Dimensions<\/strong><br \/>\nDimensions 31,5 x 21,5 x 23 cm.<\/p>\n","protected":false},"featured_media":227192,"comment_status":"open","ping_status":"closed","template":"","meta":{"_joinchat":[]},"pwb-brand":[713],"product_brand":[],"product_cat":[1463,1526],"product_tag":[3395,2816],"class_list":{"0":"post-227198","1":"product","2":"type-product","3":"status-publish","4":"has-post-thumbnail","6":"pwb-brand-nuvole-di-stoffa","7":"product_cat-accessoires-de-bains","8":"product_cat-vases","9":"product_tag-collezione-fiorira","10":"product_tag-vimini-e-rattan","12":"first","13":"instock","14":"taxable","15":"shipping-taxable","16":"purchasable","17":"product-type-simple"},"brands":[{"id":1563,"name":"Nuvole di Stoffa","slug":"nuvole-di-stoffa-fr"}],"_links":{"self":[{"href":"https:\/\/www.tendenzeshabbychic.it\/fr\/wp-json\/wp\/v2\/product\/227198","targetHints":{"allow":["GET"]}}],"collection":[{"href":"https:\/\/www.tendenzeshabbychic.it\/fr\/wp-json\/wp\/v2\/product"}],"about":[{"href":"https:\/\/www.tendenzeshabbychic.it\/fr\/wp-json\/wp\/v2\/types\/product"}],"replies":[{"embeddable":true,"href":"https:\/\/www.tendenzeshabbychic.it\/fr\/wp-json\/wp\/v2\/comments?post=227198"}],"wp:featuredmedia":[{"embeddable":true,"href":"https:\/\/www.tendenzeshabbychic.it\/fr\/wp-json\/wp\/v2\/media\/227192"}],"wp:attachment":[{"href":"https:\/\/www.tendenzeshabbychic.it\/fr\/wp-json\/wp\/v2\/media?parent=227198"}],"wp:term":[{"taxonomy":"pwb-brand","embeddable":true,"href":"https:\/\/www.tendenzeshabbychic.it\/fr\/wp-json\/wp\/v2\/pwb-brand?post=227198"},{"taxonomy":"product_brand","embeddable":true,"href":"https:\/\/www.tendenzeshabbychic.it\/fr\/wp-json\/wp\/v2\/product_brand?post=227198"},{"taxonomy":"product_cat","embeddable":true,"href":"https:\/\/www.tendenzeshabbychic.it\/fr\/wp-json\/wp\/v2\/product_cat?post=227198"},{"taxonomy":"product_tag","embeddable":true,"href":"https:\/\/www.tendenzeshabbychic.it\/fr\/wp-json\/wp\/v2\/product_tag?post=227198"}],"curies":[{"name":"wp","href":"https:\/\/api.w.org\/{rel}","templated":true}]}}