{"id":226927,"date":"2026-02-05T11:40:52","date_gmt":"2026-02-05T10:40:52","guid":{"rendered":"https:\/\/www.tendenzeshabbychic.it\/prodotto\/edg-vase-cylindre-a-rangs-avec-poignee-en-metal\/"},"modified":"2025-12-22T11:49:52","modified_gmt":"2025-12-22T10:49:52","slug":"edg-vase-cylindre-a-rangs-avec-poignee-en-metal","status":"publish","type":"product","link":"https:\/\/www.tendenzeshabbychic.it\/fr\/produit\/edg-vase-cylindre-a-rangs-avec-poignee-en-metal\/","title":{"rendered":"EDG Vase Cylindre \u00e0 rangs avec poign\u00e9e en m\u00e9tal"},"content":{"rendered":"<p>Cet ensemble de vases cylindriques d&rsquo;Enzo de Gasperi est r\u00e9alis\u00e9 en m\u00e9tal imperm\u00e9able, con\u00e7u pour d\u00e9corer avec style les int\u00e9rieurs pendant la p\u00e9riode de P\u00e2ques et du printemps. La surface est d\u00e9cor\u00e9e de rayures verticales dans des tons pastel de jaune, rose et bleu clair, enrichies d&rsquo;illustrations romantiques de P\u00e2ques avec des lettres, des fleurs et des \u0153ufs. Le bord sup\u00e9rieur ondul\u00e9 avec une finition dor\u00e9e et la poign\u00e9e en m\u00e9tal dor\u00e9 ajoutent une touche \u00e9l\u00e9gante et raffin\u00e9e. Parfaits comme porte-vases, paniers d\u00e9coratifs ou porte-\u0153ufs et petits cadeaux, ils sont \u00e9galement id\u00e9aux pour \u00eatre pr\u00e9sent\u00e9s ensemble afin d&rsquo;obtenir un effet coordonn\u00e9 et sc\u00e9nique.   <\/p>\n<ul>\n<li>M\u00e9tal \u00e9tanche convenant \u00e0 une utilisation en int\u00e9rieur<\/li>\n<li>D\u00e9corations de P\u00e2ques romantiques avec des rayures pastel<\/li>\n<li>Bord ondul\u00e9 avec finition dor\u00e9e<\/li>\n<li>Poign\u00e9e en m\u00e9tal dor\u00e9, pratique et d\u00e9corative<\/li>\n<li>Id\u00e9al pour les paniers de P\u00e2ques, les vases ou les r\u00e9cipients d\u00e9coratifs.<\/li>\n<\/ul>\n","protected":false},"excerpt":{"rendered":"<p>Vase cylindrique en m\u00e9tal imperm\u00e9able avec des rayures pastel et une anse dor\u00e9e. Disponible en 3 tailles et couleurs assorties, id\u00e9al pour P\u00e2ques. <\/p>\n<p>\ud83d\udccf <strong>Dimensions<\/strong><br \/>\nLarge (jaune) : H 28 x L 19 x P 19 cm<br \/>\nMedium (rose) : H 25 x L 15 x P 15 cm<br \/>\nSmall (light blue) : H 20 x L 12 x P 12 cm<\/p>\n","protected":false},"featured_media":226915,"comment_status":"open","ping_status":"closed","template":"","meta":{"_joinchat":[]},"pwb-brand":[1564],"product_brand":[],"product_cat":[1526,1505,1609],"product_tag":[1300],"class_list":{"0":"post-226927","1":"product","2":"type-product","3":"status-publish","4":"has-post-thumbnail","6":"pwb-brand-edg-fr","7":"product_cat-vases","8":"product_cat-objets","9":"product_cat-paques","10":"product_tag-fatto-a-mano-fr","12":"first","13":"instock","14":"sale","15":"taxable","16":"shipping-taxable","17":"purchasable","18":"product-type-variable"},"brands":[{"id":1564,"name":"EDG \u2013 Enzo De Gasperi","slug":"edg-fr"}],"_links":{"self":[{"href":"https:\/\/www.tendenzeshabbychic.it\/fr\/wp-json\/wp\/v2\/product\/226927","targetHints":{"allow":["GET"]}}],"collection":[{"href":"https:\/\/www.tendenzeshabbychic.it\/fr\/wp-json\/wp\/v2\/product"}],"about":[{"href":"https:\/\/www.tendenzeshabbychic.it\/fr\/wp-json\/wp\/v2\/types\/product"}],"replies":[{"embeddable":true,"href":"https:\/\/www.tendenzeshabbychic.it\/fr\/wp-json\/wp\/v2\/comments?post=226927"}],"wp:featuredmedia":[{"embeddable":true,"href":"https:\/\/www.tendenzeshabbychic.it\/fr\/wp-json\/wp\/v2\/media\/226915"}],"wp:attachment":[{"href":"https:\/\/www.tendenzeshabbychic.it\/fr\/wp-json\/wp\/v2\/media?parent=226927"}],"wp:term":[{"taxonomy":"pwb-brand","embeddable":true,"href":"https:\/\/www.tendenzeshabbychic.it\/fr\/wp-json\/wp\/v2\/pwb-brand?post=226927"},{"taxonomy":"product_brand","embeddable":true,"href":"https:\/\/www.tendenzeshabbychic.it\/fr\/wp-json\/wp\/v2\/product_brand?post=226927"},{"taxonomy":"product_cat","embeddable":true,"href":"https:\/\/www.tendenzeshabbychic.it\/fr\/wp-json\/wp\/v2\/product_cat?post=226927"},{"taxonomy":"product_tag","embeddable":true,"href":"https:\/\/www.tendenzeshabbychic.it\/fr\/wp-json\/wp\/v2\/product_tag?post=226927"}],"curies":[{"name":"wp","href":"https:\/\/api.w.org\/{rel}","templated":true}]}}